{"id":20754,"date":"2026-04-22T11:14:07","date_gmt":"2026-04-22T14:14:07","guid":{"rendered":"https:\/\/mendozatours.com.ar\/reserva\/ski-day-las-lenas\/"},"modified":"2026-04-27T18:34:55","modified_gmt":"2026-04-27T21:34:55","slug":"ski-day-las-lenas","status":"publish","type":"product","link":"https:\/\/mendozatours.com.ar\/pt\/reserva\/ski-day-las-lenas\/","title":{"rendered":"Dia de esqui em Las Le\u00f1as"},"content":{"rendered":"<p>Descubra Las Le\u00f1as, um destino paradis\u00edaco no cora\u00e7\u00e3o do Parque Nacional de Las Vegas. <a href=\"https:\/\/mendozatours.com.ar\/pt\/tours\/el-camino-de-alta-montana\/\">Cordilheira dos Andes<\/a>Fica a apenas 79 km da cidade de Malarg\u00fce. \u00c9 a <a href=\"https:\/\/mendozatours.com.ar\/pt\/tours\/ski-day-los-puquios\/\">esta\u00e7\u00e3o de esqui<\/a> mais perto de <a href=\"https:\/\/mendozatours.com.ar\/pt\/tours\/\">Mendoza<\/a> e um dos mais pr\u00f3ximos de Buenos Aires.<\/p>\n\n\n\n<p>\u00c9 internacionalmente conhecida por suas condi\u00e7\u00f5es ideais para a pr\u00e1tica de esqui e snowboard no inverno e por ser a <strong>segunda maior da Am\u00e9rica Latina<\/strong> depois do Valle Nevado no Chile.<\/p>\n\n\n\n<p>Com 14 telef\u00e9ricos e 29 pistas classificadas para todos os n\u00edveis, Las Le\u00f1as oferece uma \u00e1rea de esqui de aproximadamente 65 km, incluindo a descida mais longa do pa\u00eds, com 7.050 metros conectando as pistas Apolo, Neptuno e V\u00eanus.<\/p>\n\n\n\n<p>Al\u00e9m de suas impressionantes pistas, Las Le\u00f1as oferece paisagens deslumbrantes de colinas sob um c\u00e9u azul sem igual, que tamb\u00e9m podem ser apreciadas no ver\u00e3o. Nesse para\u00edso andino, voc\u00ea encontrar\u00e1 um ambiente aconchegante com op\u00e7\u00f5es gastron\u00f4micas em seu restaurante e lanchonete, al\u00e9m de aluguel de equipamentos de esqui. Pr\u00f3ximo a <strong><a href=\"https:\/\/mendozatours.com.ar\/pt\/\">Passeios Lauke<\/a><\/strong> voc\u00ea levar\u00e1 consigo lembran\u00e7as inesquec\u00edveis do melhor dos melhores <strong>Est\u00e2ncia de esqui da Argentina<\/strong>. <\/p>\n\n\n\n<p>Venha viver uma experi\u00eancia de inverno inesquec\u00edvel no <a href=\"https:\/\/mendozatours.com.ar\/pt\/categoria\/grupales\/\">grupos<\/a>!<\/p>","protected":false},"excerpt":{"rendered":"<p>Descubre Las Le\u00f1as, un destino paradis\u00edaco en pleno coraz\u00f3n de la Cordillera de Los Andes, a solo 79 km de la ciudad de Malarg\u00fce. Es el centro de ski m\u00e1s cercano a Mendoza y uno de los m\u00e1s pr\u00f3ximos a Buenos Aires. Es famoso internacionalmente por sus condiciones ideales para esquiar y hacer snowboard en [&hellip;]<\/p>\n","protected":false},"featured_media":7307,"template":"","meta":{"_joinchat":[]},"product_brand":[],"product_cat":[271,228],"product_tag":[],"giftcard-category":[],"ubicaciones":[],"class_list":{"0":"post-20754","1":"product","2":"type-product","3":"status-publish","4":"has-post-thumbnail","6":"product_cat-nieve","7":"product_cat-reservas","9":"first","10":"instock","11":"taxable","12":"shipping-taxable","13":"product-type-simple"},"yoast_head":"<!-- This site is optimized with the Yoast SEO plugin v27.3 - https:\/\/yoast.com\/product\/yoast-seo-wordpress\/ -->\n<title>Tour al Centro de Ski Las Le\u00f1as, Malarg\u00fce | Lauke Tours<\/title>\n<meta name=\"description\" content=\"Visita la nieve con Lauke Tours en un d\u00eda en Las Le\u00f1as, en el mejor Centro de ski de Argentina y el segundo m\u00e1s grande de Sudam\u00e9rica.\" \/>\n<meta name=\"robots\" content=\"noindex, follow\" \/>\n<meta property=\"og:locale\" content=\"pt_BR\" \/>\n<meta property=\"og:type\" content=\"article\" \/>\n<meta property=\"og:title\" content=\"Tour al Centro de Ski Las Le\u00f1as, Malarg\u00fce | Lauke Tours\" \/>\n<meta property=\"og:description\" content=\"Visita la nieve con Lauke Tours en un d\u00eda en Las Le\u00f1as, en el mejor Centro de ski de Argentina y el segundo m\u00e1s grande de Sudam\u00e9rica.\" \/>\n<meta property=\"og:url\" content=\"https:\/\/mendozatours.com.ar\/pt\/reserva\/ski-day-las-lenas\/\" \/>\n<meta property=\"og:site_name\" content=\"Mendoza Tours\" \/>\n<meta property=\"article:publisher\" content=\"https:\/\/www.facebook.com\/people\/Lauke-Mendoza-Tours\/100083604391080\/\" \/>\n<meta property=\"article:modified_time\" content=\"2026-04-27T21:34:55+00:00\" \/>\n<meta property=\"og:image\" content=\"https:\/\/mendozatours.com.ar\/wp-content\/uploads\/2024\/06\/Las-Lenas-Telesilla-Lauke-Tours-scaled-e1718389826515.jpg\" \/>\n\t<meta property=\"og:image:width\" content=\"2167\" \/>\n\t<meta property=\"og:image:height\" content=\"1412\" \/>\n\t<meta property=\"og:image:type\" content=\"image\/jpeg\" \/>\n<meta name=\"twitter:card\" content=\"summary_large_image\" \/>\n<!-- \/ Yoast SEO plugin. -->","yoast_head_json":{"title":"Excurs\u00e3o \u00e0 esta\u00e7\u00e3o de esqui Las Le\u00f1as, Malarg\u00fce | Lauke Tours","description":"Visite a neve com a Lauke Tours por um dia em Las Le\u00f1as, a melhor esta\u00e7\u00e3o de esqui da Argentina e a segunda maior da Am\u00e9rica do Sul.","robots":{"index":"noindex","follow":"follow"},"og_locale":"pt_BR","og_type":"article","og_title":"Tour al Centro de Ski Las Le\u00f1as, Malarg\u00fce | Lauke Tours","og_description":"Visita la nieve con Lauke Tours en un d\u00eda en Las Le\u00f1as, en el mejor Centro de ski de Argentina y el segundo m\u00e1s grande de Sudam\u00e9rica.","og_url":"https:\/\/mendozatours.com.ar\/pt\/reserva\/ski-day-las-lenas\/","og_site_name":"Mendoza Tours","article_publisher":"https:\/\/www.facebook.com\/people\/Lauke-Mendoza-Tours\/100083604391080\/","article_modified_time":"2026-04-27T21:34:55+00:00","og_image":[{"width":2167,"height":1412,"url":"https:\/\/mendozatours.com.ar\/wp-content\/uploads\/2024\/06\/Las-Lenas-Telesilla-Lauke-Tours-scaled-e1718389826515.jpg","type":"image\/jpeg"}],"twitter_card":"summary_large_image","schema":{"@context":"https:\/\/schema.org","@graph":[{"@type":"WebPage","@id":"https:\/\/mendozatours.com.ar\/reserva\/ski-day-las-lenas\/","url":"https:\/\/mendozatours.com.ar\/reserva\/ski-day-las-lenas\/","name":"Excurs\u00e3o \u00e0 esta\u00e7\u00e3o de esqui Las Le\u00f1as, Malarg\u00fce | Lauke Tours","isPartOf":{"@id":"https:\/\/mendozatours.com.ar\/#website"},"primaryImageOfPage":{"@id":"https:\/\/mendozatours.com.ar\/reserva\/ski-day-las-lenas\/#primaryimage"},"image":{"@id":"https:\/\/mendozatours.com.ar\/reserva\/ski-day-las-lenas\/#primaryimage"},"thumbnailUrl":"https:\/\/mendozatours.com.ar\/wp-content\/uploads\/2024\/06\/Las-Lenas-Telesilla-Lauke-Tours-scaled-e1718389826515.jpg","datePublished":"2026-04-22T14:14:07+00:00","dateModified":"2026-04-27T21:34:55+00:00","description":"Visite a neve com a Lauke Tours por um dia em Las Le\u00f1as, a melhor esta\u00e7\u00e3o de esqui da Argentina e a segunda maior da Am\u00e9rica do Sul.","breadcrumb":{"@id":"https:\/\/mendozatours.com.ar\/reserva\/ski-day-las-lenas\/#breadcrumb"},"inLanguage":"pt-BR","potentialAction":[{"@type":"ReadAction","target":["https:\/\/mendozatours.com.ar\/reserva\/ski-day-las-lenas\/"]}]},{"@type":"ImageObject","inLanguage":"pt-BR","@id":"https:\/\/mendozatours.com.ar\/reserva\/ski-day-las-lenas\/#primaryimage","url":"https:\/\/mendozatours.com.ar\/wp-content\/uploads\/2024\/06\/Las-Lenas-Telesilla-Lauke-Tours-scaled-e1718389826515.jpg","contentUrl":"https:\/\/mendozatours.com.ar\/wp-content\/uploads\/2024\/06\/Las-Lenas-Telesilla-Lauke-Tours-scaled-e1718389826515.jpg","width":2167,"height":1412},{"@type":"BreadcrumbList","@id":"https:\/\/mendozatours.com.ar\/reserva\/ski-day-las-lenas\/#breadcrumb","itemListElement":[{"@type":"ListItem","position":1,"name":"Home","item":"https:\/\/mendozatours.com.ar\/"},{"@type":"ListItem","position":2,"name":"Productos","item":"https:\/\/mendozatours.com.ar\/shop\/"},{"@type":"ListItem","position":3,"name":"Ski day Las Le\u00f1as"}]},{"@type":"WebSite","@id":"https:\/\/mendozatours.com.ar\/#website","url":"https:\/\/mendozatours.com.ar\/","name":"Lauketours | Tours y actividades","description":"Excurs\u00f5es em Mendoza","publisher":{"@id":"https:\/\/mendozatours.com.ar\/#organization"},"potentialAction":[{"@type":"SearchAction","target":{"@type":"EntryPoint","urlTemplate":"https:\/\/mendozatours.com.ar\/?s={search_term_string}"},"query-input":{"@type":"PropertyValueSpecification","valueRequired":true,"valueName":"search_term_string"}}],"inLanguage":"pt-BR"},{"@type":"Organization","@id":"https:\/\/mendozatours.com.ar\/#organization","name":"Passeios em Mendoza","url":"https:\/\/mendozatours.com.ar\/","logo":{"@type":"ImageObject","inLanguage":"pt-BR","@id":"https:\/\/mendozatours.com.ar\/#\/schema\/logo\/image\/","url":"https:\/\/mendozatours.com.ar\/wp-content\/uploads\/2024\/03\/logolaukevariante-pdf.png","contentUrl":"https:\/\/mendozatours.com.ar\/wp-content\/uploads\/2024\/03\/logolaukevariante-pdf.png","width":2160,"height":548,"caption":"Mendoza Tours"},"image":{"@id":"https:\/\/mendozatours.com.ar\/#\/schema\/logo\/image\/"},"sameAs":["https:\/\/www.facebook.com\/people\/Lauke-Mendoza-Tours\/100083604391080\/","https:\/\/www.instagram.com\/laukemendozatours\/"]}]}},"_links":{"self":[{"href":"https:\/\/mendozatours.com.ar\/pt\/wp-json\/wp\/v2\/product\/20754","targetHints":{"allow":["GET"]}}],"collection":[{"href":"https:\/\/mendozatours.com.ar\/pt\/wp-json\/wp\/v2\/product"}],"about":[{"href":"https:\/\/mendozatours.com.ar\/pt\/wp-json\/wp\/v2\/types\/product"}],"version-history":[{"count":1,"href":"https:\/\/mendozatours.com.ar\/pt\/wp-json\/wp\/v2\/product\/20754\/revisions"}],"predecessor-version":[{"id":20932,"href":"https:\/\/mendozatours.com.ar\/pt\/wp-json\/wp\/v2\/product\/20754\/revisions\/20932"}],"wp:featuredmedia":[{"embeddable":true,"href":"https:\/\/mendozatours.com.ar\/pt\/wp-json\/wp\/v2\/media\/7307"}],"wp:attachment":[{"href":"https:\/\/mendozatours.com.ar\/pt\/wp-json\/wp\/v2\/media?parent=20754"}],"wp:term":[{"taxonomy":"product_brand","embeddable":true,"href":"https:\/\/mendozatours.com.ar\/pt\/wp-json\/wp\/v2\/product_brand?post=20754"},{"taxonomy":"product_cat","embeddable":true,"href":"https:\/\/mendozatours.com.ar\/pt\/wp-json\/wp\/v2\/product_cat?post=20754"},{"taxonomy":"product_tag","embeddable":true,"href":"https:\/\/mendozatours.com.ar\/pt\/wp-json\/wp\/v2\/product_tag?post=20754"},{"taxonomy":"giftcard-category","embeddable":true,"href":"https:\/\/mendozatours.com.ar\/pt\/wp-json\/wp\/v2\/giftcard-category?post=20754"},{"taxonomy":"ubicaciones","embeddable":true,"href":"https:\/\/mendozatours.com.ar\/pt\/wp-json\/wp\/v2\/ubicaciones?post=20754"}],"curies":[{"name":"wp","href":"https:\/\/api.w.org\/{rel}","templated":true}]}}