{"id":20753,"date":"2026-04-22T11:14:07","date_gmt":"2026-04-22T14:14:07","guid":{"rendered":"https:\/\/mendozatours.com.ar\/reserva\/ski-day-los-puquios\/"},"modified":"2026-04-27T18:34:55","modified_gmt":"2026-04-27T21:34:55","slug":"ski-day-los-puquios","status":"publish","type":"product","link":"https:\/\/mendozatours.com.ar\/pt\/reserva\/ski-day-los-puquios\/","title":{"rendered":"Dia de esqui em Los Puquios"},"content":{"rendered":"<p>Convidamos voc\u00ea a passar um dia inesquec\u00edvel no<strong> Parque de neve Los Puquios<\/strong>ideal para o aprendizado, <a href=\"https:\/\/mendozatours.com.ar\/pt\/blog\/que-se-hace-en-mendoza-en-invierno\/\">Conhecendo a neve<\/a> tirar as melhores fotos e <a href=\"https:\/\/mendozatours.com.ar\/pt\/categoria\/grupales\/\">desfrutar com a fam\u00edlia ou amigos<\/a>. Localizado a 185 km da cidade de Mendoza e a 2.680 metros acima do n\u00edvel do mar, Los Puquios oferece neve de excelente qualidade para aqueles que desejam desafiar a montanha.<\/p>\n\n\n\n<p>Esse parque est\u00e1 localizado na National Route 7, na <strong>zona de <a href=\"https:\/\/mendozatours.com.ar\/pt\/tours\/el-camino-de-alta-montana\/\">Alta montanha<\/a><\/strong>com 4 hectares de terreno esqui\u00e1vel e mais de 10 pistas de dificuldades variadas para <a href=\"https:\/\/mendozatours.com.ar\/pt\/tours\/ski-day-las-lenas\/\">esqui<\/a> e outros esportes de neve. E voc\u00ea n\u00e3o precisar\u00e1 se preocupar com onde comer, pois h\u00e1 um restaurante e lanchonete que oferece lanches e refei\u00e7\u00f5es r\u00e1pidas. Para sua conveni\u00eancia, h\u00e1 tamb\u00e9m aluguel de equipamentos de neve, estacionamento e uma \u00e1rea ideal para piqueniques e passeios de tren\u00f3.<\/p>\n\n\n\n<p>Para saber os pre\u00e7os de entrada no parque, acesse <a href=\"https:\/\/puquios.com.ar\/tarifario\/\"><strong>aqui<\/strong><\/a>.<\/p>\n\n\n\n<p>Viva uma experi\u00eancia de inverno inesquec\u00edvel em Los Puquios!<\/p>\n\n\n\n<p><\/p>","protected":false},"excerpt":{"rendered":"<p>Te invitamos a pasar un d\u00eda inolvidable en el Parque de Nieve Los Puquios, ideal para aprender, conocer la nieve , tomar las mejores fotos y disfrutar en familia o con amigos. Ubicado a 185 km de la ciudad de Mendoza y a 2.680 metros sobre el nivel del mar, Los Puquios ofrece una nieve [&hellip;]<\/p>\n","protected":false},"featured_media":7308,"template":"","meta":{"_joinchat":[]},"product_brand":[],"product_cat":[271,228],"product_tag":[],"giftcard-category":[],"ubicaciones":[],"class_list":{"0":"post-20753","1":"product","2":"type-product","3":"status-publish","4":"has-post-thumbnail","6":"product_cat-nieve","7":"product_cat-reservas","9":"first","10":"instock","11":"taxable","12":"shipping-taxable","13":"product-type-simple"},"yoast_head":"<!-- This site is optimized with the Yoast SEO plugin v27.3 - https:\/\/yoast.com\/product\/yoast-seo-wordpress\/ -->\n<title>Traslado al Parque de Nieve Los Puquios | Lauke Tours<\/title>\n<meta name=\"description\" content=\"Conoce el Parque Los Puquios en Mendoza. Disfruta de esta actividad en la nieve, ideal para toda la familia y principiantes.\" \/>\n<meta name=\"robots\" content=\"noindex, follow\" \/>\n<meta property=\"og:locale\" content=\"pt_BR\" \/>\n<meta property=\"og:type\" content=\"article\" \/>\n<meta property=\"og:title\" content=\"Traslado al Parque de Nieve Los Puquios | Lauke Tours\" \/>\n<meta property=\"og:description\" content=\"Conoce el Parque Los Puquios en Mendoza. Disfruta de esta actividad en la nieve, ideal para toda la familia y principiantes.\" \/>\n<meta property=\"og:url\" content=\"https:\/\/mendozatours.com.ar\/pt\/reserva\/ski-day-los-puquios\/\" \/>\n<meta property=\"og:site_name\" content=\"Mendoza Tours\" \/>\n<meta property=\"article:publisher\" content=\"https:\/\/www.facebook.com\/people\/Lauke-Mendoza-Tours\/100083604391080\/\" \/>\n<meta property=\"article:modified_time\" content=\"2026-04-27T21:34:55+00:00\" \/>\n<meta property=\"og:image\" content=\"https:\/\/mendozatours.com.ar\/wp-content\/uploads\/2024\/06\/Los-Puquios-Muneco-de-nieve-Lauke-Tours.jpg\" \/>\n\t<meta property=\"og:image:width\" content=\"1024\" \/>\n\t<meta property=\"og:image:height\" content=\"768\" \/>\n\t<meta property=\"og:image:type\" content=\"image\/jpeg\" \/>\n<meta name=\"twitter:card\" content=\"summary_large_image\" \/>\n<!-- \/ Yoast SEO plugin. -->","yoast_head_json":{"title":"Traslado para o Parque de Neve Los Puquios | Lauke Tours","description":"Conhe\u00e7a o Parque Los Puquios em Mendoza. Desfrute dessa atividade na neve, ideal para toda a fam\u00edlia e para iniciantes.","robots":{"index":"noindex","follow":"follow"},"og_locale":"pt_BR","og_type":"article","og_title":"Traslado al Parque de Nieve Los Puquios | Lauke Tours","og_description":"Conoce el Parque Los Puquios en Mendoza. Disfruta de esta actividad en la nieve, ideal para toda la familia y principiantes.","og_url":"https:\/\/mendozatours.com.ar\/pt\/reserva\/ski-day-los-puquios\/","og_site_name":"Mendoza Tours","article_publisher":"https:\/\/www.facebook.com\/people\/Lauke-Mendoza-Tours\/100083604391080\/","article_modified_time":"2026-04-27T21:34:55+00:00","og_image":[{"width":1024,"height":768,"url":"https:\/\/mendozatours.com.ar\/wp-content\/uploads\/2024\/06\/Los-Puquios-Muneco-de-nieve-Lauke-Tours.jpg","type":"image\/jpeg"}],"twitter_card":"summary_large_image","schema":{"@context":"https:\/\/schema.org","@graph":[{"@type":"WebPage","@id":"https:\/\/mendozatours.com.ar\/reserva\/ski-day-los-puquios\/","url":"https:\/\/mendozatours.com.ar\/reserva\/ski-day-los-puquios\/","name":"Traslado para o Parque de Neve Los Puquios | Lauke Tours","isPartOf":{"@id":"https:\/\/mendozatours.com.ar\/#website"},"primaryImageOfPage":{"@id":"https:\/\/mendozatours.com.ar\/reserva\/ski-day-los-puquios\/#primaryimage"},"image":{"@id":"https:\/\/mendozatours.com.ar\/reserva\/ski-day-los-puquios\/#primaryimage"},"thumbnailUrl":"https:\/\/mendozatours.com.ar\/wp-content\/uploads\/2024\/06\/Los-Puquios-Muneco-de-nieve-Lauke-Tours.jpg","datePublished":"2026-04-22T14:14:07+00:00","dateModified":"2026-04-27T21:34:55+00:00","description":"Conhe\u00e7a o Parque Los Puquios em Mendoza. Desfrute dessa atividade na neve, ideal para toda a fam\u00edlia e para iniciantes.","breadcrumb":{"@id":"https:\/\/mendozatours.com.ar\/reserva\/ski-day-los-puquios\/#breadcrumb"},"inLanguage":"pt-BR","potentialAction":[{"@type":"ReadAction","target":["https:\/\/mendozatours.com.ar\/reserva\/ski-day-los-puquios\/"]}]},{"@type":"ImageObject","inLanguage":"pt-BR","@id":"https:\/\/mendozatours.com.ar\/reserva\/ski-day-los-puquios\/#primaryimage","url":"https:\/\/mendozatours.com.ar\/wp-content\/uploads\/2024\/06\/Los-Puquios-Muneco-de-nieve-Lauke-Tours.jpg","contentUrl":"https:\/\/mendozatours.com.ar\/wp-content\/uploads\/2024\/06\/Los-Puquios-Muneco-de-nieve-Lauke-Tours.jpg","width":1024,"height":768},{"@type":"BreadcrumbList","@id":"https:\/\/mendozatours.com.ar\/reserva\/ski-day-los-puquios\/#breadcrumb","itemListElement":[{"@type":"ListItem","position":1,"name":"Home","item":"https:\/\/mendozatours.com.ar\/"},{"@type":"ListItem","position":2,"name":"Productos","item":"https:\/\/mendozatours.com.ar\/shop\/"},{"@type":"ListItem","position":3,"name":"Ski day Los Puquios"}]},{"@type":"WebSite","@id":"https:\/\/mendozatours.com.ar\/#website","url":"https:\/\/mendozatours.com.ar\/","name":"Lauketours | Tours y actividades","description":"Excurs\u00f5es em Mendoza","publisher":{"@id":"https:\/\/mendozatours.com.ar\/#organization"},"potentialAction":[{"@type":"SearchAction","target":{"@type":"EntryPoint","urlTemplate":"https:\/\/mendozatours.com.ar\/?s={search_term_string}"},"query-input":{"@type":"PropertyValueSpecification","valueRequired":true,"valueName":"search_term_string"}}],"inLanguage":"pt-BR"},{"@type":"Organization","@id":"https:\/\/mendozatours.com.ar\/#organization","name":"Passeios em Mendoza","url":"https:\/\/mendozatours.com.ar\/","logo":{"@type":"ImageObject","inLanguage":"pt-BR","@id":"https:\/\/mendozatours.com.ar\/#\/schema\/logo\/image\/","url":"https:\/\/mendozatours.com.ar\/wp-content\/uploads\/2024\/03\/logolaukevariante-pdf.png","contentUrl":"https:\/\/mendozatours.com.ar\/wp-content\/uploads\/2024\/03\/logolaukevariante-pdf.png","width":2160,"height":548,"caption":"Mendoza Tours"},"image":{"@id":"https:\/\/mendozatours.com.ar\/#\/schema\/logo\/image\/"},"sameAs":["https:\/\/www.facebook.com\/people\/Lauke-Mendoza-Tours\/100083604391080\/","https:\/\/www.instagram.com\/laukemendozatours\/"]}]}},"_links":{"self":[{"href":"https:\/\/mendozatours.com.ar\/pt\/wp-json\/wp\/v2\/product\/20753","targetHints":{"allow":["GET"]}}],"collection":[{"href":"https:\/\/mendozatours.com.ar\/pt\/wp-json\/wp\/v2\/product"}],"about":[{"href":"https:\/\/mendozatours.com.ar\/pt\/wp-json\/wp\/v2\/types\/product"}],"version-history":[{"count":1,"href":"https:\/\/mendozatours.com.ar\/pt\/wp-json\/wp\/v2\/product\/20753\/revisions"}],"predecessor-version":[{"id":20931,"href":"https:\/\/mendozatours.com.ar\/pt\/wp-json\/wp\/v2\/product\/20753\/revisions\/20931"}],"wp:featuredmedia":[{"embeddable":true,"href":"https:\/\/mendozatours.com.ar\/pt\/wp-json\/wp\/v2\/media\/7308"}],"wp:attachment":[{"href":"https:\/\/mendozatours.com.ar\/pt\/wp-json\/wp\/v2\/media?parent=20753"}],"wp:term":[{"taxonomy":"product_brand","embeddable":true,"href":"https:\/\/mendozatours.com.ar\/pt\/wp-json\/wp\/v2\/product_brand?post=20753"},{"taxonomy":"product_cat","embeddable":true,"href":"https:\/\/mendozatours.com.ar\/pt\/wp-json\/wp\/v2\/product_cat?post=20753"},{"taxonomy":"product_tag","embeddable":true,"href":"https:\/\/mendozatours.com.ar\/pt\/wp-json\/wp\/v2\/product_tag?post=20753"},{"taxonomy":"giftcard-category","embeddable":true,"href":"https:\/\/mendozatours.com.ar\/pt\/wp-json\/wp\/v2\/giftcard-category?post=20753"},{"taxonomy":"ubicaciones","embeddable":true,"href":"https:\/\/mendozatours.com.ar\/pt\/wp-json\/wp\/v2\/ubicaciones?post=20753"}],"curies":[{"name":"wp","href":"https:\/\/api.w.org\/{rel}","templated":true}]}}