{"id":20750,"date":"2026-04-22T11:12:50","date_gmt":"2026-04-22T14:12:50","guid":{"rendered":"https:\/\/mendozatours.com.ar\/reserva\/trekking-al-campo-base-confluencia-aconcagua\/"},"modified":"2026-04-27T17:57:56","modified_gmt":"2026-04-27T20:57:56","slug":"trekking-al-campo-base-confluencia-aconcagua","status":"publish","type":"product","link":"https:\/\/mendozatours.com.ar\/pt\/reserva\/trekking-al-campo-base-confluencia-aconcagua\/","title":{"rendered":"Trekking ao Acampamento Base do Aconc\u00e1gua Conflu\u00eancia"},"content":{"rendered":"","protected":false},"excerpt":{"rendered":"","protected":false},"featured_media":3682,"template":"","meta":{"_joinchat":[]},"product_brand":[],"product_cat":[261,262,228],"product_tag":[],"giftcard-category":[],"ubicaciones":[],"class_list":{"0":"post-20750","1":"product","2":"type-product","3":"status-publish","4":"has-post-thumbnail","6":"product_cat-aconcagua","7":"product_cat-aventura","8":"product_cat-reservas","10":"first","11":"instock","12":"taxable","13":"shipping-taxable","14":"product-type-simple"},"yoast_head":"<!-- This site is optimized with the Yoast SEO plugin v27.3 - https:\/\/yoast.com\/product\/yoast-seo-wordpress\/ -->\n<title>Trekking al campo base Confluencia Aconcagua | Lauke Tours<\/title>\n<meta name=\"description\" content=\"Vive una experiencia emocionante de d\u00eda completo, donde conocermos el inicio de la traves\u00eda al Aconcagua: el campamento base Confluencia.\" \/>\n<meta name=\"robots\" content=\"noindex, follow\" \/>\n<meta property=\"og:locale\" content=\"pt_BR\" \/>\n<meta property=\"og:type\" content=\"article\" \/>\n<meta property=\"og:title\" content=\"Trekking al campo base Confluencia Aconcagua | Lauke Tours\" \/>\n<meta property=\"og:description\" content=\"Vive una experiencia emocionante de d\u00eda completo, donde conocermos el inicio de la traves\u00eda al Aconcagua: el campamento base Confluencia.\" \/>\n<meta property=\"og:url\" content=\"https:\/\/mendozatours.com.ar\/pt\/reserva\/trekking-al-campo-base-confluencia-aconcagua\/\" \/>\n<meta property=\"og:site_name\" content=\"Mendoza Tours\" \/>\n<meta property=\"article:publisher\" content=\"https:\/\/www.facebook.com\/people\/Lauke-Mendoza-Tours\/100083604391080\/\" \/>\n<meta property=\"article:modified_time\" content=\"2026-04-27T20:57:56+00:00\" \/>\n<meta property=\"og:image\" content=\"https:\/\/mendozatours.com.ar\/wp-content\/uploads\/2023\/12\/Expe_Aconcagua-Entrada_Confluencia-78-scaled.jpg\" \/>\n\t<meta property=\"og:image:width\" content=\"2560\" \/>\n\t<meta property=\"og:image:height\" content=\"1696\" \/>\n\t<meta property=\"og:image:type\" content=\"image\/jpeg\" \/>\n<meta name=\"twitter:card\" content=\"summary_large_image\" \/>\n<!-- \/ Yoast SEO plugin. -->","yoast_head_json":{"title":"Trekking ao acampamento base do Aconc\u00e1gua Conflu\u00eancia | Lauke Tours","description":"Viva uma experi\u00eancia emocionante de um dia inteiro, onde conheceremos o in\u00edcio do trekking do Aconc\u00e1gua: o acampamento base de Conflu\u00eancia.","robots":{"index":"noindex","follow":"follow"},"og_locale":"pt_BR","og_type":"article","og_title":"Trekking al campo base Confluencia Aconcagua | Lauke Tours","og_description":"Vive una experiencia emocionante de d\u00eda completo, donde conocermos el inicio de la traves\u00eda al Aconcagua: el campamento base Confluencia.","og_url":"https:\/\/mendozatours.com.ar\/pt\/reserva\/trekking-al-campo-base-confluencia-aconcagua\/","og_site_name":"Mendoza Tours","article_publisher":"https:\/\/www.facebook.com\/people\/Lauke-Mendoza-Tours\/100083604391080\/","article_modified_time":"2026-04-27T20:57:56+00:00","og_image":[{"width":2560,"height":1696,"url":"https:\/\/mendozatours.com.ar\/wp-content\/uploads\/2023\/12\/Expe_Aconcagua-Entrada_Confluencia-78-scaled.jpg","type":"image\/jpeg"}],"twitter_card":"summary_large_image","schema":{"@context":"https:\/\/schema.org","@graph":[{"@type":"WebPage","@id":"https:\/\/mendozatours.com.ar\/reserva\/trekking-al-campo-base-confluencia-aconcagua\/","url":"https:\/\/mendozatours.com.ar\/reserva\/trekking-al-campo-base-confluencia-aconcagua\/","name":"Trekking ao acampamento base do Aconc\u00e1gua Conflu\u00eancia | Lauke Tours","isPartOf":{"@id":"https:\/\/mendozatours.com.ar\/#website"},"primaryImageOfPage":{"@id":"https:\/\/mendozatours.com.ar\/reserva\/trekking-al-campo-base-confluencia-aconcagua\/#primaryimage"},"image":{"@id":"https:\/\/mendozatours.com.ar\/reserva\/trekking-al-campo-base-confluencia-aconcagua\/#primaryimage"},"thumbnailUrl":"https:\/\/mendozatours.com.ar\/wp-content\/uploads\/2023\/12\/Expe_Aconcagua-Entrada_Confluencia-78-scaled.jpg","datePublished":"2026-04-22T14:12:50+00:00","dateModified":"2026-04-27T20:57:56+00:00","description":"Viva uma experi\u00eancia emocionante de um dia inteiro, onde conheceremos o in\u00edcio do trekking do Aconc\u00e1gua: o acampamento base de Conflu\u00eancia.","breadcrumb":{"@id":"https:\/\/mendozatours.com.ar\/reserva\/trekking-al-campo-base-confluencia-aconcagua\/#breadcrumb"},"inLanguage":"pt-BR","potentialAction":[{"@type":"ReadAction","target":["https:\/\/mendozatours.com.ar\/reserva\/trekking-al-campo-base-confluencia-aconcagua\/"]}]},{"@type":"ImageObject","inLanguage":"pt-BR","@id":"https:\/\/mendozatours.com.ar\/reserva\/trekking-al-campo-base-confluencia-aconcagua\/#primaryimage","url":"https:\/\/mendozatours.com.ar\/wp-content\/uploads\/2023\/12\/Expe_Aconcagua-Entrada_Confluencia-78-scaled.jpg","contentUrl":"https:\/\/mendozatours.com.ar\/wp-content\/uploads\/2023\/12\/Expe_Aconcagua-Entrada_Confluencia-78-scaled.jpg","width":2560,"height":1696},{"@type":"BreadcrumbList","@id":"https:\/\/mendozatours.com.ar\/reserva\/trekking-al-campo-base-confluencia-aconcagua\/#breadcrumb","itemListElement":[{"@type":"ListItem","position":1,"name":"Home","item":"https:\/\/mendozatours.com.ar\/"},{"@type":"ListItem","position":2,"name":"Productos","item":"https:\/\/mendozatours.com.ar\/shop\/"},{"@type":"ListItem","position":3,"name":"Trekking al campo base Confluencia Aconcagua"}]},{"@type":"WebSite","@id":"https:\/\/mendozatours.com.ar\/#website","url":"https:\/\/mendozatours.com.ar\/","name":"Lauketours | Tours y actividades","description":"Excurs\u00f5es em Mendoza","publisher":{"@id":"https:\/\/mendozatours.com.ar\/#organization"},"potentialAction":[{"@type":"SearchAction","target":{"@type":"EntryPoint","urlTemplate":"https:\/\/mendozatours.com.ar\/?s={search_term_string}"},"query-input":{"@type":"PropertyValueSpecification","valueRequired":true,"valueName":"search_term_string"}}],"inLanguage":"pt-BR"},{"@type":"Organization","@id":"https:\/\/mendozatours.com.ar\/#organization","name":"Passeios em Mendoza","url":"https:\/\/mendozatours.com.ar\/","logo":{"@type":"ImageObject","inLanguage":"pt-BR","@id":"https:\/\/mendozatours.com.ar\/#\/schema\/logo\/image\/","url":"https:\/\/mendozatours.com.ar\/wp-content\/uploads\/2024\/03\/logolaukevariante-pdf.png","contentUrl":"https:\/\/mendozatours.com.ar\/wp-content\/uploads\/2024\/03\/logolaukevariante-pdf.png","width":2160,"height":548,"caption":"Mendoza Tours"},"image":{"@id":"https:\/\/mendozatours.com.ar\/#\/schema\/logo\/image\/"},"sameAs":["https:\/\/www.facebook.com\/people\/Lauke-Mendoza-Tours\/100083604391080\/","https:\/\/www.instagram.com\/laukemendozatours\/"]}]}},"_links":{"self":[{"href":"https:\/\/mendozatours.com.ar\/pt\/wp-json\/wp\/v2\/product\/20750","targetHints":{"allow":["GET"]}}],"collection":[{"href":"https:\/\/mendozatours.com.ar\/pt\/wp-json\/wp\/v2\/product"}],"about":[{"href":"https:\/\/mendozatours.com.ar\/pt\/wp-json\/wp\/v2\/types\/product"}],"version-history":[{"count":2,"href":"https:\/\/mendozatours.com.ar\/pt\/wp-json\/wp\/v2\/product\/20750\/revisions"}],"predecessor-version":[{"id":20896,"href":"https:\/\/mendozatours.com.ar\/pt\/wp-json\/wp\/v2\/product\/20750\/revisions\/20896"}],"wp:featuredmedia":[{"embeddable":true,"href":"https:\/\/mendozatours.com.ar\/pt\/wp-json\/wp\/v2\/media\/3682"}],"wp:attachment":[{"href":"https:\/\/mendozatours.com.ar\/pt\/wp-json\/wp\/v2\/media?parent=20750"}],"wp:term":[{"taxonomy":"product_brand","embeddable":true,"href":"https:\/\/mendozatours.com.ar\/pt\/wp-json\/wp\/v2\/product_brand?post=20750"},{"taxonomy":"product_cat","embeddable":true,"href":"https:\/\/mendozatours.com.ar\/pt\/wp-json\/wp\/v2\/product_cat?post=20750"},{"taxonomy":"product_tag","embeddable":true,"href":"https:\/\/mendozatours.com.ar\/pt\/wp-json\/wp\/v2\/product_tag?post=20750"},{"taxonomy":"giftcard-category","embeddable":true,"href":"https:\/\/mendozatours.com.ar\/pt\/wp-json\/wp\/v2\/giftcard-category?post=20750"},{"taxonomy":"ubicaciones","embeddable":true,"href":"https:\/\/mendozatours.com.ar\/pt\/wp-json\/wp\/v2\/ubicaciones?post=20750"}],"curies":[{"name":"wp","href":"https:\/\/api.w.org\/{rel}","templated":true}]}}