{"id":20632,"date":"2026-04-17T17:27:20","date_gmt":"2026-04-17T20:27:20","guid":{"rendered":"https:\/\/mendozatours.com.ar\/reserva\/picada-gourmet-y-visita-clasica-en-bodega-chandon\/"},"modified":"2026-04-17T17:29:36","modified_gmt":"2026-04-17T20:29:36","slug":"picada-gourmet-y-visita-clasica-en-bodega-chandon","status":"publish","type":"product","link":"https:\/\/mendozatours.com.ar\/pt\/reserva\/picada-gourmet-y-visita-clasica-en-bodega-chandon\/","title":{"rendered":"Picada Gourmet y Visita Cl\u00e1sica en Bodega Chandon"},"content":{"rendered":"<p>Descubre la esencia de Bodega Chandon con una experiencia que combina la tradici\u00f3n del espumante con la exclusividad de una picada gourmet al aire libre.<\/p>\n<p>Comienzas el recorrido con la visita y degustaci\u00f3n, donde un gu\u00eda te lleva por los hermosos jardines, el \u00e1rea de enolog\u00eda, los tanques y la cava. Aprendes sobre el proceso de producci\u00f3n de los espumantes mientras exploras estos espacios emblem\u00e1ticos. Al final, disfrutas una degustaci\u00f3n de tres espumantes exclusivos que te permiten conocer la diversidad y la calidad de los productos de la bodega.<\/p>\n<p>Despu\u00e9s, te diriges al jard\u00edn, donde te espera una picada gourmet rodeada de vi\u00f1edos. El chef selecciona cuidadosamente productos locales para acompa\u00f1ar una tarde relajada. Disfrutas una selecci\u00f3n de sabores regionales, acompa\u00f1ada por una copa de espumante de la casa.<\/p>","protected":false},"excerpt":{"rendered":"<p>Descubre la esencia de Bodega Chandon con una experiencia que combina la tradici\u00f3n del espumante con la exclusividad de una picada gourmet al aire libre. Comienzas el recorrido con la visita y degustaci\u00f3n, donde un gu\u00eda te lleva por los hermosos jardines, el \u00e1rea de enolog\u00eda, los tanques y la cava. Aprendes sobre el proceso [&hellip;]<\/p>\n","protected":false},"featured_media":11354,"template":"","meta":{"_joinchat":[]},"product_brand":[],"product_cat":[228],"product_tag":[],"giftcard-category":[],"ubicaciones":[],"class_list":{"0":"post-20632","1":"product","2":"type-product","3":"status-publish","4":"has-post-thumbnail","6":"product_cat-reservas","8":"first","9":"instock","10":"taxable","11":"shipping-taxable","12":"product-type-simple"},"yoast_head":"<!-- This site is optimized with the Yoast SEO plugin v27.3 - https:\/\/yoast.com\/product\/yoast-seo-wordpress\/ -->\n<title>Picada Gourmet y Visita Cl\u00e1sica en Bodega Chandon - Mendoza Tours<\/title>\n<meta name=\"robots\" content=\"noindex, follow\" \/>\n<meta property=\"og:locale\" content=\"pt_BR\" \/>\n<meta property=\"og:type\" content=\"article\" \/>\n<meta property=\"og:title\" content=\"Picada Gourmet y Visita Cl\u00e1sica en Bodega Chandon - Mendoza Tours\" \/>\n<meta property=\"og:description\" content=\"Descubre la esencia de Bodega Chandon con una experiencia que combina la tradici\u00f3n del espumante con la exclusividad de una picada gourmet al aire libre. Comienzas el recorrido con la visita y degustaci\u00f3n, donde un gu\u00eda te lleva por los hermosos jardines, el \u00e1rea de enolog\u00eda, los tanques y la cava. Aprendes sobre el proceso [&hellip;]\" \/>\n<meta property=\"og:url\" content=\"https:\/\/mendozatours.com.ar\/pt\/reserva\/picada-gourmet-y-visita-clasica-en-bodega-chandon\/\" \/>\n<meta property=\"og:site_name\" content=\"Mendoza Tours\" \/>\n<meta property=\"article:publisher\" content=\"https:\/\/www.facebook.com\/people\/Lauke-Mendoza-Tours\/100083604391080\/\" \/>\n<meta property=\"article:modified_time\" content=\"2026-04-17T20:29:36+00:00\" \/>\n<meta property=\"og:image\" content=\"https:\/\/mendozatours.com.ar\/wp-content\/uploads\/2024\/11\/PICADA-HORIZONTAL-2024-.-Alta-scaled.jpg\" \/>\n\t<meta property=\"og:image:width\" content=\"2560\" \/>\n\t<meta property=\"og:image:height\" content=\"1708\" \/>\n\t<meta property=\"og:image:type\" content=\"image\/jpeg\" \/>\n<meta name=\"twitter:card\" content=\"summary_large_image\" \/>\n<!-- \/ Yoast SEO plugin. -->","yoast_head_json":{"title":"Picada Gourmet y Visita Cl\u00e1sica en Bodega Chandon - Mendoza Tours","robots":{"index":"noindex","follow":"follow"},"og_locale":"pt_BR","og_type":"article","og_title":"Picada Gourmet y Visita Cl\u00e1sica en Bodega Chandon - Mendoza Tours","og_description":"Descubre la esencia de Bodega Chandon con una experiencia que combina la tradici\u00f3n del espumante con la exclusividad de una picada gourmet al aire libre. Comienzas el recorrido con la visita y degustaci\u00f3n, donde un gu\u00eda te lleva por los hermosos jardines, el \u00e1rea de enolog\u00eda, los tanques y la cava. Aprendes sobre el proceso [&hellip;]","og_url":"https:\/\/mendozatours.com.ar\/pt\/reserva\/picada-gourmet-y-visita-clasica-en-bodega-chandon\/","og_site_name":"Mendoza Tours","article_publisher":"https:\/\/www.facebook.com\/people\/Lauke-Mendoza-Tours\/100083604391080\/","article_modified_time":"2026-04-17T20:29:36+00:00","og_image":[{"width":2560,"height":1708,"url":"https:\/\/mendozatours.com.ar\/wp-content\/uploads\/2024\/11\/PICADA-HORIZONTAL-2024-.-Alta-scaled.jpg","type":"image\/jpeg"}],"twitter_card":"summary_large_image","schema":{"@context":"https:\/\/schema.org","@graph":[{"@type":"WebPage","@id":"https:\/\/mendozatours.com.ar\/reserva\/picada-gourmet-y-visita-clasica-en-bodega-chandon\/","url":"https:\/\/mendozatours.com.ar\/reserva\/picada-gourmet-y-visita-clasica-en-bodega-chandon\/","name":"Picada Gourmet y Visita Cl\u00e1sica en Bodega Chandon - Mendoza Tours","isPartOf":{"@id":"https:\/\/mendozatours.com.ar\/#website"},"primaryImageOfPage":{"@id":"https:\/\/mendozatours.com.ar\/reserva\/picada-gourmet-y-visita-clasica-en-bodega-chandon\/#primaryimage"},"image":{"@id":"https:\/\/mendozatours.com.ar\/reserva\/picada-gourmet-y-visita-clasica-en-bodega-chandon\/#primaryimage"},"thumbnailUrl":"https:\/\/mendozatours.com.ar\/wp-content\/uploads\/2024\/11\/PICADA-HORIZONTAL-2024-.-Alta-scaled.jpg","datePublished":"2026-04-17T20:27:20+00:00","dateModified":"2026-04-17T20:29:36+00:00","breadcrumb":{"@id":"https:\/\/mendozatours.com.ar\/reserva\/picada-gourmet-y-visita-clasica-en-bodega-chandon\/#breadcrumb"},"inLanguage":"pt-BR","potentialAction":[{"@type":"ReadAction","target":["https:\/\/mendozatours.com.ar\/reserva\/picada-gourmet-y-visita-clasica-en-bodega-chandon\/"]}]},{"@type":"ImageObject","inLanguage":"pt-BR","@id":"https:\/\/mendozatours.com.ar\/reserva\/picada-gourmet-y-visita-clasica-en-bodega-chandon\/#primaryimage","url":"https:\/\/mendozatours.com.ar\/wp-content\/uploads\/2024\/11\/PICADA-HORIZONTAL-2024-.-Alta-scaled.jpg","contentUrl":"https:\/\/mendozatours.com.ar\/wp-content\/uploads\/2024\/11\/PICADA-HORIZONTAL-2024-.-Alta-scaled.jpg","width":2560,"height":1708},{"@type":"BreadcrumbList","@id":"https:\/\/mendozatours.com.ar\/reserva\/picada-gourmet-y-visita-clasica-en-bodega-chandon\/#breadcrumb","itemListElement":[{"@type":"ListItem","position":1,"name":"Home","item":"https:\/\/mendozatours.com.ar\/"},{"@type":"ListItem","position":2,"name":"Productos","item":"https:\/\/mendozatours.com.ar\/shop\/"},{"@type":"ListItem","position":3,"name":"Picada Gourmet y Visita Cl\u00e1sica en Bodega Chandon"}]},{"@type":"WebSite","@id":"https:\/\/mendozatours.com.ar\/#website","url":"https:\/\/mendozatours.com.ar\/","name":"Lauketours | Tours y actividades","description":"Excurs\u00f5es em Mendoza","publisher":{"@id":"https:\/\/mendozatours.com.ar\/#organization"},"potentialAction":[{"@type":"SearchAction","target":{"@type":"EntryPoint","urlTemplate":"https:\/\/mendozatours.com.ar\/?s={search_term_string}"},"query-input":{"@type":"PropertyValueSpecification","valueRequired":true,"valueName":"search_term_string"}}],"inLanguage":"pt-BR"},{"@type":"Organization","@id":"https:\/\/mendozatours.com.ar\/#organization","name":"Passeios em Mendoza","url":"https:\/\/mendozatours.com.ar\/","logo":{"@type":"ImageObject","inLanguage":"pt-BR","@id":"https:\/\/mendozatours.com.ar\/#\/schema\/logo\/image\/","url":"https:\/\/mendozatours.com.ar\/wp-content\/uploads\/2024\/03\/logolaukevariante-pdf.png","contentUrl":"https:\/\/mendozatours.com.ar\/wp-content\/uploads\/2024\/03\/logolaukevariante-pdf.png","width":2160,"height":548,"caption":"Mendoza Tours"},"image":{"@id":"https:\/\/mendozatours.com.ar\/#\/schema\/logo\/image\/"},"sameAs":["https:\/\/www.facebook.com\/people\/Lauke-Mendoza-Tours\/100083604391080\/","https:\/\/www.instagram.com\/laukemendozatours\/"]}]}},"_links":{"self":[{"href":"https:\/\/mendozatours.com.ar\/pt\/wp-json\/wp\/v2\/product\/20632","targetHints":{"allow":["GET"]}}],"collection":[{"href":"https:\/\/mendozatours.com.ar\/pt\/wp-json\/wp\/v2\/product"}],"about":[{"href":"https:\/\/mendozatours.com.ar\/pt\/wp-json\/wp\/v2\/types\/product"}],"version-history":[{"count":2,"href":"https:\/\/mendozatours.com.ar\/pt\/wp-json\/wp\/v2\/product\/20632\/revisions"}],"predecessor-version":[{"id":20634,"href":"https:\/\/mendozatours.com.ar\/pt\/wp-json\/wp\/v2\/product\/20632\/revisions\/20634"}],"wp:featuredmedia":[{"embeddable":true,"href":"https:\/\/mendozatours.com.ar\/pt\/wp-json\/wp\/v2\/media\/11354"}],"wp:attachment":[{"href":"https:\/\/mendozatours.com.ar\/pt\/wp-json\/wp\/v2\/media?parent=20632"}],"wp:term":[{"taxonomy":"product_brand","embeddable":true,"href":"https:\/\/mendozatours.com.ar\/pt\/wp-json\/wp\/v2\/product_brand?post=20632"},{"taxonomy":"product_cat","embeddable":true,"href":"https:\/\/mendozatours.com.ar\/pt\/wp-json\/wp\/v2\/product_cat?post=20632"},{"taxonomy":"product_tag","embeddable":true,"href":"https:\/\/mendozatours.com.ar\/pt\/wp-json\/wp\/v2\/product_tag?post=20632"},{"taxonomy":"giftcard-category","embeddable":true,"href":"https:\/\/mendozatours.com.ar\/pt\/wp-json\/wp\/v2\/giftcard-category?post=20632"},{"taxonomy":"ubicaciones","embeddable":true,"href":"https:\/\/mendozatours.com.ar\/pt\/wp-json\/wp\/v2\/ubicaciones?post=20632"}],"curies":[{"name":"wp","href":"https:\/\/api.w.org\/{rel}","templated":true}]}}