{"id":20480,"date":"2026-04-17T13:02:23","date_gmt":"2026-04-17T16:02:23","guid":{"rendered":"https:\/\/mendozatours.com.ar\/reserva\/12061\/"},"modified":"2026-04-17T13:02:25","modified_gmt":"2026-04-17T16:02:25","slug":"12061","status":"publish","type":"product","link":"https:\/\/mendozatours.com.ar\/pt\/reserva\/12061\/","title":{"rendered":"12061"},"content":{"rendered":"<p>Na sexta-feira, 13 de outubro de 1972, um avi\u00e3o uruguaio com 45 passageiros, principalmente estudantes e jogadores do time de r\u00fagbi Old Christians, caiu na Cordilheira dos Andes a caminho do Chile.<br>Doze pessoas morreram no impacto, e os sobreviventes enfrentaram temperaturas extremas, fome e isolamento total. Depois de ouvir no r\u00e1dio que a busca havia sido cancelada, dois deles, Fernando Parrado e Roberto Canessa, caminharam por 10 dias pelas montanhas at\u00e9 encontrar ajuda.<br>Em 20 de dezembro de 1972, as equipes de resgate salvaram os 14 sobreviventes restantes, encerrando uma hist\u00f3ria de resist\u00eancia e sobreviv\u00eancia que marcou o mundo. Esse epis\u00f3dio inspirou livros, document\u00e1rios e filmes, como <em>Eles vivem!<\/em> y <em>A Sociedade da Neve<\/em>.<\/p>\n\n\n\n<p>Explore a majestade da cadeia de montanhas com uma caminhada at\u00e9 o ic\u00f4nico Valley of Tears. Essa excurs\u00e3o permite que voc\u00ea escolha entre duas op\u00e7\u00f5es: uma emocionante caminhada at\u00e9 o Valley of Tears.<strong> trekking<\/strong> ou um <strong>desfile<\/strong> em trilhas cercadas por paisagens \u00fanicas.<\/p>\n\n\n\n<p>Voc\u00ea chegar\u00e1 ao local exato onde foram encontrados os destro\u00e7os do avi\u00e3o, a 3.800 metros acima do n\u00edvel do mar, em uma rota que combina aventura, reflex\u00e3o e a beleza da montanha. Ideal para quem procura uma experi\u00eancia aut\u00eantica e personalizada em contato direto com a natureza.<\/p>","protected":false},"excerpt":{"rendered":"<p>El viernes 13 de octubre de 1972, un avi\u00f3n uruguayo que transportaba a 45 pasajeros, principalmente estudiantes y jugadores del equipo de rugby Old Christians, se estrell\u00f3 en la Cordillera de los Andes durante su trayecto hacia Chile.Doce personas fallecieron en el impacto, y los sobrevivientes enfrentaron temperaturas extremas, hambre y aislamiento total. Despu\u00e9s de [&hellip;]<\/p>\n","protected":false},"featured_media":0,"template":"","meta":{"_joinchat":[]},"product_brand":[],"product_cat":[228],"product_tag":[],"giftcard-category":[],"ubicaciones":[],"class_list":{"0":"post-20480","1":"product","2":"type-product","3":"status-publish","5":"product_cat-reservas","7":"first","8":"instock","9":"product-type-simple"},"yoast_head":"<!-- This site is optimized with the Yoast SEO plugin v27.3 - https:\/\/yoast.com\/product\/yoast-seo-wordpress\/ -->\n<title>12061 - Mendoza Tours<\/title>\n<meta name=\"description\" content=\"Tour Alta Monta\u00f1a - Lago, Represa - Lauke Tours\" \/>\n<meta name=\"robots\" content=\"noindex, follow\" \/>\n<meta property=\"og:locale\" content=\"pt_BR\" \/>\n<meta property=\"og:type\" content=\"article\" \/>\n<meta property=\"og:title\" content=\"12061 - Mendoza Tours\" \/>\n<meta property=\"og:description\" content=\"Tour Alta Monta\u00f1a - Lago, Represa - Lauke Tours\" \/>\n<meta property=\"og:url\" content=\"https:\/\/mendozatours.com.ar\/pt\/reserva\/12061\/\" \/>\n<meta property=\"og:site_name\" content=\"Mendoza Tours\" \/>\n<meta property=\"article:publisher\" content=\"https:\/\/www.facebook.com\/people\/Lauke-Mendoza-Tours\/100083604391080\/\" \/>\n<meta property=\"article:modified_time\" content=\"2026-04-17T16:02:25+00:00\" \/>\n<meta name=\"twitter:card\" content=\"summary_large_image\" \/>\n<!-- \/ Yoast SEO plugin. -->","yoast_head_json":{"title":"12061 - Mendoza Tours","description":"Tour Alta Monta\u00f1a - Lago, Represa - Lauke Tours","robots":{"index":"noindex","follow":"follow"},"og_locale":"pt_BR","og_type":"article","og_title":"12061 - Mendoza Tours","og_description":"Tour Alta Monta\u00f1a - Lago, Represa - Lauke Tours","og_url":"https:\/\/mendozatours.com.ar\/pt\/reserva\/12061\/","og_site_name":"Mendoza Tours","article_publisher":"https:\/\/www.facebook.com\/people\/Lauke-Mendoza-Tours\/100083604391080\/","article_modified_time":"2026-04-17T16:02:25+00:00","twitter_card":"summary_large_image","schema":{"@context":"https:\/\/schema.org","@graph":[{"@type":"WebPage","@id":"https:\/\/mendozatours.com.ar\/reserva\/12061\/","url":"https:\/\/mendozatours.com.ar\/reserva\/12061\/","name":"12061 - Mendoza Tours","isPartOf":{"@id":"https:\/\/mendozatours.com.ar\/#website"},"datePublished":"2026-04-17T16:02:23+00:00","dateModified":"2026-04-17T16:02:25+00:00","description":"Tour Alta Monta\u00f1a - Lago, Represa - Lauke Tours","breadcrumb":{"@id":"https:\/\/mendozatours.com.ar\/reserva\/12061\/#breadcrumb"},"inLanguage":"pt-BR","potentialAction":[{"@type":"ReadAction","target":["https:\/\/mendozatours.com.ar\/reserva\/12061\/"]}]},{"@type":"BreadcrumbList","@id":"https:\/\/mendozatours.com.ar\/reserva\/12061\/#breadcrumb","itemListElement":[{"@type":"ListItem","position":1,"name":"Home","item":"https:\/\/mendozatours.com.ar\/"},{"@type":"ListItem","position":2,"name":"Productos","item":"https:\/\/mendozatours.com.ar\/shop\/"},{"@type":"ListItem","position":3,"name":"12061"}]},{"@type":"WebSite","@id":"https:\/\/mendozatours.com.ar\/#website","url":"https:\/\/mendozatours.com.ar\/","name":"Lauketours | Tours y actividades","description":"Excurs\u00f5es em Mendoza","publisher":{"@id":"https:\/\/mendozatours.com.ar\/#organization"},"potentialAction":[{"@type":"SearchAction","target":{"@type":"EntryPoint","urlTemplate":"https:\/\/mendozatours.com.ar\/?s={search_term_string}"},"query-input":{"@type":"PropertyValueSpecification","valueRequired":true,"valueName":"search_term_string"}}],"inLanguage":"pt-BR"},{"@type":"Organization","@id":"https:\/\/mendozatours.com.ar\/#organization","name":"Passeios em Mendoza","url":"https:\/\/mendozatours.com.ar\/","logo":{"@type":"ImageObject","inLanguage":"pt-BR","@id":"https:\/\/mendozatours.com.ar\/#\/schema\/logo\/image\/","url":"https:\/\/mendozatours.com.ar\/wp-content\/uploads\/2024\/03\/logolaukevariante-pdf.png","contentUrl":"https:\/\/mendozatours.com.ar\/wp-content\/uploads\/2024\/03\/logolaukevariante-pdf.png","width":2160,"height":548,"caption":"Mendoza Tours"},"image":{"@id":"https:\/\/mendozatours.com.ar\/#\/schema\/logo\/image\/"},"sameAs":["https:\/\/www.facebook.com\/people\/Lauke-Mendoza-Tours\/100083604391080\/","https:\/\/www.instagram.com\/laukemendozatours\/"]}]}},"_links":{"self":[{"href":"https:\/\/mendozatours.com.ar\/pt\/wp-json\/wp\/v2\/product\/20480","targetHints":{"allow":["GET"]}}],"collection":[{"href":"https:\/\/mendozatours.com.ar\/pt\/wp-json\/wp\/v2\/product"}],"about":[{"href":"https:\/\/mendozatours.com.ar\/pt\/wp-json\/wp\/v2\/types\/product"}],"version-history":[{"count":1,"href":"https:\/\/mendozatours.com.ar\/pt\/wp-json\/wp\/v2\/product\/20480\/revisions"}],"predecessor-version":[{"id":20481,"href":"https:\/\/mendozatours.com.ar\/pt\/wp-json\/wp\/v2\/product\/20480\/revisions\/20481"}],"wp:attachment":[{"href":"https:\/\/mendozatours.com.ar\/pt\/wp-json\/wp\/v2\/media?parent=20480"}],"wp:term":[{"taxonomy":"product_brand","embeddable":true,"href":"https:\/\/mendozatours.com.ar\/pt\/wp-json\/wp\/v2\/product_brand?post=20480"},{"taxonomy":"product_cat","embeddable":true,"href":"https:\/\/mendozatours.com.ar\/pt\/wp-json\/wp\/v2\/product_cat?post=20480"},{"taxonomy":"product_tag","embeddable":true,"href":"https:\/\/mendozatours.com.ar\/pt\/wp-json\/wp\/v2\/product_tag?post=20480"},{"taxonomy":"giftcard-category","embeddable":true,"href":"https:\/\/mendozatours.com.ar\/pt\/wp-json\/wp\/v2\/giftcard-category?post=20480"},{"taxonomy":"ubicaciones","embeddable":true,"href":"https:\/\/mendozatours.com.ar\/pt\/wp-json\/wp\/v2\/ubicaciones?post=20480"}],"curies":[{"name":"wp","href":"https:\/\/api.w.org\/{rel}","templated":true}]}}