{"id":20462,"date":"2026-04-17T13:02:16","date_gmt":"2026-04-17T16:02:16","guid":{"rendered":"https:\/\/mendozatours.com.ar\/reserva\/10222\/"},"modified":"2026-04-17T13:02:21","modified_gmt":"2026-04-17T16:02:21","slug":"10222","status":"publish","type":"product","link":"https:\/\/mendozatours.com.ar\/pt\/reserva\/10222\/","title":{"rendered":"10222"},"content":{"rendered":"<p>Comienza tu experiencia con una visita al Health Club y Spa Diplomatic, donde podr\u00e1s disfrutar de un tiempo revitalizante en la sala de descanso y el sauna. Este acceso al spa te permitir\u00e1 relajarte completamente y prepararte para lo que sigue en tu jornada de bienestar.<\/p>\n\n\n\n<p>Contin\u00faa con un masaje descontracturante de 60 minutos, dise\u00f1ado para aliviar tensiones y mejorar la flexibilidad en tus m\u00fasculos y articulaciones. Este masaje combina t\u00e9cnicas de masaje tailand\u00e9s y hawaiano, complementado con d\u00edgito presi\u00f3n y elongaciones, proporcionando un alivio profundo y una relajaci\u00f3n total.<\/p>\n\n\n\n<p>Para culminar tu velada, del\u00e9itate con una cena gourmet de tres pasos en el restaurante del Hotel Diplomatic. Cada plato ha sido meticulosamente preparado y maridado con selectos vinos Zuccardi, ofreciendo una experiencia culinaria excepcional que complementa perfectamente tu jornada de relajaci\u00f3n.<\/p>\n\n\n\n<p>Reserva ahora y reg\u00e1late un momento de descanso y placer \u00fanico en el Hotel Diplomatic. \u00a1Te esperamos para que vivas una experiencia inolvidable!<\/p>","protected":false},"excerpt":{"rendered":"<p>Comienza tu experiencia con una visita al Health Club y Spa Diplomatic, donde podr\u00e1s disfrutar de un tiempo revitalizante en la sala de descanso y el sauna. Este acceso al spa te permitir\u00e1 relajarte completamente y prepararte para lo que sigue en tu jornada de bienestar. Contin\u00faa con un masaje descontracturante de 60 minutos, dise\u00f1ado [&hellip;]<\/p>\n","protected":false},"featured_media":0,"template":"","meta":{"_joinchat":[]},"product_brand":[],"product_cat":[228],"product_tag":[],"giftcard-category":[],"ubicaciones":[],"class_list":{"0":"post-20462","1":"product","2":"type-product","3":"status-publish","5":"product_cat-reservas","7":"first","8":"instock","9":"product-type-simple"},"yoast_head":"<!-- This site is optimized with the Yoast SEO plugin v27.3 - https:\/\/yoast.com\/product\/yoast-seo-wordpress\/ -->\n<title>10222 - Mendoza Tours<\/title>\n<meta name=\"description\" content=\"Tour Alta Monta\u00f1a - Lago, Represa - Lauke Tours\" \/>\n<meta name=\"robots\" content=\"noindex, follow\" \/>\n<meta property=\"og:locale\" content=\"pt_BR\" \/>\n<meta property=\"og:type\" content=\"article\" \/>\n<meta property=\"og:title\" content=\"10222 - Mendoza Tours\" \/>\n<meta property=\"og:description\" content=\"Tour Alta Monta\u00f1a - Lago, Represa - Lauke Tours\" \/>\n<meta property=\"og:url\" content=\"https:\/\/mendozatours.com.ar\/pt\/reserva\/10222\/\" \/>\n<meta property=\"og:site_name\" content=\"Mendoza Tours\" \/>\n<meta property=\"article:publisher\" content=\"https:\/\/www.facebook.com\/people\/Lauke-Mendoza-Tours\/100083604391080\/\" \/>\n<meta property=\"article:modified_time\" content=\"2026-04-17T16:02:21+00:00\" \/>\n<meta name=\"twitter:card\" content=\"summary_large_image\" \/>\n<!-- \/ Yoast SEO plugin. -->","yoast_head_json":{"title":"10222 - Mendoza Tours","description":"Tour Alta Monta\u00f1a - Lago, Represa - Lauke Tours","robots":{"index":"noindex","follow":"follow"},"og_locale":"pt_BR","og_type":"article","og_title":"10222 - Mendoza Tours","og_description":"Tour Alta Monta\u00f1a - Lago, Represa - Lauke Tours","og_url":"https:\/\/mendozatours.com.ar\/pt\/reserva\/10222\/","og_site_name":"Mendoza Tours","article_publisher":"https:\/\/www.facebook.com\/people\/Lauke-Mendoza-Tours\/100083604391080\/","article_modified_time":"2026-04-17T16:02:21+00:00","twitter_card":"summary_large_image","schema":{"@context":"https:\/\/schema.org","@graph":[{"@type":"WebPage","@id":"https:\/\/mendozatours.com.ar\/reserva\/10222\/","url":"https:\/\/mendozatours.com.ar\/reserva\/10222\/","name":"10222 - Mendoza Tours","isPartOf":{"@id":"https:\/\/mendozatours.com.ar\/#website"},"datePublished":"2026-04-17T16:02:16+00:00","dateModified":"2026-04-17T16:02:21+00:00","description":"Tour Alta Monta\u00f1a - Lago, Represa - Lauke Tours","breadcrumb":{"@id":"https:\/\/mendozatours.com.ar\/reserva\/10222\/#breadcrumb"},"inLanguage":"pt-BR","potentialAction":[{"@type":"ReadAction","target":["https:\/\/mendozatours.com.ar\/reserva\/10222\/"]}]},{"@type":"BreadcrumbList","@id":"https:\/\/mendozatours.com.ar\/reserva\/10222\/#breadcrumb","itemListElement":[{"@type":"ListItem","position":1,"name":"Home","item":"https:\/\/mendozatours.com.ar\/"},{"@type":"ListItem","position":2,"name":"Productos","item":"https:\/\/mendozatours.com.ar\/shop\/"},{"@type":"ListItem","position":3,"name":"10222"}]},{"@type":"WebSite","@id":"https:\/\/mendozatours.com.ar\/#website","url":"https:\/\/mendozatours.com.ar\/","name":"Lauketours | Tours y actividades","description":"Excurs\u00f5es em Mendoza","publisher":{"@id":"https:\/\/mendozatours.com.ar\/#organization"},"potentialAction":[{"@type":"SearchAction","target":{"@type":"EntryPoint","urlTemplate":"https:\/\/mendozatours.com.ar\/?s={search_term_string}"},"query-input":{"@type":"PropertyValueSpecification","valueRequired":true,"valueName":"search_term_string"}}],"inLanguage":"pt-BR"},{"@type":"Organization","@id":"https:\/\/mendozatours.com.ar\/#organization","name":"Passeios em Mendoza","url":"https:\/\/mendozatours.com.ar\/","logo":{"@type":"ImageObject","inLanguage":"pt-BR","@id":"https:\/\/mendozatours.com.ar\/#\/schema\/logo\/image\/","url":"https:\/\/mendozatours.com.ar\/wp-content\/uploads\/2024\/03\/logolaukevariante-pdf.png","contentUrl":"https:\/\/mendozatours.com.ar\/wp-content\/uploads\/2024\/03\/logolaukevariante-pdf.png","width":2160,"height":548,"caption":"Mendoza Tours"},"image":{"@id":"https:\/\/mendozatours.com.ar\/#\/schema\/logo\/image\/"},"sameAs":["https:\/\/www.facebook.com\/people\/Lauke-Mendoza-Tours\/100083604391080\/","https:\/\/www.instagram.com\/laukemendozatours\/"]}]}},"_links":{"self":[{"href":"https:\/\/mendozatours.com.ar\/pt\/wp-json\/wp\/v2\/product\/20462","targetHints":{"allow":["GET"]}}],"collection":[{"href":"https:\/\/mendozatours.com.ar\/pt\/wp-json\/wp\/v2\/product"}],"about":[{"href":"https:\/\/mendozatours.com.ar\/pt\/wp-json\/wp\/v2\/types\/product"}],"version-history":[{"count":1,"href":"https:\/\/mendozatours.com.ar\/pt\/wp-json\/wp\/v2\/product\/20462\/revisions"}],"predecessor-version":[{"id":20463,"href":"https:\/\/mendozatours.com.ar\/pt\/wp-json\/wp\/v2\/product\/20462\/revisions\/20463"}],"wp:attachment":[{"href":"https:\/\/mendozatours.com.ar\/pt\/wp-json\/wp\/v2\/media?parent=20462"}],"wp:term":[{"taxonomy":"product_brand","embeddable":true,"href":"https:\/\/mendozatours.com.ar\/pt\/wp-json\/wp\/v2\/product_brand?post=20462"},{"taxonomy":"product_cat","embeddable":true,"href":"https:\/\/mendozatours.com.ar\/pt\/wp-json\/wp\/v2\/product_cat?post=20462"},{"taxonomy":"product_tag","embeddable":true,"href":"https:\/\/mendozatours.com.ar\/pt\/wp-json\/wp\/v2\/product_tag?post=20462"},{"taxonomy":"giftcard-category","embeddable":true,"href":"https:\/\/mendozatours.com.ar\/pt\/wp-json\/wp\/v2\/giftcard-category?post=20462"},{"taxonomy":"ubicaciones","embeddable":true,"href":"https:\/\/mendozatours.com.ar\/pt\/wp-json\/wp\/v2\/ubicaciones?post=20462"}],"curies":[{"name":"wp","href":"https:\/\/api.w.org\/{rel}","templated":true}]}}