{"id":20432,"date":"2026-04-17T13:02:16","date_gmt":"2026-04-17T16:02:16","guid":{"rendered":"https:\/\/mendozatours.com.ar\/reserva\/5722\/"},"modified":"2026-04-17T13:02:18","modified_gmt":"2026-04-17T16:02:18","slug":"5722","status":"publish","type":"product","link":"https:\/\/mendozatours.com.ar\/pt\/reserva\/5722\/","title":{"rendered":"5722"},"content":{"rendered":"<p>Junte-se a n\u00f3s em 8 de mar\u00e7o para vivenciar a magia do <strong>Festival Nacional da Colheita da Uva de Mendoza 2025<\/strong>uma celebra\u00e7\u00e3o \u00fanica que homenageia o vinho e a tradi\u00e7\u00e3o cultural da regi\u00e3o. Desfrute de uma noite inesquec\u00edvel, repleta de m\u00fasica, dan\u00e7as folcl\u00f3ricas t\u00edpicas, fogos de artif\u00edcio, desfiles coloridos e, \u00e9 claro, o ponto alto da noite: o <strong>elei\u00e7\u00e3o da Harvest Queen 2025<\/strong>. Junte-se a milhares de pessoas de todo o mundo para celebrar a colheita do ano em uma atmosfera de alegria e camaradagem. N\u00e3o perca esta oportunidade de participar de um evento t\u00e3o especial.<\/p>\n\n\n\n<p>O <strong>A Fiesta de la Vendimia \u00e9 a celebra\u00e7\u00e3o<\/strong> <strong>mais importante de Mendoza<\/strong>Reserve seu lugar agora e viva essa experi\u00eancia \u00fanica. N\u00e3o perca esse evento ic\u00f4nico que celebra o melhor de nossa terra e de nossa gente, estamos esperando por voc\u00ea em Mendoza!<\/p>\n\n\n\n<figure class=\"wp-block-image size-full is-resized\"><a href=\"https:\/\/mendozatours.com.ar\/wp-content\/uploads\/2024\/03\/LUGARES-TEATRO.jpg\"><img fetchpriority=\"high\" decoding=\"async\" width=\"929\" height=\"628\" src=\"https:\/\/mendozatours.com.ar\/wp-content\/uploads\/2024\/03\/LUGARES-TEATRO.jpg\" alt=\"\" class=\"wp-image-12617\" style=\"object-fit:contain;width:600px;height:400px\" srcset=\"https:\/\/mendozatours.com.ar\/wp-content\/uploads\/2024\/03\/LUGARES-TEATRO.jpg 929w, https:\/\/mendozatours.com.ar\/wp-content\/uploads\/2024\/03\/LUGARES-TEATRO-300x203.jpg 300w, https:\/\/mendozatours.com.ar\/wp-content\/uploads\/2024\/03\/LUGARES-TEATRO-768x519.jpg 768w, https:\/\/mendozatours.com.ar\/wp-content\/uploads\/2024\/03\/LUGARES-TEATRO-18x12.jpg 18w, https:\/\/mendozatours.com.ar\/wp-content\/uploads\/2024\/03\/LUGARES-TEATRO-600x406.jpg 600w\" sizes=\"(max-width: 929px) 100vw, 929px\" \/><\/a><\/figure>\n\n\n\n<p><strong>Frank Romero Day Teatro Grego<\/strong>Entradas dispon\u00edveis do setor de Malbec e Tempranillo. <\/p>","protected":false},"excerpt":{"rendered":"<p>\u00danete a nosotros el 8 de marzo para experimentar la magia de la Fiesta Nacional de la Vendimia 2025 de Mendoza, una celebraci\u00f3n \u00fanica que rinde homenaje a la tradici\u00f3n vin\u00edcola y cultural de la regi\u00f3n. Disfruta de una noche inolvidable llena de m\u00fasica, baile t\u00edpico folcl\u00f3rico, fuegos artificiales, coloridos desfiles y, por supuesto, el [&hellip;]<\/p>\n","protected":false},"featured_media":0,"template":"","meta":{"_joinchat":[]},"product_brand":[],"product_cat":[228],"product_tag":[],"giftcard-category":[],"ubicaciones":[],"class_list":{"0":"post-20432","1":"product","2":"type-product","3":"status-publish","5":"product_cat-reservas","7":"first","8":"instock","9":"product-type-simple"},"yoast_head":"<!-- This site is optimized with the Yoast SEO plugin v27.3 - https:\/\/yoast.com\/product\/yoast-seo-wordpress\/ -->\n<title>5722 - Mendoza Tours<\/title>\n<meta name=\"description\" content=\"Tour Alta Monta\u00f1a - Lago, Represa - Lauke Tours\" \/>\n<meta name=\"robots\" content=\"noindex, follow\" \/>\n<meta property=\"og:locale\" content=\"pt_BR\" \/>\n<meta property=\"og:type\" content=\"article\" \/>\n<meta property=\"og:title\" content=\"5722 - Mendoza Tours\" \/>\n<meta property=\"og:description\" content=\"Tour Alta Monta\u00f1a - Lago, Represa - Lauke Tours\" \/>\n<meta property=\"og:url\" content=\"https:\/\/mendozatours.com.ar\/pt\/reserva\/5722\/\" \/>\n<meta property=\"og:site_name\" content=\"Mendoza Tours\" \/>\n<meta property=\"article:publisher\" content=\"https:\/\/www.facebook.com\/people\/Lauke-Mendoza-Tours\/100083604391080\/\" \/>\n<meta property=\"article:modified_time\" content=\"2026-04-17T16:02:18+00:00\" \/>\n<meta property=\"og:image\" content=\"https:\/\/mendozatours.com.ar\/wp-content\/uploads\/2024\/03\/LUGARES-TEATRO.jpg\" \/>\n\t<meta property=\"og:image:width\" content=\"929\" \/>\n\t<meta property=\"og:image:height\" content=\"628\" \/>\n\t<meta property=\"og:image:type\" content=\"image\/jpeg\" \/>\n<meta name=\"twitter:card\" content=\"summary_large_image\" \/>\n<!-- \/ Yoast SEO plugin. -->","yoast_head_json":{"title":"5722 - Mendoza Tours","description":"Tour Alta Monta\u00f1a - Lago, Represa - Lauke Tours","robots":{"index":"noindex","follow":"follow"},"og_locale":"pt_BR","og_type":"article","og_title":"5722 - Mendoza Tours","og_description":"Tour Alta Monta\u00f1a - Lago, Represa - Lauke Tours","og_url":"https:\/\/mendozatours.com.ar\/pt\/reserva\/5722\/","og_site_name":"Mendoza Tours","article_publisher":"https:\/\/www.facebook.com\/people\/Lauke-Mendoza-Tours\/100083604391080\/","article_modified_time":"2026-04-17T16:02:18+00:00","og_image":[{"width":929,"height":628,"url":"https:\/\/mendozatours.com.ar\/wp-content\/uploads\/2024\/03\/LUGARES-TEATRO.jpg","type":"image\/jpeg"}],"twitter_card":"summary_large_image","schema":{"@context":"https:\/\/schema.org","@graph":[{"@type":"WebPage","@id":"https:\/\/mendozatours.com.ar\/reserva\/5722\/","url":"https:\/\/mendozatours.com.ar\/reserva\/5722\/","name":"5722 - Mendoza Tours","isPartOf":{"@id":"https:\/\/mendozatours.com.ar\/#website"},"primaryImageOfPage":{"@id":"https:\/\/mendozatours.com.ar\/reserva\/5722\/#primaryimage"},"image":{"@id":"https:\/\/mendozatours.com.ar\/reserva\/5722\/#primaryimage"},"thumbnailUrl":"https:\/\/mendozatours.com.ar\/wp-content\/uploads\/2024\/03\/LUGARES-TEATRO.jpg","datePublished":"2026-04-17T16:02:16+00:00","dateModified":"2026-04-17T16:02:18+00:00","description":"Tour Alta Monta\u00f1a - Lago, Represa - Lauke Tours","breadcrumb":{"@id":"https:\/\/mendozatours.com.ar\/reserva\/5722\/#breadcrumb"},"inLanguage":"pt-BR","potentialAction":[{"@type":"ReadAction","target":["https:\/\/mendozatours.com.ar\/reserva\/5722\/"]}]},{"@type":"ImageObject","inLanguage":"pt-BR","@id":"https:\/\/mendozatours.com.ar\/reserva\/5722\/#primaryimage","url":"https:\/\/mendozatours.com.ar\/wp-content\/uploads\/2024\/03\/LUGARES-TEATRO.jpg","contentUrl":"https:\/\/mendozatours.com.ar\/wp-content\/uploads\/2024\/03\/LUGARES-TEATRO.jpg"},{"@type":"BreadcrumbList","@id":"https:\/\/mendozatours.com.ar\/reserva\/5722\/#breadcrumb","itemListElement":[{"@type":"ListItem","position":1,"name":"Home","item":"https:\/\/mendozatours.com.ar\/"},{"@type":"ListItem","position":2,"name":"Productos","item":"https:\/\/mendozatours.com.ar\/shop\/"},{"@type":"ListItem","position":3,"name":"5722"}]},{"@type":"WebSite","@id":"https:\/\/mendozatours.com.ar\/#website","url":"https:\/\/mendozatours.com.ar\/","name":"Lauketours | Tours y actividades","description":"Excurs\u00f5es em Mendoza","publisher":{"@id":"https:\/\/mendozatours.com.ar\/#organization"},"potentialAction":[{"@type":"SearchAction","target":{"@type":"EntryPoint","urlTemplate":"https:\/\/mendozatours.com.ar\/?s={search_term_string}"},"query-input":{"@type":"PropertyValueSpecification","valueRequired":true,"valueName":"search_term_string"}}],"inLanguage":"pt-BR"},{"@type":"Organization","@id":"https:\/\/mendozatours.com.ar\/#organization","name":"Passeios em Mendoza","url":"https:\/\/mendozatours.com.ar\/","logo":{"@type":"ImageObject","inLanguage":"pt-BR","@id":"https:\/\/mendozatours.com.ar\/#\/schema\/logo\/image\/","url":"https:\/\/mendozatours.com.ar\/wp-content\/uploads\/2024\/03\/logolaukevariante-pdf.png","contentUrl":"https:\/\/mendozatours.com.ar\/wp-content\/uploads\/2024\/03\/logolaukevariante-pdf.png","width":2160,"height":548,"caption":"Mendoza Tours"},"image":{"@id":"https:\/\/mendozatours.com.ar\/#\/schema\/logo\/image\/"},"sameAs":["https:\/\/www.facebook.com\/people\/Lauke-Mendoza-Tours\/100083604391080\/","https:\/\/www.instagram.com\/laukemendozatours\/"]}]}},"_links":{"self":[{"href":"https:\/\/mendozatours.com.ar\/pt\/wp-json\/wp\/v2\/product\/20432","targetHints":{"allow":["GET"]}}],"collection":[{"href":"https:\/\/mendozatours.com.ar\/pt\/wp-json\/wp\/v2\/product"}],"about":[{"href":"https:\/\/mendozatours.com.ar\/pt\/wp-json\/wp\/v2\/types\/product"}],"version-history":[{"count":1,"href":"https:\/\/mendozatours.com.ar\/pt\/wp-json\/wp\/v2\/product\/20432\/revisions"}],"predecessor-version":[{"id":20433,"href":"https:\/\/mendozatours.com.ar\/pt\/wp-json\/wp\/v2\/product\/20432\/revisions\/20433"}],"wp:attachment":[{"href":"https:\/\/mendozatours.com.ar\/pt\/wp-json\/wp\/v2\/media?parent=20432"}],"wp:term":[{"taxonomy":"product_brand","embeddable":true,"href":"https:\/\/mendozatours.com.ar\/pt\/wp-json\/wp\/v2\/product_brand?post=20432"},{"taxonomy":"product_cat","embeddable":true,"href":"https:\/\/mendozatours.com.ar\/pt\/wp-json\/wp\/v2\/product_cat?post=20432"},{"taxonomy":"product_tag","embeddable":true,"href":"https:\/\/mendozatours.com.ar\/pt\/wp-json\/wp\/v2\/product_tag?post=20432"},{"taxonomy":"giftcard-category","embeddable":true,"href":"https:\/\/mendozatours.com.ar\/pt\/wp-json\/wp\/v2\/giftcard-category?post=20432"},{"taxonomy":"ubicaciones","embeddable":true,"href":"https:\/\/mendozatours.com.ar\/pt\/wp-json\/wp\/v2\/ubicaciones?post=20432"}],"curies":[{"name":"wp","href":"https:\/\/api.w.org\/{rel}","templated":true}]}}