{"id":19866,"date":"2026-04-01T11:58:48","date_gmt":"2026-04-01T14:58:48","guid":{"rendered":"https:\/\/mendozatours.com.ar\/?post_type=product&#038;p=19866"},"modified":"2026-04-01T13:00:07","modified_gmt":"2026-04-01T16:00:07","slug":"tarde-de-te-y-spa-en-hotel-entre-cielos","status":"publish","type":"product","link":"https:\/\/mendozatours.com.ar\/pt\/reserva\/tarde-de-te-y-spa-en-hotel-entre-cielos\/","title":{"rendered":"Tarde de T\u00e9 y Spa en Hotel Entre Cielos"},"content":{"rendered":"<p>Vive una experiencia de bienestar total en el Hotel Entre Cielos Mendoza. Se comienza con el traslado desde tu alojamiento hacia este oasis de relajaci\u00f3n, donde se disfrutar\u00e1 de un d\u00eda de spa en Mendoza dedicado al descanso y la revitalizaci\u00f3n.<\/p>\n<p>El tour inicia con un exclusivo circuito en el Spa de Entre Cielos, que incluye un ritual de purificaci\u00f3n en el Hamam, inspirado en antiguas tradiciones orientales. En este espacio, se experimenta la combinaci\u00f3n perfecta de limpieza profunda y renovaci\u00f3n del alma, liberando tensiones y estimulando tu metabolismo con el siguiente circuito:<\/p>\n<ul>\n<li>Sogukluk: Sala de vapor a 37\u00b0C (10 min).<\/li>\n<li>Kese: Exfoliaci\u00f3n corporal con guante (5-7 min).<\/li>\n<li>Sicaklik: Piscina templada para estabilizar la circulaci\u00f3n (10 min).<\/li>\n<li>Bing\u00fcl: Sala de vapor a 55\u00b0C con hierbas arom\u00e1ticas (10-15 min).<\/li>\n<li>Lif: Exfoliaci\u00f3n con jab\u00f3n de oliva rico en vitamina E (5-7 min).<\/li>\n<li>Gobek Tasi: Piedra caliente para fortalecer el sistema inmunol\u00f3gico (10 min).<\/li>\n<li>Camekan: Sala de relajaci\u00f3n con t\u00e9 oriental y bocaditos gourmet (30 min).<\/li>\n<\/ul>\n<p>A continuaci\u00f3n, se disfruta de un masaje de 30 minutos que combina t\u00e9cnicas de relajaci\u00f3n y d\u00edgito-presi\u00f3n, perfecto para liberar tensiones acumuladas. Para culminar , se realiza una Tarde de T\u00e9 con delicias dulces y saladas acompa\u00f1adas de selectas bebidas durante 2 horas, en un ambiente \u00fanico y acogedor.<\/p>\n<p>Finalmente, se realiza el traslado de regreso al alojamiento, completando as\u00ed un d\u00eda de spa inolvidable en el coraz\u00f3n de Mendoza.<\/p>\n<p>\u00a1Reserva ahora y vive la mejor experiencia de bienestar en el Hotel Entre Cielos Mendoza!<\/p>","protected":false},"excerpt":{"rendered":"<p>Vive una experiencia de bienestar total en el Hotel Entre Cielos Mendoza. Se comienza con el traslado desde tu alojamiento hacia este oasis de relajaci\u00f3n, donde se disfrutar\u00e1 de un d\u00eda de spa en Mendoza dedicado al descanso y la revitalizaci\u00f3n. El tour inicia con un exclusivo circuito en el Spa de Entre Cielos, que [&hellip;]<\/p>","protected":false},"featured_media":10280,"template":"","meta":{"_joinchat":[]},"product_brand":[],"product_cat":[228],"product_tag":[],"giftcard-category":[],"class_list":{"0":"post-19866","1":"product","2":"type-product","3":"status-publish","4":"has-post-thumbnail","6":"product_cat-reservas","8":"first","9":"instock","10":"virtual","11":"sold-individually","12":"taxable","13":"purchasable","14":"product-type-booking"},"yoast_head":"<!-- This site is optimized with the Yoast SEO plugin v27.2 - https:\/\/yoast.com\/product\/yoast-seo-wordpress\/ -->\n<title>Tarde de T\u00e9 y Spa en Hotel Entre Cielos - Mendoza Tours<\/title>\n<meta name=\"robots\" content=\"noindex, follow\" \/>\n<meta property=\"og:locale\" content=\"pt_BR\" \/>\n<meta property=\"og:type\" content=\"article\" \/>\n<meta property=\"og:title\" content=\"Tarde de T\u00e9 y Spa en Hotel Entre Cielos - Mendoza Tours\" \/>\n<meta property=\"og:description\" content=\"Vive una experiencia de bienestar total en el Hotel Entre Cielos Mendoza. Se comienza con el traslado desde tu alojamiento hacia este oasis de relajaci\u00f3n, donde se disfrutar\u00e1 de un d\u00eda de spa en Mendoza dedicado al descanso y la revitalizaci\u00f3n. El tour inicia con un exclusivo circuito en el Spa de Entre Cielos, que [&hellip;]\" \/>\n<meta property=\"og:url\" content=\"https:\/\/mendozatours.com.ar\/pt\/reserva\/tarde-de-te-y-spa-en-hotel-entre-cielos\/\" \/>\n<meta property=\"og:site_name\" content=\"Mendoza Tours\" \/>\n<meta property=\"article:publisher\" content=\"https:\/\/www.facebook.com\/people\/Lauke-Mendoza-Tours\/100083604391080\/\" \/>\n<meta property=\"article:modified_time\" content=\"2026-04-01T16:00:07+00:00\" \/>\n<meta property=\"og:image\" content=\"https:\/\/mendozatours.com.ar\/wp-content\/uploads\/2024\/09\/Tarde-de-Te-y-Spa-en-Hamam-Masaje-Lauke-Tours-scaled.jpeg\" \/>\n\t<meta property=\"og:image:width\" content=\"2560\" \/>\n\t<meta property=\"og:image:height\" content=\"1708\" \/>\n\t<meta property=\"og:image:type\" content=\"image\/jpeg\" \/>\n<meta name=\"twitter:card\" content=\"summary_large_image\" \/>\n<!-- \/ Yoast SEO plugin. -->","yoast_head_json":{"title":"Tarde de T\u00e9 y Spa en Hotel Entre Cielos - Mendoza Tours","robots":{"index":"noindex","follow":"follow"},"og_locale":"pt_BR","og_type":"article","og_title":"Tarde de T\u00e9 y Spa en Hotel Entre Cielos - Mendoza Tours","og_description":"Vive una experiencia de bienestar total en el Hotel Entre Cielos Mendoza. Se comienza con el traslado desde tu alojamiento hacia este oasis de relajaci\u00f3n, donde se disfrutar\u00e1 de un d\u00eda de spa en Mendoza dedicado al descanso y la revitalizaci\u00f3n. El tour inicia con un exclusivo circuito en el Spa de Entre Cielos, que [&hellip;]","og_url":"https:\/\/mendozatours.com.ar\/pt\/reserva\/tarde-de-te-y-spa-en-hotel-entre-cielos\/","og_site_name":"Mendoza Tours","article_publisher":"https:\/\/www.facebook.com\/people\/Lauke-Mendoza-Tours\/100083604391080\/","article_modified_time":"2026-04-01T16:00:07+00:00","og_image":[{"width":2560,"height":1708,"url":"https:\/\/mendozatours.com.ar\/wp-content\/uploads\/2024\/09\/Tarde-de-Te-y-Spa-en-Hamam-Masaje-Lauke-Tours-scaled.jpeg","type":"image\/jpeg"}],"twitter_card":"summary_large_image","schema":{"@context":"https:\/\/schema.org","@graph":[{"@type":"WebPage","@id":"https:\/\/mendozatours.com.ar\/reserva\/tarde-de-te-y-spa-en-hotel-entre-cielos\/","url":"https:\/\/mendozatours.com.ar\/reserva\/tarde-de-te-y-spa-en-hotel-entre-cielos\/","name":"Tarde de T\u00e9 y Spa en Hotel Entre Cielos - Mendoza Tours","isPartOf":{"@id":"https:\/\/mendozatours.com.ar\/#website"},"primaryImageOfPage":{"@id":"https:\/\/mendozatours.com.ar\/reserva\/tarde-de-te-y-spa-en-hotel-entre-cielos\/#primaryimage"},"image":{"@id":"https:\/\/mendozatours.com.ar\/reserva\/tarde-de-te-y-spa-en-hotel-entre-cielos\/#primaryimage"},"thumbnailUrl":"https:\/\/mendozatours.com.ar\/wp-content\/uploads\/2024\/09\/Tarde-de-Te-y-Spa-en-Hamam-Masaje-Lauke-Tours-scaled.jpeg","datePublished":"2026-04-01T14:58:48+00:00","dateModified":"2026-04-01T16:00:07+00:00","breadcrumb":{"@id":"https:\/\/mendozatours.com.ar\/reserva\/tarde-de-te-y-spa-en-hotel-entre-cielos\/#breadcrumb"},"inLanguage":"pt-BR","potentialAction":[{"@type":"ReadAction","target":["https:\/\/mendozatours.com.ar\/reserva\/tarde-de-te-y-spa-en-hotel-entre-cielos\/"]}]},{"@type":"ImageObject","inLanguage":"pt-BR","@id":"https:\/\/mendozatours.com.ar\/reserva\/tarde-de-te-y-spa-en-hotel-entre-cielos\/#primaryimage","url":"https:\/\/mendozatours.com.ar\/wp-content\/uploads\/2024\/09\/Tarde-de-Te-y-Spa-en-Hamam-Masaje-Lauke-Tours-scaled.jpeg","contentUrl":"https:\/\/mendozatours.com.ar\/wp-content\/uploads\/2024\/09\/Tarde-de-Te-y-Spa-en-Hamam-Masaje-Lauke-Tours-scaled.jpeg","width":2560,"height":1708},{"@type":"BreadcrumbList","@id":"https:\/\/mendozatours.com.ar\/reserva\/tarde-de-te-y-spa-en-hotel-entre-cielos\/#breadcrumb","itemListElement":[{"@type":"ListItem","position":1,"name":"Home","item":"https:\/\/mendozatours.com.ar\/"},{"@type":"ListItem","position":2,"name":"Productos","item":"https:\/\/mendozatours.com.ar\/tienda\/"},{"@type":"ListItem","position":3,"name":"Tarde de T\u00e9 y Spa en Hotel Entre Cielos"}]},{"@type":"WebSite","@id":"https:\/\/mendozatours.com.ar\/#website","url":"https:\/\/mendozatours.com.ar\/","name":"Lauketours | Tours y actividades","description":"Excursiones en Mendoza","publisher":{"@id":"https:\/\/mendozatours.com.ar\/#organization"},"potentialAction":[{"@type":"SearchAction","target":{"@type":"EntryPoint","urlTemplate":"https:\/\/mendozatours.com.ar\/?s={search_term_string}"},"query-input":{"@type":"PropertyValueSpecification","valueRequired":true,"valueName":"search_term_string"}}],"inLanguage":"pt-BR"},{"@type":"Organization","@id":"https:\/\/mendozatours.com.ar\/#organization","name":"Mendoza Tours","url":"https:\/\/mendozatours.com.ar\/","logo":{"@type":"ImageObject","inLanguage":"pt-BR","@id":"https:\/\/mendozatours.com.ar\/#\/schema\/logo\/image\/","url":"https:\/\/mendozatours.com.ar\/wp-content\/uploads\/2024\/03\/logolaukevariante-pdf.png","contentUrl":"https:\/\/mendozatours.com.ar\/wp-content\/uploads\/2024\/03\/logolaukevariante-pdf.png","width":2160,"height":548,"caption":"Mendoza Tours"},"image":{"@id":"https:\/\/mendozatours.com.ar\/#\/schema\/logo\/image\/"},"sameAs":["https:\/\/www.facebook.com\/people\/Lauke-Mendoza-Tours\/100083604391080\/","https:\/\/www.instagram.com\/laukemendozatours\/"]}]}},"_links":{"self":[{"href":"https:\/\/mendozatours.com.ar\/pt\/wp-json\/wp\/v2\/product\/19866","targetHints":{"allow":["GET"]}}],"collection":[{"href":"https:\/\/mendozatours.com.ar\/pt\/wp-json\/wp\/v2\/product"}],"about":[{"href":"https:\/\/mendozatours.com.ar\/pt\/wp-json\/wp\/v2\/types\/product"}],"version-history":[{"count":2,"href":"https:\/\/mendozatours.com.ar\/pt\/wp-json\/wp\/v2\/product\/19866\/revisions"}],"predecessor-version":[{"id":19907,"href":"https:\/\/mendozatours.com.ar\/pt\/wp-json\/wp\/v2\/product\/19866\/revisions\/19907"}],"wp:featuredmedia":[{"embeddable":true,"href":"https:\/\/mendozatours.com.ar\/pt\/wp-json\/wp\/v2\/media\/10280"}],"wp:attachment":[{"href":"https:\/\/mendozatours.com.ar\/pt\/wp-json\/wp\/v2\/media?parent=19866"}],"wp:term":[{"taxonomy":"product_brand","embeddable":true,"href":"https:\/\/mendozatours.com.ar\/pt\/wp-json\/wp\/v2\/product_brand?post=19866"},{"taxonomy":"product_cat","embeddable":true,"href":"https:\/\/mendozatours.com.ar\/pt\/wp-json\/wp\/v2\/product_cat?post=19866"},{"taxonomy":"product_tag","embeddable":true,"href":"https:\/\/mendozatours.com.ar\/pt\/wp-json\/wp\/v2\/product_tag?post=19866"},{"taxonomy":"giftcard-category","embeddable":true,"href":"https:\/\/mendozatours.com.ar\/pt\/wp-json\/wp\/v2\/giftcard-category?post=19866"}],"curies":[{"name":"wp","href":"https:\/\/api.w.org\/{rel}","templated":true}]}}