{"id":19862,"date":"2026-04-01T11:53:48","date_gmt":"2026-04-01T14:53:48","guid":{"rendered":"https:\/\/mendozatours.com.ar\/?post_type=product&#038;p=19862"},"modified":"2026-04-01T13:00:29","modified_gmt":"2026-04-01T16:00:29","slug":"ciudad-montana-y-almuerzo-en-bodega","status":"publish","type":"product","link":"https:\/\/mendozatours.com.ar\/pt\/reserva\/ciudad-montana-y-almuerzo-en-bodega\/","title":{"rendered":"Ciudad, monta\u00f1a y almuerzo en bodega"},"content":{"rendered":"<p>Come\u00e7amos a viagem \u00e0s 8:00 horas, iniciando o trajeto pela famosa Ruta Provincial N\u00b082. A primeira parada \u00e9 na impressionante Represa Potrerillos, localizada na Cordilheira dos Andes, onde voc\u00ea tomar\u00e1 o caf\u00e9 da manh\u00e3 enquanto se maravilha com as imponentes Altas Cumbres. Aqui, voc\u00ea poder\u00e1 tirar fotos inesquec\u00edveis em uma paisagem de beleza \u00fanica.<\/p>\n<p>Luego, continuamos hacia el mirador de Las Vegas, un lugar m\u00e1gico que ofrece una vista de 360\u00b0 en un entorno tranquilo y armonioso. Despu\u00e9s, tomamos la Ruta Nacional 7 para dirigirnos a la bodega Viamonte en Luj\u00e1n de Cuyo, donde se disfruta de un almuerzo de pasos maridado con vinos.<\/p>\n<p>Em seguida, exploraremos os destaques hist\u00f3ricos de Mendoza. Visitaremos o Cerro de la Gloria, que abriga o monumento ao Ex\u00e9rcito dos Andes, um tributo \u00e0 campanha de liberta\u00e7\u00e3o. Em seguida, entraremos no Parque General San Martin, o pulm\u00e3o verde da cidade, onde voc\u00ea poder\u00e1 admirar suas fontes de \u00e1gua e a vegeta\u00e7\u00e3o exuberante. Terminamos o passeio visitando as principais pra\u00e7as e o Centro C\u00edvico, onde est\u00e1 localizada a Bandeira do Ex\u00e9rcito dos Andes, s\u00edmbolo da independ\u00eancia sul-americana.<\/p>\n<p>No final, retornaremos \u00e0 sua acomoda\u00e7\u00e3o, culminando um dia em que o melhor de Mendoza \u00e9 combinado em uma experi\u00eancia \u00fanica e inesquec\u00edvel.<\/p>","protected":false},"excerpt":{"rendered":"<p>Iniciamos el viaje a las 8:00 a.m., comenzando la traves\u00eda por la famosa Ruta Provincial N\u00b082. La primera parada es en el impresionante dique Potrerillos, ubicado en la cordillera de los Andes, donde se disfruta de un desayuno mientras te maravillas con las imponentes Altas Cumbres. Aqu\u00ed, puedes capturar fotos inolvidables en un paisaje de [&hellip;]<\/p>","protected":false},"featured_media":11609,"template":"","meta":{"_joinchat":[]},"product_brand":[],"product_cat":[228],"product_tag":[],"giftcard-category":[],"class_list":{"0":"post-19862","1":"product","2":"type-product","3":"status-publish","4":"has-post-thumbnail","6":"product_cat-reservas","8":"first","9":"instock","10":"virtual","11":"sold-individually","12":"taxable","13":"purchasable","14":"product-type-booking"},"yoast_head":"<!-- This site is optimized with the Yoast SEO plugin v27.2 - https:\/\/yoast.com\/product\/yoast-seo-wordpress\/ -->\n<title>Ciudad, monta\u00f1a y almuerzo en bodega - Mendoza Tours<\/title>\n<meta name=\"robots\" content=\"noindex, follow\" \/>\n<meta property=\"og:locale\" content=\"pt_BR\" \/>\n<meta property=\"og:type\" content=\"article\" \/>\n<meta property=\"og:title\" content=\"Ciudad, monta\u00f1a y almuerzo en bodega - Mendoza Tours\" \/>\n<meta property=\"og:description\" content=\"Iniciamos el viaje a las 8:00 a.m., comenzando la traves\u00eda por la famosa Ruta Provincial N\u00b082. La primera parada es en el impresionante dique Potrerillos, ubicado en la cordillera de los Andes, donde se disfruta de un desayuno mientras te maravillas con las imponentes Altas Cumbres. Aqu\u00ed, puedes capturar fotos inolvidables en un paisaje de [&hellip;]\" \/>\n<meta property=\"og:url\" content=\"https:\/\/mendozatours.com.ar\/pt\/reserva\/ciudad-montana-y-almuerzo-en-bodega\/\" \/>\n<meta property=\"og:site_name\" content=\"Mendoza Tours\" \/>\n<meta property=\"article:publisher\" content=\"https:\/\/www.facebook.com\/people\/Lauke-Mendoza-Tours\/100083604391080\/\" \/>\n<meta property=\"article:modified_time\" content=\"2026-04-01T16:00:29+00:00\" \/>\n<meta property=\"og:image\" content=\"https:\/\/mendozatours.com.ar\/wp-content\/uploads\/2023\/09\/Ciudad-montana-y-bodega-Lauke-Tours-1-e1732728945317.jpg\" \/>\n\t<meta property=\"og:image:width\" content=\"1500\" \/>\n\t<meta property=\"og:image:height\" content=\"830\" \/>\n\t<meta property=\"og:image:type\" content=\"image\/jpeg\" \/>\n<meta name=\"twitter:card\" content=\"summary_large_image\" \/>\n<!-- \/ Yoast SEO plugin. -->","yoast_head_json":{"title":"Ciudad, monta\u00f1a y almuerzo en bodega - Mendoza Tours","robots":{"index":"noindex","follow":"follow"},"og_locale":"pt_BR","og_type":"article","og_title":"Ciudad, monta\u00f1a y almuerzo en bodega - Mendoza Tours","og_description":"Iniciamos el viaje a las 8:00 a.m., comenzando la traves\u00eda por la famosa Ruta Provincial N\u00b082. La primera parada es en el impresionante dique Potrerillos, ubicado en la cordillera de los Andes, donde se disfruta de un desayuno mientras te maravillas con las imponentes Altas Cumbres. Aqu\u00ed, puedes capturar fotos inolvidables en un paisaje de [&hellip;]","og_url":"https:\/\/mendozatours.com.ar\/pt\/reserva\/ciudad-montana-y-almuerzo-en-bodega\/","og_site_name":"Mendoza Tours","article_publisher":"https:\/\/www.facebook.com\/people\/Lauke-Mendoza-Tours\/100083604391080\/","article_modified_time":"2026-04-01T16:00:29+00:00","og_image":[{"width":1500,"height":830,"url":"https:\/\/mendozatours.com.ar\/wp-content\/uploads\/2023\/09\/Ciudad-montana-y-bodega-Lauke-Tours-1-e1732728945317.jpg","type":"image\/jpeg"}],"twitter_card":"summary_large_image","schema":{"@context":"https:\/\/schema.org","@graph":[{"@type":"WebPage","@id":"https:\/\/mendozatours.com.ar\/reserva\/ciudad-montana-y-almuerzo-en-bodega\/","url":"https:\/\/mendozatours.com.ar\/reserva\/ciudad-montana-y-almuerzo-en-bodega\/","name":"Ciudad, monta\u00f1a y almuerzo en bodega - Mendoza Tours","isPartOf":{"@id":"https:\/\/mendozatours.com.ar\/#website"},"primaryImageOfPage":{"@id":"https:\/\/mendozatours.com.ar\/reserva\/ciudad-montana-y-almuerzo-en-bodega\/#primaryimage"},"image":{"@id":"https:\/\/mendozatours.com.ar\/reserva\/ciudad-montana-y-almuerzo-en-bodega\/#primaryimage"},"thumbnailUrl":"https:\/\/mendozatours.com.ar\/wp-content\/uploads\/2023\/09\/Ciudad-montana-y-bodega-Lauke-Tours-1-e1732728945317.jpg","datePublished":"2026-04-01T14:53:48+00:00","dateModified":"2026-04-01T16:00:29+00:00","breadcrumb":{"@id":"https:\/\/mendozatours.com.ar\/reserva\/ciudad-montana-y-almuerzo-en-bodega\/#breadcrumb"},"inLanguage":"pt-BR","potentialAction":[{"@type":"ReadAction","target":["https:\/\/mendozatours.com.ar\/reserva\/ciudad-montana-y-almuerzo-en-bodega\/"]}]},{"@type":"ImageObject","inLanguage":"pt-BR","@id":"https:\/\/mendozatours.com.ar\/reserva\/ciudad-montana-y-almuerzo-en-bodega\/#primaryimage","url":"https:\/\/mendozatours.com.ar\/wp-content\/uploads\/2023\/09\/Ciudad-montana-y-bodega-Lauke-Tours-1-e1732728945317.jpg","contentUrl":"https:\/\/mendozatours.com.ar\/wp-content\/uploads\/2023\/09\/Ciudad-montana-y-bodega-Lauke-Tours-1-e1732728945317.jpg","width":1500,"height":830},{"@type":"BreadcrumbList","@id":"https:\/\/mendozatours.com.ar\/reserva\/ciudad-montana-y-almuerzo-en-bodega\/#breadcrumb","itemListElement":[{"@type":"ListItem","position":1,"name":"Home","item":"https:\/\/mendozatours.com.ar\/"},{"@type":"ListItem","position":2,"name":"Productos","item":"https:\/\/mendozatours.com.ar\/tienda\/"},{"@type":"ListItem","position":3,"name":"Ciudad, monta\u00f1a y almuerzo en bodega"}]},{"@type":"WebSite","@id":"https:\/\/mendozatours.com.ar\/#website","url":"https:\/\/mendozatours.com.ar\/","name":"Lauketours | Tours y actividades","description":"Excursiones en Mendoza","publisher":{"@id":"https:\/\/mendozatours.com.ar\/#organization"},"potentialAction":[{"@type":"SearchAction","target":{"@type":"EntryPoint","urlTemplate":"https:\/\/mendozatours.com.ar\/?s={search_term_string}"},"query-input":{"@type":"PropertyValueSpecification","valueRequired":true,"valueName":"search_term_string"}}],"inLanguage":"pt-BR"},{"@type":"Organization","@id":"https:\/\/mendozatours.com.ar\/#organization","name":"Mendoza Tours","url":"https:\/\/mendozatours.com.ar\/","logo":{"@type":"ImageObject","inLanguage":"pt-BR","@id":"https:\/\/mendozatours.com.ar\/#\/schema\/logo\/image\/","url":"https:\/\/mendozatours.com.ar\/wp-content\/uploads\/2024\/03\/logolaukevariante-pdf.png","contentUrl":"https:\/\/mendozatours.com.ar\/wp-content\/uploads\/2024\/03\/logolaukevariante-pdf.png","width":2160,"height":548,"caption":"Mendoza Tours"},"image":{"@id":"https:\/\/mendozatours.com.ar\/#\/schema\/logo\/image\/"},"sameAs":["https:\/\/www.facebook.com\/people\/Lauke-Mendoza-Tours\/100083604391080\/","https:\/\/www.instagram.com\/laukemendozatours\/"]}]}},"_links":{"self":[{"href":"https:\/\/mendozatours.com.ar\/pt\/wp-json\/wp\/v2\/product\/19862","targetHints":{"allow":["GET"]}}],"collection":[{"href":"https:\/\/mendozatours.com.ar\/pt\/wp-json\/wp\/v2\/product"}],"about":[{"href":"https:\/\/mendozatours.com.ar\/pt\/wp-json\/wp\/v2\/types\/product"}],"version-history":[{"count":3,"href":"https:\/\/mendozatours.com.ar\/pt\/wp-json\/wp\/v2\/product\/19862\/revisions"}],"predecessor-version":[{"id":19909,"href":"https:\/\/mendozatours.com.ar\/pt\/wp-json\/wp\/v2\/product\/19862\/revisions\/19909"}],"wp:featuredmedia":[{"embeddable":true,"href":"https:\/\/mendozatours.com.ar\/pt\/wp-json\/wp\/v2\/media\/11609"}],"wp:attachment":[{"href":"https:\/\/mendozatours.com.ar\/pt\/wp-json\/wp\/v2\/media?parent=19862"}],"wp:term":[{"taxonomy":"product_brand","embeddable":true,"href":"https:\/\/mendozatours.com.ar\/pt\/wp-json\/wp\/v2\/product_brand?post=19862"},{"taxonomy":"product_cat","embeddable":true,"href":"https:\/\/mendozatours.com.ar\/pt\/wp-json\/wp\/v2\/product_cat?post=19862"},{"taxonomy":"product_tag","embeddable":true,"href":"https:\/\/mendozatours.com.ar\/pt\/wp-json\/wp\/v2\/product_tag?post=19862"},{"taxonomy":"giftcard-category","embeddable":true,"href":"https:\/\/mendozatours.com.ar\/pt\/wp-json\/wp\/v2\/giftcard-category?post=19862"}],"curies":[{"name":"wp","href":"https:\/\/api.w.org\/{rel}","templated":true}]}}