{"id":19857,"date":"2026-04-01T11:39:06","date_gmt":"2026-04-01T14:39:06","guid":{"rendered":"https:\/\/mendozatours.com.ar\/?post_type=product&#038;p=19857"},"modified":"2026-04-01T13:00:43","modified_gmt":"2026-04-01T16:00:43","slug":"cacheuta-potrerillos-y-bodega","status":"publish","type":"product","link":"https:\/\/mendozatours.com.ar\/pt\/reserva\/cacheuta-potrerillos-y-bodega\/","title":{"rendered":"Cacheuta, Potrerillos y Bodega"},"content":{"rendered":"<p>La experiencia comienza recorriendo la Ruta Provincial N.\u00ba 82, acompa\u00f1ando el curso del r\u00edo Mendoza, hasta llegar al tradicional pueblo de <strong>Cacheuta<\/strong>, un rinc\u00f3n hist\u00f3rico de la precordillera mendocina. All\u00ed se realiza un paseo por el pueblo, con tiempo para caminar, disfrutar del entorno natural y visitar su emblem\u00e1tico puente colgante, uno de los puntos m\u00e1s fotografiados de la zona.<\/p>\n<p>Luego, el recorrido contin\u00faa atravesando el t\u00fanel que conecta Cacheuta con <strong>Potrerillos<\/strong>, desde donde se obtienen vistas imponentes del Cord\u00f3n del Plata, principal fuente h\u00eddrica de la provincia. Llegamos al dique Potrerillos, un impactante espejo de agua enclavado en la Cordillera de los Andes, donde visitamos distintos miradores y contamos con tiempo libre para fotograf\u00edas, con las Altas Cumbres como marco natural.<\/p>\n<p>La jornada culmina en <strong>Bodega Penedo Borges<\/strong>, ubicada en Luj\u00e1n de Cuyo, en uno de los terroirs m\u00e1s reconocidos de Mendoza. Esta bodega boutique se distingue por su producci\u00f3n limitada, moderna y artesanal, enfocada en vinos de alta gama que reflejan con autenticidad la identidad del vi\u00f1edo y de cada varietal, bajo el concepto Single Vineyard.<\/p>\n<p>All\u00ed se disfruta de un almuerzo de cinco pasos maridado con vinos de la casa, una propuesta gastron\u00f3mica que fusiona sabores regionales con vistas privilegiadas a la Cordillera de los Andes, brindando el cierre ideal para la experiencia antes del regreso a la ciudad de Mendoza.<\/p>","protected":false},"excerpt":{"rendered":"<p>La experiencia comienza recorriendo la Ruta Provincial N.\u00ba 82, acompa\u00f1ando el curso del r\u00edo Mendoza, hasta llegar al tradicional pueblo de Cacheuta, un rinc\u00f3n hist\u00f3rico de la precordillera mendocina. All\u00ed se realiza un paseo por el pueblo, con tiempo para caminar, disfrutar del entorno natural y visitar su emblem\u00e1tico puente colgante, uno de los puntos [&hellip;]<\/p>","protected":false},"featured_media":17592,"template":"","meta":{"_joinchat":[]},"product_brand":[],"product_cat":[228],"product_tag":[],"giftcard-category":[],"class_list":{"0":"post-19857","1":"product","2":"type-product","3":"status-publish","4":"has-post-thumbnail","6":"product_cat-reservas","8":"first","9":"instock","10":"virtual","11":"sold-individually","12":"taxable","13":"purchasable","14":"product-type-booking"},"yoast_head":"<!-- This site is optimized with the Yoast SEO plugin v27.2 - https:\/\/yoast.com\/product\/yoast-seo-wordpress\/ -->\n<title>Cacheuta, Potrerillos y Bodega - Mendoza Tours<\/title>\n<meta name=\"robots\" content=\"noindex, follow\" \/>\n<meta property=\"og:locale\" content=\"pt_BR\" \/>\n<meta property=\"og:type\" content=\"article\" \/>\n<meta property=\"og:title\" content=\"Cacheuta, Potrerillos y Bodega - Mendoza Tours\" \/>\n<meta property=\"og:description\" content=\"La experiencia comienza recorriendo la Ruta Provincial N.\u00ba 82, acompa\u00f1ando el curso del r\u00edo Mendoza, hasta llegar al tradicional pueblo de Cacheuta, un rinc\u00f3n hist\u00f3rico de la precordillera mendocina. All\u00ed se realiza un paseo por el pueblo, con tiempo para caminar, disfrutar del entorno natural y visitar su emblem\u00e1tico puente colgante, uno de los puntos [&hellip;]\" \/>\n<meta property=\"og:url\" content=\"https:\/\/mendozatours.com.ar\/pt\/reserva\/cacheuta-potrerillos-y-bodega\/\" \/>\n<meta property=\"og:site_name\" content=\"Mendoza Tours\" \/>\n<meta property=\"article:publisher\" content=\"https:\/\/www.facebook.com\/people\/Lauke-Mendoza-Tours\/100083604391080\/\" \/>\n<meta property=\"article:modified_time\" content=\"2026-04-01T16:00:43+00:00\" \/>\n<meta property=\"og:image\" content=\"https:\/\/mendozatours.com.ar\/wp-content\/uploads\/2025\/12\/Paseo-por-Cacheuta-y-Potrerillos-Dique-Potrerillos-Lauke-Tours-scaled.jpg\" \/>\n\t<meta property=\"og:image:width\" content=\"2560\" \/>\n\t<meta property=\"og:image:height\" content=\"1438\" \/>\n\t<meta property=\"og:image:type\" content=\"image\/jpeg\" \/>\n<meta name=\"twitter:card\" content=\"summary_large_image\" \/>\n<!-- \/ Yoast SEO plugin. -->","yoast_head_json":{"title":"Cacheuta, Potrerillos y Bodega - Mendoza Tours","robots":{"index":"noindex","follow":"follow"},"og_locale":"pt_BR","og_type":"article","og_title":"Cacheuta, Potrerillos y Bodega - Mendoza Tours","og_description":"La experiencia comienza recorriendo la Ruta Provincial N.\u00ba 82, acompa\u00f1ando el curso del r\u00edo Mendoza, hasta llegar al tradicional pueblo de Cacheuta, un rinc\u00f3n hist\u00f3rico de la precordillera mendocina. All\u00ed se realiza un paseo por el pueblo, con tiempo para caminar, disfrutar del entorno natural y visitar su emblem\u00e1tico puente colgante, uno de los puntos [&hellip;]","og_url":"https:\/\/mendozatours.com.ar\/pt\/reserva\/cacheuta-potrerillos-y-bodega\/","og_site_name":"Mendoza Tours","article_publisher":"https:\/\/www.facebook.com\/people\/Lauke-Mendoza-Tours\/100083604391080\/","article_modified_time":"2026-04-01T16:00:43+00:00","og_image":[{"width":2560,"height":1438,"url":"https:\/\/mendozatours.com.ar\/wp-content\/uploads\/2025\/12\/Paseo-por-Cacheuta-y-Potrerillos-Dique-Potrerillos-Lauke-Tours-scaled.jpg","type":"image\/jpeg"}],"twitter_card":"summary_large_image","schema":{"@context":"https:\/\/schema.org","@graph":[{"@type":"WebPage","@id":"https:\/\/mendozatours.com.ar\/reserva\/cacheuta-potrerillos-y-bodega\/","url":"https:\/\/mendozatours.com.ar\/reserva\/cacheuta-potrerillos-y-bodega\/","name":"Cacheuta, Potrerillos y Bodega - Mendoza Tours","isPartOf":{"@id":"https:\/\/mendozatours.com.ar\/#website"},"primaryImageOfPage":{"@id":"https:\/\/mendozatours.com.ar\/reserva\/cacheuta-potrerillos-y-bodega\/#primaryimage"},"image":{"@id":"https:\/\/mendozatours.com.ar\/reserva\/cacheuta-potrerillos-y-bodega\/#primaryimage"},"thumbnailUrl":"https:\/\/mendozatours.com.ar\/wp-content\/uploads\/2025\/12\/Paseo-por-Cacheuta-y-Potrerillos-Dique-Potrerillos-Lauke-Tours-scaled.jpg","datePublished":"2026-04-01T14:39:06+00:00","dateModified":"2026-04-01T16:00:43+00:00","breadcrumb":{"@id":"https:\/\/mendozatours.com.ar\/reserva\/cacheuta-potrerillos-y-bodega\/#breadcrumb"},"inLanguage":"pt-BR","potentialAction":[{"@type":"ReadAction","target":["https:\/\/mendozatours.com.ar\/reserva\/cacheuta-potrerillos-y-bodega\/"]}]},{"@type":"ImageObject","inLanguage":"pt-BR","@id":"https:\/\/mendozatours.com.ar\/reserva\/cacheuta-potrerillos-y-bodega\/#primaryimage","url":"https:\/\/mendozatours.com.ar\/wp-content\/uploads\/2025\/12\/Paseo-por-Cacheuta-y-Potrerillos-Dique-Potrerillos-Lauke-Tours-scaled.jpg","contentUrl":"https:\/\/mendozatours.com.ar\/wp-content\/uploads\/2025\/12\/Paseo-por-Cacheuta-y-Potrerillos-Dique-Potrerillos-Lauke-Tours-scaled.jpg","width":2560,"height":1438},{"@type":"BreadcrumbList","@id":"https:\/\/mendozatours.com.ar\/reserva\/cacheuta-potrerillos-y-bodega\/#breadcrumb","itemListElement":[{"@type":"ListItem","position":1,"name":"Home","item":"https:\/\/mendozatours.com.ar\/"},{"@type":"ListItem","position":2,"name":"Productos","item":"https:\/\/mendozatours.com.ar\/tienda\/"},{"@type":"ListItem","position":3,"name":"Cacheuta, Potrerillos y Bodega"}]},{"@type":"WebSite","@id":"https:\/\/mendozatours.com.ar\/#website","url":"https:\/\/mendozatours.com.ar\/","name":"Lauketours | Tours y actividades","description":"Excursiones en Mendoza","publisher":{"@id":"https:\/\/mendozatours.com.ar\/#organization"},"potentialAction":[{"@type":"SearchAction","target":{"@type":"EntryPoint","urlTemplate":"https:\/\/mendozatours.com.ar\/?s={search_term_string}"},"query-input":{"@type":"PropertyValueSpecification","valueRequired":true,"valueName":"search_term_string"}}],"inLanguage":"pt-BR"},{"@type":"Organization","@id":"https:\/\/mendozatours.com.ar\/#organization","name":"Mendoza Tours","url":"https:\/\/mendozatours.com.ar\/","logo":{"@type":"ImageObject","inLanguage":"pt-BR","@id":"https:\/\/mendozatours.com.ar\/#\/schema\/logo\/image\/","url":"https:\/\/mendozatours.com.ar\/wp-content\/uploads\/2024\/03\/logolaukevariante-pdf.png","contentUrl":"https:\/\/mendozatours.com.ar\/wp-content\/uploads\/2024\/03\/logolaukevariante-pdf.png","width":2160,"height":548,"caption":"Mendoza Tours"},"image":{"@id":"https:\/\/mendozatours.com.ar\/#\/schema\/logo\/image\/"},"sameAs":["https:\/\/www.facebook.com\/people\/Lauke-Mendoza-Tours\/100083604391080\/","https:\/\/www.instagram.com\/laukemendozatours\/"]}]}},"_links":{"self":[{"href":"https:\/\/mendozatours.com.ar\/pt\/wp-json\/wp\/v2\/product\/19857","targetHints":{"allow":["GET"]}}],"collection":[{"href":"https:\/\/mendozatours.com.ar\/pt\/wp-json\/wp\/v2\/product"}],"about":[{"href":"https:\/\/mendozatours.com.ar\/pt\/wp-json\/wp\/v2\/types\/product"}],"version-history":[{"count":2,"href":"https:\/\/mendozatours.com.ar\/pt\/wp-json\/wp\/v2\/product\/19857\/revisions"}],"predecessor-version":[{"id":19910,"href":"https:\/\/mendozatours.com.ar\/pt\/wp-json\/wp\/v2\/product\/19857\/revisions\/19910"}],"wp:featuredmedia":[{"embeddable":true,"href":"https:\/\/mendozatours.com.ar\/pt\/wp-json\/wp\/v2\/media\/17592"}],"wp:attachment":[{"href":"https:\/\/mendozatours.com.ar\/pt\/wp-json\/wp\/v2\/media?parent=19857"}],"wp:term":[{"taxonomy":"product_brand","embeddable":true,"href":"https:\/\/mendozatours.com.ar\/pt\/wp-json\/wp\/v2\/product_brand?post=19857"},{"taxonomy":"product_cat","embeddable":true,"href":"https:\/\/mendozatours.com.ar\/pt\/wp-json\/wp\/v2\/product_cat?post=19857"},{"taxonomy":"product_tag","embeddable":true,"href":"https:\/\/mendozatours.com.ar\/pt\/wp-json\/wp\/v2\/product_tag?post=19857"},{"taxonomy":"giftcard-category","embeddable":true,"href":"https:\/\/mendozatours.com.ar\/pt\/wp-json\/wp\/v2\/giftcard-category?post=19857"}],"curies":[{"name":"wp","href":"https:\/\/api.w.org\/{rel}","templated":true}]}}