{"id":19855,"date":"2026-04-01T11:29:20","date_gmt":"2026-04-01T14:29:20","guid":{"rendered":"https:\/\/mendozatours.com.ar\/?post_type=product&#038;p=19855"},"modified":"2026-04-01T13:02:27","modified_gmt":"2026-04-01T16:02:27","slug":"cabalgata-y-asado-en-tupungato","status":"publish","type":"product","link":"https:\/\/mendozatours.com.ar\/pt\/reserva\/cabalgata-y-asado-en-tupungato\/","title":{"rendered":"Cabalgata y asado en Tupungato"},"content":{"rendered":"<p>Experimente uma inesquec\u00edvel cavalgada aos p\u00e9s da Cordilheira dos Andes, subindo at\u00e9 um mirante localizado a uma altitude de 2.500 metros. De l\u00e1, as vistas panor\u00e2micas s\u00e3o inigual\u00e1veis, com destaque para o imponente vulc\u00e3o Tupungato e o famoso Cord\u00f3n del Plata.<\/p>\n<p>Essa excurs\u00e3o acontece em La Carrera (Tupungato), um destino encantador em qualquer \u00e9poca do ano. Aqui voc\u00ea encontrar\u00e1 a Estancia Casa Los Coirones, conhecida por oferecer uma combina\u00e7\u00e3o \u00fanica de cavalgadas e gastronomia de alta qualidade.<\/p>\n<p>Depois de duas horas a cavalo, o passeio culmina com um delicioso almo\u00e7o crioulo. Delicie-se com um aut\u00eantico card\u00e1pio argentino com empanadas e asado, completando uma experi\u00eancia perfeita.<\/p>","protected":false},"excerpt":{"rendered":"<p>Experimenta una cabalgata inolvidable al pie de la Cordillera de Los Andes, ascendiendo hasta un mirador situado a 2.500 metros de altura. Desde all\u00ed, las vistas panor\u00e1micas son inigualables, destac\u00e1ndose el imponente volc\u00e1n Tupungato y el famoso Cord\u00f3n del Plata. Esta excursi\u00f3n se lleva a cabo en La Carrera (Tupungato), un destino encantador en cualquier [&hellip;]<\/p>","protected":false},"featured_media":7031,"template":"","meta":{"_joinchat":[]},"product_brand":[],"product_cat":[228],"product_tag":[],"giftcard-category":[],"class_list":{"0":"post-19855","1":"product","2":"type-product","3":"status-publish","4":"has-post-thumbnail","6":"product_cat-reservas","8":"first","9":"instock","10":"virtual","11":"sold-individually","12":"taxable","13":"purchasable","14":"product-type-booking"},"yoast_head":"<!-- This site is optimized with the Yoast SEO plugin v27.3 - https:\/\/yoast.com\/product\/yoast-seo-wordpress\/ -->\n<title>Cabalgata y asado en Tupungato - Mendoza Tours<\/title>\n<meta name=\"robots\" content=\"noindex, follow\" \/>\n<meta property=\"og:locale\" content=\"pt_BR\" \/>\n<meta property=\"og:type\" content=\"article\" \/>\n<meta property=\"og:title\" content=\"Cabalgata y asado en Tupungato - Mendoza Tours\" \/>\n<meta property=\"og:description\" content=\"Experimenta una cabalgata inolvidable al pie de la Cordillera de Los Andes, ascendiendo hasta un mirador situado a 2.500 metros de altura. Desde all\u00ed, las vistas panor\u00e1micas son inigualables, destac\u00e1ndose el imponente volc\u00e1n Tupungato y el famoso Cord\u00f3n del Plata. Esta excursi\u00f3n se lleva a cabo en La Carrera (Tupungato), un destino encantador en cualquier [&hellip;]\" \/>\n<meta property=\"og:url\" content=\"https:\/\/mendozatours.com.ar\/pt\/reserva\/cabalgata-y-asado-en-tupungato\/\" \/>\n<meta property=\"og:site_name\" content=\"Mendoza Tours\" \/>\n<meta property=\"article:publisher\" content=\"https:\/\/www.facebook.com\/people\/Lauke-Mendoza-Tours\/100083604391080\/\" \/>\n<meta property=\"article:modified_time\" content=\"2026-04-01T16:02:27+00:00\" \/>\n<meta property=\"og:image\" content=\"https:\/\/mendozatours.com.ar\/wp-content\/uploads\/2024\/06\/Cabalgata-montana-y-asado-en-Tupungato-_-Lauke-Tours-scaled-e1717590428505.jpg\" \/>\n\t<meta property=\"og:image:width\" content=\"2560\" \/>\n\t<meta property=\"og:image:height\" content=\"1233\" \/>\n\t<meta property=\"og:image:type\" content=\"image\/jpeg\" \/>\n<meta name=\"twitter:card\" content=\"summary_large_image\" \/>\n<!-- \/ Yoast SEO plugin. -->","yoast_head_json":{"title":"Cabalgata y asado en Tupungato - Mendoza Tours","robots":{"index":"noindex","follow":"follow"},"og_locale":"pt_BR","og_type":"article","og_title":"Cabalgata y asado en Tupungato - Mendoza Tours","og_description":"Experimenta una cabalgata inolvidable al pie de la Cordillera de Los Andes, ascendiendo hasta un mirador situado a 2.500 metros de altura. Desde all\u00ed, las vistas panor\u00e1micas son inigualables, destac\u00e1ndose el imponente volc\u00e1n Tupungato y el famoso Cord\u00f3n del Plata. Esta excursi\u00f3n se lleva a cabo en La Carrera (Tupungato), un destino encantador en cualquier [&hellip;]","og_url":"https:\/\/mendozatours.com.ar\/pt\/reserva\/cabalgata-y-asado-en-tupungato\/","og_site_name":"Mendoza Tours","article_publisher":"https:\/\/www.facebook.com\/people\/Lauke-Mendoza-Tours\/100083604391080\/","article_modified_time":"2026-04-01T16:02:27+00:00","og_image":[{"width":2560,"height":1233,"url":"https:\/\/mendozatours.com.ar\/wp-content\/uploads\/2024\/06\/Cabalgata-montana-y-asado-en-Tupungato-_-Lauke-Tours-scaled-e1717590428505.jpg","type":"image\/jpeg"}],"twitter_card":"summary_large_image","schema":{"@context":"https:\/\/schema.org","@graph":[{"@type":"WebPage","@id":"https:\/\/mendozatours.com.ar\/reserva\/cabalgata-y-asado-en-tupungato\/","url":"https:\/\/mendozatours.com.ar\/reserva\/cabalgata-y-asado-en-tupungato\/","name":"Cabalgata y asado en Tupungato - Mendoza Tours","isPartOf":{"@id":"https:\/\/mendozatours.com.ar\/#website"},"primaryImageOfPage":{"@id":"https:\/\/mendozatours.com.ar\/reserva\/cabalgata-y-asado-en-tupungato\/#primaryimage"},"image":{"@id":"https:\/\/mendozatours.com.ar\/reserva\/cabalgata-y-asado-en-tupungato\/#primaryimage"},"thumbnailUrl":"https:\/\/mendozatours.com.ar\/wp-content\/uploads\/2024\/06\/Cabalgata-montana-y-asado-en-Tupungato-_-Lauke-Tours-scaled-e1717590428505.jpg","datePublished":"2026-04-01T14:29:20+00:00","dateModified":"2026-04-01T16:02:27+00:00","breadcrumb":{"@id":"https:\/\/mendozatours.com.ar\/reserva\/cabalgata-y-asado-en-tupungato\/#breadcrumb"},"inLanguage":"pt-BR","potentialAction":[{"@type":"ReadAction","target":["https:\/\/mendozatours.com.ar\/reserva\/cabalgata-y-asado-en-tupungato\/"]}]},{"@type":"ImageObject","inLanguage":"pt-BR","@id":"https:\/\/mendozatours.com.ar\/reserva\/cabalgata-y-asado-en-tupungato\/#primaryimage","url":"https:\/\/mendozatours.com.ar\/wp-content\/uploads\/2024\/06\/Cabalgata-montana-y-asado-en-Tupungato-_-Lauke-Tours-scaled-e1717590428505.jpg","contentUrl":"https:\/\/mendozatours.com.ar\/wp-content\/uploads\/2024\/06\/Cabalgata-montana-y-asado-en-Tupungato-_-Lauke-Tours-scaled-e1717590428505.jpg","width":2560,"height":1233},{"@type":"BreadcrumbList","@id":"https:\/\/mendozatours.com.ar\/reserva\/cabalgata-y-asado-en-tupungato\/#breadcrumb","itemListElement":[{"@type":"ListItem","position":1,"name":"Home","item":"https:\/\/mendozatours.com.ar\/"},{"@type":"ListItem","position":2,"name":"Productos","item":"https:\/\/mendozatours.com.ar\/tienda\/"},{"@type":"ListItem","position":3,"name":"Cabalgata y asado en Tupungato"}]},{"@type":"WebSite","@id":"https:\/\/mendozatours.com.ar\/#website","url":"https:\/\/mendozatours.com.ar\/","name":"Lauketours | Tours y actividades","description":"Excursiones en Mendoza","publisher":{"@id":"https:\/\/mendozatours.com.ar\/#organization"},"potentialAction":[{"@type":"SearchAction","target":{"@type":"EntryPoint","urlTemplate":"https:\/\/mendozatours.com.ar\/?s={search_term_string}"},"query-input":{"@type":"PropertyValueSpecification","valueRequired":true,"valueName":"search_term_string"}}],"inLanguage":"pt-BR"},{"@type":"Organization","@id":"https:\/\/mendozatours.com.ar\/#organization","name":"Mendoza Tours","url":"https:\/\/mendozatours.com.ar\/","logo":{"@type":"ImageObject","inLanguage":"pt-BR","@id":"https:\/\/mendozatours.com.ar\/#\/schema\/logo\/image\/","url":"https:\/\/mendozatours.com.ar\/wp-content\/uploads\/2024\/03\/logolaukevariante-pdf.png","contentUrl":"https:\/\/mendozatours.com.ar\/wp-content\/uploads\/2024\/03\/logolaukevariante-pdf.png","width":2160,"height":548,"caption":"Mendoza Tours"},"image":{"@id":"https:\/\/mendozatours.com.ar\/#\/schema\/logo\/image\/"},"sameAs":["https:\/\/www.facebook.com\/people\/Lauke-Mendoza-Tours\/100083604391080\/","https:\/\/www.instagram.com\/laukemendozatours\/"]}]}},"_links":{"self":[{"href":"https:\/\/mendozatours.com.ar\/pt\/wp-json\/wp\/v2\/product\/19855","targetHints":{"allow":["GET"]}}],"collection":[{"href":"https:\/\/mendozatours.com.ar\/pt\/wp-json\/wp\/v2\/product"}],"about":[{"href":"https:\/\/mendozatours.com.ar\/pt\/wp-json\/wp\/v2\/types\/product"}],"version-history":[{"count":4,"href":"https:\/\/mendozatours.com.ar\/pt\/wp-json\/wp\/v2\/product\/19855\/revisions"}],"predecessor-version":[{"id":19911,"href":"https:\/\/mendozatours.com.ar\/pt\/wp-json\/wp\/v2\/product\/19855\/revisions\/19911"}],"wp:featuredmedia":[{"embeddable":true,"href":"https:\/\/mendozatours.com.ar\/pt\/wp-json\/wp\/v2\/media\/7031"}],"wp:attachment":[{"href":"https:\/\/mendozatours.com.ar\/pt\/wp-json\/wp\/v2\/media?parent=19855"}],"wp:term":[{"taxonomy":"product_brand","embeddable":true,"href":"https:\/\/mendozatours.com.ar\/pt\/wp-json\/wp\/v2\/product_brand?post=19855"},{"taxonomy":"product_cat","embeddable":true,"href":"https:\/\/mendozatours.com.ar\/pt\/wp-json\/wp\/v2\/product_cat?post=19855"},{"taxonomy":"product_tag","embeddable":true,"href":"https:\/\/mendozatours.com.ar\/pt\/wp-json\/wp\/v2\/product_tag?post=19855"},{"taxonomy":"giftcard-category","embeddable":true,"href":"https:\/\/mendozatours.com.ar\/pt\/wp-json\/wp\/v2\/giftcard-category?post=19855"}],"curies":[{"name":"wp","href":"https:\/\/api.w.org\/{rel}","templated":true}]}}