{"id":19838,"date":"2026-04-01T11:04:54","date_gmt":"2026-04-01T14:04:54","guid":{"rendered":"https:\/\/mendozatours.com.ar\/?post_type=product&#038;p=19838"},"modified":"2026-04-01T13:02:34","modified_gmt":"2026-04-01T16:02:34","slug":"full-day-maipu-con-almuerzo-en-santa-julia","status":"publish","type":"product","link":"https:\/\/mendozatours.com.ar\/pt\/reserva\/full-day-maipu-con-almuerzo-en-santa-julia\/","title":{"rendered":"Full Day Maip\u00fa con almuerzo en Santa Julia"},"content":{"rendered":"<p>Vamos busc\u00e1-lo \u00e0s 8h30 e seguiremos de carro para nossa primeira visita com degusta\u00e7\u00e3o na vin\u00edcola Trapiche, na <a href=\"https:\/\/mendozatours.com.ar\/pt\/categoria\/vinhos\/vinhos-maipu\/\"><strong>Regi\u00e3o de Maip\u00fa<\/strong><\/a>Poderemos admirar sua constru\u00e7\u00e3o em estilo renascentista datada de 1912, considerada um dos \u00edcones da arquitetura vin\u00edcola argentina. A uma curta dist\u00e2ncia, visitaremos a vin\u00edcola Antigal, uma das mais antigas em produ\u00e7\u00e3o em Mendoza. Finalmente, almo\u00e7aremos no restaurante Pan &amp; Oliva da Bodega Santa Julia e terminaremos com um tour pela f\u00e1brica de azeite de oliva Almazara, onde descobriremos o processo de fabrica\u00e7\u00e3o do azeite de oliva, que est\u00e1 presente em todos os pratos do card\u00e1pio mediterr\u00e2neo do Pan &amp; Oliva.<\/p>","protected":false},"excerpt":{"rendered":"<p>Los pasamos a buscar a partir de las 8:30 a.m. y emprendemos viaje hacia nuestra primera visita con degustaci\u00f3n en bodega Trapiche en la regi\u00f3n de Maip\u00fa, donde podremos admirar su construcci\u00f3n de estilo renacentista que data del a\u00f1o 1912, considerado como uno de los \u00edconos de la arquitectura vitivin\u00edcola argentina. A poca distancia, visitamos [&hellip;]<\/p>","protected":false},"featured_media":3699,"template":"","meta":{"_joinchat":[]},"product_brand":[],"product_cat":[228],"product_tag":[],"giftcard-category":[],"class_list":{"0":"post-19838","1":"product","2":"type-product","3":"status-publish","4":"has-post-thumbnail","6":"product_cat-reservas","8":"first","9":"instock","10":"virtual","11":"sold-individually","12":"taxable","13":"purchasable","14":"product-type-booking"},"yoast_head":"<!-- This site is optimized with the Yoast SEO plugin v27.2 - https:\/\/yoast.com\/product\/yoast-seo-wordpress\/ -->\n<title>Full Day Maip\u00fa con almuerzo en Santa Julia - Mendoza Tours<\/title>\n<meta name=\"robots\" content=\"noindex, follow\" \/>\n<meta property=\"og:locale\" content=\"pt_BR\" \/>\n<meta property=\"og:type\" content=\"article\" \/>\n<meta property=\"og:title\" content=\"Full Day Maip\u00fa con almuerzo en Santa Julia - Mendoza Tours\" \/>\n<meta property=\"og:description\" content=\"Los pasamos a buscar a partir de las 8:30 a.m. y emprendemos viaje hacia nuestra primera visita con degustaci\u00f3n en bodega Trapiche en la regi\u00f3n de Maip\u00fa, donde podremos admirar su construcci\u00f3n de estilo renacentista que data del a\u00f1o 1912, considerado como uno de los \u00edconos de la arquitectura vitivin\u00edcola argentina. A poca distancia, visitamos [&hellip;]\" \/>\n<meta property=\"og:url\" content=\"https:\/\/mendozatours.com.ar\/pt\/reserva\/full-day-maipu-con-almuerzo-en-santa-julia\/\" \/>\n<meta property=\"og:site_name\" content=\"Mendoza Tours\" \/>\n<meta property=\"article:publisher\" content=\"https:\/\/www.facebook.com\/people\/Lauke-Mendoza-Tours\/100083604391080\/\" \/>\n<meta property=\"article:modified_time\" content=\"2026-04-01T16:02:34+00:00\" \/>\n<meta property=\"og:image\" content=\"https:\/\/mendozatours.com.ar\/wp-content\/uploads\/2023\/12\/cocina-panyoliva1.jpg\" \/>\n\t<meta property=\"og:image:width\" content=\"1000\" \/>\n\t<meta property=\"og:image:height\" content=\"673\" \/>\n\t<meta property=\"og:image:type\" content=\"image\/jpeg\" \/>\n<meta name=\"twitter:card\" content=\"summary_large_image\" \/>\n<!-- \/ Yoast SEO plugin. -->","yoast_head_json":{"title":"Full Day Maip\u00fa con almuerzo en Santa Julia - Mendoza Tours","robots":{"index":"noindex","follow":"follow"},"og_locale":"pt_BR","og_type":"article","og_title":"Full Day Maip\u00fa con almuerzo en Santa Julia - Mendoza Tours","og_description":"Los pasamos a buscar a partir de las 8:30 a.m. y emprendemos viaje hacia nuestra primera visita con degustaci\u00f3n en bodega Trapiche en la regi\u00f3n de Maip\u00fa, donde podremos admirar su construcci\u00f3n de estilo renacentista que data del a\u00f1o 1912, considerado como uno de los \u00edconos de la arquitectura vitivin\u00edcola argentina. A poca distancia, visitamos [&hellip;]","og_url":"https:\/\/mendozatours.com.ar\/pt\/reserva\/full-day-maipu-con-almuerzo-en-santa-julia\/","og_site_name":"Mendoza Tours","article_publisher":"https:\/\/www.facebook.com\/people\/Lauke-Mendoza-Tours\/100083604391080\/","article_modified_time":"2026-04-01T16:02:34+00:00","og_image":[{"width":1000,"height":673,"url":"https:\/\/mendozatours.com.ar\/wp-content\/uploads\/2023\/12\/cocina-panyoliva1.jpg","type":"image\/jpeg"}],"twitter_card":"summary_large_image","schema":{"@context":"https:\/\/schema.org","@graph":[{"@type":"WebPage","@id":"https:\/\/mendozatours.com.ar\/reserva\/full-day-maipu-con-almuerzo-en-santa-julia\/","url":"https:\/\/mendozatours.com.ar\/reserva\/full-day-maipu-con-almuerzo-en-santa-julia\/","name":"Full Day Maip\u00fa con almuerzo en Santa Julia - Mendoza Tours","isPartOf":{"@id":"https:\/\/mendozatours.com.ar\/#website"},"primaryImageOfPage":{"@id":"https:\/\/mendozatours.com.ar\/reserva\/full-day-maipu-con-almuerzo-en-santa-julia\/#primaryimage"},"image":{"@id":"https:\/\/mendozatours.com.ar\/reserva\/full-day-maipu-con-almuerzo-en-santa-julia\/#primaryimage"},"thumbnailUrl":"https:\/\/mendozatours.com.ar\/wp-content\/uploads\/2023\/12\/cocina-panyoliva1.jpg","datePublished":"2026-04-01T14:04:54+00:00","dateModified":"2026-04-01T16:02:34+00:00","breadcrumb":{"@id":"https:\/\/mendozatours.com.ar\/reserva\/full-day-maipu-con-almuerzo-en-santa-julia\/#breadcrumb"},"inLanguage":"pt-BR","potentialAction":[{"@type":"ReadAction","target":["https:\/\/mendozatours.com.ar\/reserva\/full-day-maipu-con-almuerzo-en-santa-julia\/"]}]},{"@type":"ImageObject","inLanguage":"pt-BR","@id":"https:\/\/mendozatours.com.ar\/reserva\/full-day-maipu-con-almuerzo-en-santa-julia\/#primaryimage","url":"https:\/\/mendozatours.com.ar\/wp-content\/uploads\/2023\/12\/cocina-panyoliva1.jpg","contentUrl":"https:\/\/mendozatours.com.ar\/wp-content\/uploads\/2023\/12\/cocina-panyoliva1.jpg","width":1000,"height":673},{"@type":"BreadcrumbList","@id":"https:\/\/mendozatours.com.ar\/reserva\/full-day-maipu-con-almuerzo-en-santa-julia\/#breadcrumb","itemListElement":[{"@type":"ListItem","position":1,"name":"Home","item":"https:\/\/mendozatours.com.ar\/"},{"@type":"ListItem","position":2,"name":"Productos","item":"https:\/\/mendozatours.com.ar\/tienda\/"},{"@type":"ListItem","position":3,"name":"Full Day Maip\u00fa con almuerzo en Santa Julia"}]},{"@type":"WebSite","@id":"https:\/\/mendozatours.com.ar\/#website","url":"https:\/\/mendozatours.com.ar\/","name":"Lauketours | Tours y actividades","description":"Excursiones en Mendoza","publisher":{"@id":"https:\/\/mendozatours.com.ar\/#organization"},"potentialAction":[{"@type":"SearchAction","target":{"@type":"EntryPoint","urlTemplate":"https:\/\/mendozatours.com.ar\/?s={search_term_string}"},"query-input":{"@type":"PropertyValueSpecification","valueRequired":true,"valueName":"search_term_string"}}],"inLanguage":"pt-BR"},{"@type":"Organization","@id":"https:\/\/mendozatours.com.ar\/#organization","name":"Mendoza Tours","url":"https:\/\/mendozatours.com.ar\/","logo":{"@type":"ImageObject","inLanguage":"pt-BR","@id":"https:\/\/mendozatours.com.ar\/#\/schema\/logo\/image\/","url":"https:\/\/mendozatours.com.ar\/wp-content\/uploads\/2024\/03\/logolaukevariante-pdf.png","contentUrl":"https:\/\/mendozatours.com.ar\/wp-content\/uploads\/2024\/03\/logolaukevariante-pdf.png","width":2160,"height":548,"caption":"Mendoza Tours"},"image":{"@id":"https:\/\/mendozatours.com.ar\/#\/schema\/logo\/image\/"},"sameAs":["https:\/\/www.facebook.com\/people\/Lauke-Mendoza-Tours\/100083604391080\/","https:\/\/www.instagram.com\/laukemendozatours\/"]}]}},"_links":{"self":[{"href":"https:\/\/mendozatours.com.ar\/pt\/wp-json\/wp\/v2\/product\/19838","targetHints":{"allow":["GET"]}}],"collection":[{"href":"https:\/\/mendozatours.com.ar\/pt\/wp-json\/wp\/v2\/product"}],"about":[{"href":"https:\/\/mendozatours.com.ar\/pt\/wp-json\/wp\/v2\/types\/product"}],"version-history":[{"count":2,"href":"https:\/\/mendozatours.com.ar\/pt\/wp-json\/wp\/v2\/product\/19838\/revisions"}],"predecessor-version":[{"id":19913,"href":"https:\/\/mendozatours.com.ar\/pt\/wp-json\/wp\/v2\/product\/19838\/revisions\/19913"}],"wp:featuredmedia":[{"embeddable":true,"href":"https:\/\/mendozatours.com.ar\/pt\/wp-json\/wp\/v2\/media\/3699"}],"wp:attachment":[{"href":"https:\/\/mendozatours.com.ar\/pt\/wp-json\/wp\/v2\/media?parent=19838"}],"wp:term":[{"taxonomy":"product_brand","embeddable":true,"href":"https:\/\/mendozatours.com.ar\/pt\/wp-json\/wp\/v2\/product_brand?post=19838"},{"taxonomy":"product_cat","embeddable":true,"href":"https:\/\/mendozatours.com.ar\/pt\/wp-json\/wp\/v2\/product_cat?post=19838"},{"taxonomy":"product_tag","embeddable":true,"href":"https:\/\/mendozatours.com.ar\/pt\/wp-json\/wp\/v2\/product_tag?post=19838"},{"taxonomy":"giftcard-category","embeddable":true,"href":"https:\/\/mendozatours.com.ar\/pt\/wp-json\/wp\/v2\/giftcard-category?post=19838"}],"curies":[{"name":"wp","href":"https:\/\/api.w.org\/{rel}","templated":true}]}}