{"id":19836,"date":"2026-04-01T10:45:06","date_gmt":"2026-04-01T13:45:06","guid":{"rendered":"https:\/\/mendozatours.com.ar\/?post_type=product&#038;p=19836"},"modified":"2026-04-01T13:07:00","modified_gmt":"2026-04-01T16:07:00","slug":"trekking-garganta-del-diablo-con-rappel-en-potrerillos","status":"publish","type":"product","link":"https:\/\/mendozatours.com.ar\/pt\/reserva\/trekking-garganta-del-diablo-con-rappel-en-potrerillos\/","title":{"rendered":"Trekking Garganta del Diablo con Rappel en Potrerillos"},"content":{"rendered":"<p>Embarque em uma emocionante caminhada pela deslumbrante Cordilheira dos Andes com nosso passeio de trekking Garganta del Diablo com rapel! Essa experi\u00eancia de duas horas e meia mergulha voc\u00ea na beleza natural da regi\u00e3o de Potrerillos.<\/p>\n<p>Tudo come\u00e7a em nossa base de opera\u00e7\u00f5es, de onde viajamos de \u00f4nibus para a \u00e1rea de trekking. Durante todo o trajeto, somos acompanhados por um guia especializado que fornece uma mochila com \u00e1gua, kit de primeiros socorros e barra de cereais. Al\u00e9m disso, voc\u00ea recebe o equipamento necess\u00e1rio para a emocionante descida de rapel em uma parede vertical de 18 metros com cordas, arn\u00eas p\u00e9lvico e capacete.<\/p>\n<p>\u00c0 medida que exploramos, o guia compartilha conhecimentos sobre a geografia, o clima, a hidrologia, a flora, a fauna e os detalhes locais, enriquecendo a experi\u00eancia com informa\u00e7\u00f5es sobre a regi\u00e3o. O rapel \u00e9 realizado a 1.700 metros acima do n\u00edvel do mar, oferecendo uma vista \u00fanica e uma experi\u00eancia emocionante e inesquec\u00edvel.<\/p>\n<p>Essa atividade \u00e9 ideal para os amantes da aventura e da natureza que desejam desafiar seus limites - reserve agora e prepare-se para um passeio sem igual!<\/p>","protected":false},"excerpt":{"rendered":"<p>\u00a1Emb\u00e1rcate en una emocionante traves\u00eda por la imponente Cordillera de los Andes con nuestro tour de trekking en Garganta del Diablo con rappel! Esta experiencia de dos horas y media te sumerge en la belleza natural de la zona de Potrerillos. Todo comienza en nuestra base de operaciones, desde donde nos trasladamos en bus hacia [&hellip;]<\/p>","protected":false},"featured_media":4024,"template":"","meta":{"_joinchat":[]},"product_brand":[],"product_cat":[228],"product_tag":[],"giftcard-category":[],"class_list":{"0":"post-19836","1":"product","2":"type-product","3":"status-publish","4":"has-post-thumbnail","6":"product_cat-reservas","8":"first","9":"instock","10":"virtual","11":"sold-individually","12":"taxable","13":"purchasable","14":"product-type-booking"},"yoast_head":"<!-- This site is optimized with the Yoast SEO plugin v27.2 - https:\/\/yoast.com\/product\/yoast-seo-wordpress\/ -->\n<title>Trekking Garganta del Diablo con Rappel en Potrerillos - Mendoza Tours<\/title>\n<meta name=\"robots\" content=\"noindex, follow\" \/>\n<meta property=\"og:locale\" content=\"pt_BR\" \/>\n<meta property=\"og:type\" content=\"article\" \/>\n<meta property=\"og:title\" content=\"Trekking Garganta del Diablo con Rappel en Potrerillos - Mendoza Tours\" \/>\n<meta property=\"og:description\" content=\"\u00a1Emb\u00e1rcate en una emocionante traves\u00eda por la imponente Cordillera de los Andes con nuestro tour de trekking en Garganta del Diablo con rappel! Esta experiencia de dos horas y media te sumerge en la belleza natural de la zona de Potrerillos. Todo comienza en nuestra base de operaciones, desde donde nos trasladamos en bus hacia [&hellip;]\" \/>\n<meta property=\"og:url\" content=\"https:\/\/mendozatours.com.ar\/pt\/reserva\/trekking-garganta-del-diablo-con-rappel-en-potrerillos\/\" \/>\n<meta property=\"og:site_name\" content=\"Mendoza Tours\" \/>\n<meta property=\"article:publisher\" content=\"https:\/\/www.facebook.com\/people\/Lauke-Mendoza-Tours\/100083604391080\/\" \/>\n<meta property=\"article:modified_time\" content=\"2026-04-01T16:07:00+00:00\" \/>\n<meta property=\"og:image\" content=\"https:\/\/mendozatours.com.ar\/wp-content\/uploads\/2023\/12\/Copia-de-Trekking-Garganta-del-Diablo-con-rapell-Argentina-Rafting-150-scaled.jpg\" \/>\n\t<meta property=\"og:image:width\" content=\"1961\" \/>\n\t<meta property=\"og:image:height\" content=\"2560\" \/>\n\t<meta property=\"og:image:type\" content=\"image\/jpeg\" \/>\n<meta name=\"twitter:card\" content=\"summary_large_image\" \/>\n<!-- \/ Yoast SEO plugin. -->","yoast_head_json":{"title":"Trekking Garganta del Diablo con Rappel en Potrerillos - Mendoza Tours","robots":{"index":"noindex","follow":"follow"},"og_locale":"pt_BR","og_type":"article","og_title":"Trekking Garganta del Diablo con Rappel en Potrerillos - Mendoza Tours","og_description":"\u00a1Emb\u00e1rcate en una emocionante traves\u00eda por la imponente Cordillera de los Andes con nuestro tour de trekking en Garganta del Diablo con rappel! Esta experiencia de dos horas y media te sumerge en la belleza natural de la zona de Potrerillos. Todo comienza en nuestra base de operaciones, desde donde nos trasladamos en bus hacia [&hellip;]","og_url":"https:\/\/mendozatours.com.ar\/pt\/reserva\/trekking-garganta-del-diablo-con-rappel-en-potrerillos\/","og_site_name":"Mendoza Tours","article_publisher":"https:\/\/www.facebook.com\/people\/Lauke-Mendoza-Tours\/100083604391080\/","article_modified_time":"2026-04-01T16:07:00+00:00","og_image":[{"width":1961,"height":2560,"url":"https:\/\/mendozatours.com.ar\/wp-content\/uploads\/2023\/12\/Copia-de-Trekking-Garganta-del-Diablo-con-rapell-Argentina-Rafting-150-scaled.jpg","type":"image\/jpeg"}],"twitter_card":"summary_large_image","schema":{"@context":"https:\/\/schema.org","@graph":[{"@type":"WebPage","@id":"https:\/\/mendozatours.com.ar\/reserva\/trekking-garganta-del-diablo-con-rappel-en-potrerillos\/","url":"https:\/\/mendozatours.com.ar\/reserva\/trekking-garganta-del-diablo-con-rappel-en-potrerillos\/","name":"Trekking Garganta del Diablo con Rappel en Potrerillos - Mendoza Tours","isPartOf":{"@id":"https:\/\/mendozatours.com.ar\/#website"},"primaryImageOfPage":{"@id":"https:\/\/mendozatours.com.ar\/reserva\/trekking-garganta-del-diablo-con-rappel-en-potrerillos\/#primaryimage"},"image":{"@id":"https:\/\/mendozatours.com.ar\/reserva\/trekking-garganta-del-diablo-con-rappel-en-potrerillos\/#primaryimage"},"thumbnailUrl":"https:\/\/mendozatours.com.ar\/wp-content\/uploads\/2023\/12\/Copia-de-Trekking-Garganta-del-Diablo-con-rapell-Argentina-Rafting-150-scaled.jpg","datePublished":"2026-04-01T13:45:06+00:00","dateModified":"2026-04-01T16:07:00+00:00","breadcrumb":{"@id":"https:\/\/mendozatours.com.ar\/reserva\/trekking-garganta-del-diablo-con-rappel-en-potrerillos\/#breadcrumb"},"inLanguage":"pt-BR","potentialAction":[{"@type":"ReadAction","target":["https:\/\/mendozatours.com.ar\/reserva\/trekking-garganta-del-diablo-con-rappel-en-potrerillos\/"]}]},{"@type":"ImageObject","inLanguage":"pt-BR","@id":"https:\/\/mendozatours.com.ar\/reserva\/trekking-garganta-del-diablo-con-rappel-en-potrerillos\/#primaryimage","url":"https:\/\/mendozatours.com.ar\/wp-content\/uploads\/2023\/12\/Copia-de-Trekking-Garganta-del-Diablo-con-rapell-Argentina-Rafting-150-scaled.jpg","contentUrl":"https:\/\/mendozatours.com.ar\/wp-content\/uploads\/2023\/12\/Copia-de-Trekking-Garganta-del-Diablo-con-rapell-Argentina-Rafting-150-scaled.jpg","width":1961,"height":2560},{"@type":"BreadcrumbList","@id":"https:\/\/mendozatours.com.ar\/reserva\/trekking-garganta-del-diablo-con-rappel-en-potrerillos\/#breadcrumb","itemListElement":[{"@type":"ListItem","position":1,"name":"Home","item":"https:\/\/mendozatours.com.ar\/"},{"@type":"ListItem","position":2,"name":"Productos","item":"https:\/\/mendozatours.com.ar\/tienda\/"},{"@type":"ListItem","position":3,"name":"Trekking Garganta del Diablo con Rappel en Potrerillos"}]},{"@type":"WebSite","@id":"https:\/\/mendozatours.com.ar\/#website","url":"https:\/\/mendozatours.com.ar\/","name":"Lauketours | Tours y actividades","description":"Excursiones en Mendoza","publisher":{"@id":"https:\/\/mendozatours.com.ar\/#organization"},"potentialAction":[{"@type":"SearchAction","target":{"@type":"EntryPoint","urlTemplate":"https:\/\/mendozatours.com.ar\/?s={search_term_string}"},"query-input":{"@type":"PropertyValueSpecification","valueRequired":true,"valueName":"search_term_string"}}],"inLanguage":"pt-BR"},{"@type":"Organization","@id":"https:\/\/mendozatours.com.ar\/#organization","name":"Mendoza Tours","url":"https:\/\/mendozatours.com.ar\/","logo":{"@type":"ImageObject","inLanguage":"pt-BR","@id":"https:\/\/mendozatours.com.ar\/#\/schema\/logo\/image\/","url":"https:\/\/mendozatours.com.ar\/wp-content\/uploads\/2024\/03\/logolaukevariante-pdf.png","contentUrl":"https:\/\/mendozatours.com.ar\/wp-content\/uploads\/2024\/03\/logolaukevariante-pdf.png","width":2160,"height":548,"caption":"Mendoza Tours"},"image":{"@id":"https:\/\/mendozatours.com.ar\/#\/schema\/logo\/image\/"},"sameAs":["https:\/\/www.facebook.com\/people\/Lauke-Mendoza-Tours\/100083604391080\/","https:\/\/www.instagram.com\/laukemendozatours\/"]}]}},"_links":{"self":[{"href":"https:\/\/mendozatours.com.ar\/pt\/wp-json\/wp\/v2\/product\/19836","targetHints":{"allow":["GET"]}}],"collection":[{"href":"https:\/\/mendozatours.com.ar\/pt\/wp-json\/wp\/v2\/product"}],"about":[{"href":"https:\/\/mendozatours.com.ar\/pt\/wp-json\/wp\/v2\/types\/product"}],"version-history":[{"count":1,"href":"https:\/\/mendozatours.com.ar\/pt\/wp-json\/wp\/v2\/product\/19836\/revisions"}],"predecessor-version":[{"id":19914,"href":"https:\/\/mendozatours.com.ar\/pt\/wp-json\/wp\/v2\/product\/19836\/revisions\/19914"}],"wp:featuredmedia":[{"embeddable":true,"href":"https:\/\/mendozatours.com.ar\/pt\/wp-json\/wp\/v2\/media\/4024"}],"wp:attachment":[{"href":"https:\/\/mendozatours.com.ar\/pt\/wp-json\/wp\/v2\/media?parent=19836"}],"wp:term":[{"taxonomy":"product_brand","embeddable":true,"href":"https:\/\/mendozatours.com.ar\/pt\/wp-json\/wp\/v2\/product_brand?post=19836"},{"taxonomy":"product_cat","embeddable":true,"href":"https:\/\/mendozatours.com.ar\/pt\/wp-json\/wp\/v2\/product_cat?post=19836"},{"taxonomy":"product_tag","embeddable":true,"href":"https:\/\/mendozatours.com.ar\/pt\/wp-json\/wp\/v2\/product_tag?post=19836"},{"taxonomy":"giftcard-category","embeddable":true,"href":"https:\/\/mendozatours.com.ar\/pt\/wp-json\/wp\/v2\/giftcard-category?post=19836"}],"curies":[{"name":"wp","href":"https:\/\/api.w.org\/{rel}","templated":true}]}}