{"id":19835,"date":"2026-04-01T10:33:26","date_gmt":"2026-04-01T13:33:26","guid":{"rendered":"https:\/\/mendozatours.com.ar\/?post_type=product&#038;p=19835"},"modified":"2026-04-01T13:03:06","modified_gmt":"2026-04-01T16:03:06","slug":"rafting-y-canopy-en-potrerillos","status":"publish","type":"product","link":"https:\/\/mendozatours.com.ar\/pt\/reserva\/rafting-y-canopy-en-potrerillos\/","title":{"rendered":"Rafting y Canopy en Potrerillos"},"content":{"rendered":"<p>Descubra um <a href=\"https:\/\/mendozatours.com.ar\/pt\/categoria\/aventura\/\">experi\u00eancia de aventura<\/a> em Potrerillos, Mendoza, ideal para quem busca adrenalina em meio \u00e0 majestosa <a href=\"https:\/\/mendozatours.com.ar\/pt\/passeios\/a-estrada-da-alta-montanha\/\">Cordilheira dos Andes<\/a>. O dia come\u00e7a \u00e0s 9h00 com o traslado para Potrerillos, uma viagem de 45 minutos at\u00e9 esse lugar famoso por sua paisagem de tirar o f\u00f4lego.<\/p>\n<p>Ao chegar \u00e0 nossa base, um guia profissional dar\u00e1 uma palestra introdut\u00f3ria sobre a seguran\u00e7a e as t\u00e9cnicas necess\u00e1rias para a realiza\u00e7\u00e3o do <a href=\"https:\/\/mendozatours.com.ar\/pt\/passeios\/rafting-de-meio-dia-em-potrerillos\/\">Rafting no rio Mendoza<\/a>. O circuito de rafting em Mendoza abrange 8 km de corredeiras, oferecendo uma experi\u00eancia emocionante e \u00fanica na regi\u00e3o.<\/p>\n<p>Ap\u00f3s a travessia do rio, voc\u00ea ter\u00e1 cerca de uma hora e meia para almo\u00e7ar, relaxar e explorar os arredores naturais da base. Para terminar o dia, h\u00e1 uma aventura no dossel em Potrerillos, uma atividade cheia de adrenalina. Esse passeio inclui um circuito de 1.400 metros dividido em seis cabos, atingindo alturas de at\u00e9 60 metros enquanto atravessa a montanha em um arn\u00eas de alta seguran\u00e7a.<\/p>","protected":false},"excerpt":{"rendered":"<p>Descubre una experiencia de aventura inigualable en Potrerillos, Mendoza, ideal para quienes buscan adrenalina en medio de la majestuosa Cordillera de los Andes. El d\u00eda comienza a las 9:00 a.m. con el traslado hacia Potrerillos, un recorrido de 45 minutos hacia este lugar famoso por sus paisajes impresionantes. Al llegar a nuestra base, un gu\u00eda [&hellip;]<\/p>","protected":false},"featured_media":4974,"template":"","meta":{"_joinchat":[]},"product_brand":[],"product_cat":[228],"product_tag":[],"giftcard-category":[],"class_list":{"0":"post-19835","1":"product","2":"type-product","3":"status-publish","4":"has-post-thumbnail","6":"product_cat-reservas","8":"first","9":"instock","10":"virtual","11":"sold-individually","12":"taxable","13":"purchasable","14":"product-type-booking"},"yoast_head":"<!-- This site is optimized with the Yoast SEO plugin v27.2 - https:\/\/yoast.com\/product\/yoast-seo-wordpress\/ -->\n<title>Rafting y Canopy en Potrerillos - Mendoza Tours<\/title>\n<meta name=\"robots\" content=\"noindex, follow\" \/>\n<meta property=\"og:locale\" content=\"pt_BR\" \/>\n<meta property=\"og:type\" content=\"article\" \/>\n<meta property=\"og:title\" content=\"Rafting y Canopy en Potrerillos - Mendoza Tours\" \/>\n<meta property=\"og:description\" content=\"Descubre una experiencia de aventura inigualable en Potrerillos, Mendoza, ideal para quienes buscan adrenalina en medio de la majestuosa Cordillera de los Andes. El d\u00eda comienza a las 9:00 a.m. con el traslado hacia Potrerillos, un recorrido de 45 minutos hacia este lugar famoso por sus paisajes impresionantes. Al llegar a nuestra base, un gu\u00eda [&hellip;]\" \/>\n<meta property=\"og:url\" content=\"https:\/\/mendozatours.com.ar\/pt\/reserva\/rafting-y-canopy-en-potrerillos\/\" \/>\n<meta property=\"og:site_name\" content=\"Mendoza Tours\" \/>\n<meta property=\"article:publisher\" content=\"https:\/\/www.facebook.com\/people\/Lauke-Mendoza-Tours\/100083604391080\/\" \/>\n<meta property=\"article:modified_time\" content=\"2026-04-01T16:03:06+00:00\" \/>\n<meta property=\"og:image\" content=\"https:\/\/mendozatours.com.ar\/wp-content\/uploads\/2024\/01\/Rafting-medio-dia-y-Canopy-con-cruce-por-el-rio-Mendoza1.jpg\" \/>\n\t<meta property=\"og:image:width\" content=\"1250\" \/>\n\t<meta property=\"og:image:height\" content=\"835\" \/>\n\t<meta property=\"og:image:type\" content=\"image\/jpeg\" \/>\n<meta name=\"twitter:card\" content=\"summary_large_image\" \/>\n<!-- \/ Yoast SEO plugin. -->","yoast_head_json":{"title":"Rafting y Canopy en Potrerillos - Mendoza Tours","robots":{"index":"noindex","follow":"follow"},"og_locale":"pt_BR","og_type":"article","og_title":"Rafting y Canopy en Potrerillos - Mendoza Tours","og_description":"Descubre una experiencia de aventura inigualable en Potrerillos, Mendoza, ideal para quienes buscan adrenalina en medio de la majestuosa Cordillera de los Andes. El d\u00eda comienza a las 9:00 a.m. con el traslado hacia Potrerillos, un recorrido de 45 minutos hacia este lugar famoso por sus paisajes impresionantes. Al llegar a nuestra base, un gu\u00eda [&hellip;]","og_url":"https:\/\/mendozatours.com.ar\/pt\/reserva\/rafting-y-canopy-en-potrerillos\/","og_site_name":"Mendoza Tours","article_publisher":"https:\/\/www.facebook.com\/people\/Lauke-Mendoza-Tours\/100083604391080\/","article_modified_time":"2026-04-01T16:03:06+00:00","og_image":[{"width":1250,"height":835,"url":"https:\/\/mendozatours.com.ar\/wp-content\/uploads\/2024\/01\/Rafting-medio-dia-y-Canopy-con-cruce-por-el-rio-Mendoza1.jpg","type":"image\/jpeg"}],"twitter_card":"summary_large_image","schema":{"@context":"https:\/\/schema.org","@graph":[{"@type":"WebPage","@id":"https:\/\/mendozatours.com.ar\/reserva\/rafting-y-canopy-en-potrerillos\/","url":"https:\/\/mendozatours.com.ar\/reserva\/rafting-y-canopy-en-potrerillos\/","name":"Rafting y Canopy en Potrerillos - Mendoza Tours","isPartOf":{"@id":"https:\/\/mendozatours.com.ar\/#website"},"primaryImageOfPage":{"@id":"https:\/\/mendozatours.com.ar\/reserva\/rafting-y-canopy-en-potrerillos\/#primaryimage"},"image":{"@id":"https:\/\/mendozatours.com.ar\/reserva\/rafting-y-canopy-en-potrerillos\/#primaryimage"},"thumbnailUrl":"https:\/\/mendozatours.com.ar\/wp-content\/uploads\/2024\/01\/Rafting-medio-dia-y-Canopy-con-cruce-por-el-rio-Mendoza1.jpg","datePublished":"2026-04-01T13:33:26+00:00","dateModified":"2026-04-01T16:03:06+00:00","breadcrumb":{"@id":"https:\/\/mendozatours.com.ar\/reserva\/rafting-y-canopy-en-potrerillos\/#breadcrumb"},"inLanguage":"pt-BR","potentialAction":[{"@type":"ReadAction","target":["https:\/\/mendozatours.com.ar\/reserva\/rafting-y-canopy-en-potrerillos\/"]}]},{"@type":"ImageObject","inLanguage":"pt-BR","@id":"https:\/\/mendozatours.com.ar\/reserva\/rafting-y-canopy-en-potrerillos\/#primaryimage","url":"https:\/\/mendozatours.com.ar\/wp-content\/uploads\/2024\/01\/Rafting-medio-dia-y-Canopy-con-cruce-por-el-rio-Mendoza1.jpg","contentUrl":"https:\/\/mendozatours.com.ar\/wp-content\/uploads\/2024\/01\/Rafting-medio-dia-y-Canopy-con-cruce-por-el-rio-Mendoza1.jpg","width":1250,"height":835},{"@type":"BreadcrumbList","@id":"https:\/\/mendozatours.com.ar\/reserva\/rafting-y-canopy-en-potrerillos\/#breadcrumb","itemListElement":[{"@type":"ListItem","position":1,"name":"Home","item":"https:\/\/mendozatours.com.ar\/"},{"@type":"ListItem","position":2,"name":"Productos","item":"https:\/\/mendozatours.com.ar\/tienda\/"},{"@type":"ListItem","position":3,"name":"Rafting y Canopy en Potrerillos"}]},{"@type":"WebSite","@id":"https:\/\/mendozatours.com.ar\/#website","url":"https:\/\/mendozatours.com.ar\/","name":"Lauketours | Tours y actividades","description":"Excursiones en Mendoza","publisher":{"@id":"https:\/\/mendozatours.com.ar\/#organization"},"potentialAction":[{"@type":"SearchAction","target":{"@type":"EntryPoint","urlTemplate":"https:\/\/mendozatours.com.ar\/?s={search_term_string}"},"query-input":{"@type":"PropertyValueSpecification","valueRequired":true,"valueName":"search_term_string"}}],"inLanguage":"pt-BR"},{"@type":"Organization","@id":"https:\/\/mendozatours.com.ar\/#organization","name":"Mendoza Tours","url":"https:\/\/mendozatours.com.ar\/","logo":{"@type":"ImageObject","inLanguage":"pt-BR","@id":"https:\/\/mendozatours.com.ar\/#\/schema\/logo\/image\/","url":"https:\/\/mendozatours.com.ar\/wp-content\/uploads\/2024\/03\/logolaukevariante-pdf.png","contentUrl":"https:\/\/mendozatours.com.ar\/wp-content\/uploads\/2024\/03\/logolaukevariante-pdf.png","width":2160,"height":548,"caption":"Mendoza Tours"},"image":{"@id":"https:\/\/mendozatours.com.ar\/#\/schema\/logo\/image\/"},"sameAs":["https:\/\/www.facebook.com\/people\/Lauke-Mendoza-Tours\/100083604391080\/","https:\/\/www.instagram.com\/laukemendozatours\/"]}]}},"_links":{"self":[{"href":"https:\/\/mendozatours.com.ar\/pt\/wp-json\/wp\/v2\/product\/19835","targetHints":{"allow":["GET"]}}],"collection":[{"href":"https:\/\/mendozatours.com.ar\/pt\/wp-json\/wp\/v2\/product"}],"about":[{"href":"https:\/\/mendozatours.com.ar\/pt\/wp-json\/wp\/v2\/types\/product"}],"version-history":[{"count":1,"href":"https:\/\/mendozatours.com.ar\/pt\/wp-json\/wp\/v2\/product\/19835\/revisions"}],"predecessor-version":[{"id":19916,"href":"https:\/\/mendozatours.com.ar\/pt\/wp-json\/wp\/v2\/product\/19835\/revisions\/19916"}],"wp:featuredmedia":[{"embeddable":true,"href":"https:\/\/mendozatours.com.ar\/pt\/wp-json\/wp\/v2\/media\/4974"}],"wp:attachment":[{"href":"https:\/\/mendozatours.com.ar\/pt\/wp-json\/wp\/v2\/media?parent=19835"}],"wp:term":[{"taxonomy":"product_brand","embeddable":true,"href":"https:\/\/mendozatours.com.ar\/pt\/wp-json\/wp\/v2\/product_brand?post=19835"},{"taxonomy":"product_cat","embeddable":true,"href":"https:\/\/mendozatours.com.ar\/pt\/wp-json\/wp\/v2\/product_cat?post=19835"},{"taxonomy":"product_tag","embeddable":true,"href":"https:\/\/mendozatours.com.ar\/pt\/wp-json\/wp\/v2\/product_tag?post=19835"},{"taxonomy":"giftcard-category","embeddable":true,"href":"https:\/\/mendozatours.com.ar\/pt\/wp-json\/wp\/v2\/giftcard-category?post=19835"}],"curies":[{"name":"wp","href":"https:\/\/api.w.org\/{rel}","templated":true}]}}