{"id":19833,"date":"2026-04-01T10:25:26","date_gmt":"2026-04-01T13:25:26","guid":{"rendered":"https:\/\/mendozatours.com.ar\/?post_type=product&#038;p=19833"},"modified":"2026-04-01T13:03:15","modified_gmt":"2026-04-01T16:03:15","slug":"rafting-en-potrerillos","status":"publish","type":"product","link":"https:\/\/mendozatours.com.ar\/pt\/reserva\/rafting-en-potrerillos\/","title":{"rendered":"Rafting en Potrerillos"},"content":{"rendered":"<p><span style=\"font-weight: 400;\">A partir das 9h00, vamos busc\u00e1-lo para come\u00e7ar essa emocionante viagem. <\/span><b>Passeio de Rafting de meio dia em Potrerillos. <\/b><span style=\"font-weight: 400;\">Depois de aproximadamente 45 minutos de carro, chegaremos a Potrerillos, uma cidade conhecida por suas vistas deslumbrantes da Cordilheira dos Andes. <\/span><span style=\"font-weight: 400;\">Uma vez na base, nosso guia dar\u00e1 uma palestra instrutiva sobre o manuseio e a seguran\u00e7a do <\/span><b>atividade de rafting<\/b><span style=\"font-weight: 400;\">. Ap\u00f3s essa apresenta\u00e7\u00e3o, seguimos para o topo da estrada e come\u00e7amos nosso <\/span><b>turn\u00ea <\/b><span style=\"font-weight: 400;\">surfe<\/span><b> pelo rio Mendoza<\/b><span style=\"font-weight: 400;\">cobrindo uma emocionante <strong>circuito de rafting<\/strong> que se estende por 8 km.<\/span><\/p>\n<p><span style=\"font-weight: 400;\">Esteja preparado para <\/span><b>explorar <\/b><span style=\"font-weight: 400;\">essa incr\u00edvel <\/span><a href=\"https:\/\/mendozatours.com.ar\/pt\/categoria\/aventura\/\"><b>aventura<\/b><\/a><b> pelo rio Mendoza<\/b><span style=\"font-weight: 400;\"> e viver o melhor <\/span><b>experi\u00eancia <\/b><span style=\"font-weight: 400;\">de <\/span><b>turismo <\/b><span style=\"font-weight: 400;\">de<\/span><b> rafting <\/b><span style=\"font-weight: 400;\">com <\/span><a href=\"https:\/\/mendozatours.com.ar\/pt\/\"><b>Passeios Lauke<\/b><\/a><b>.<\/b><\/p>","protected":false},"excerpt":{"rendered":"<p>A partir de las 9:00 a.m., nos encargamos de recogerlos para iniciar este emocionante tour de Rafting de Medio d\u00eda en Potrerillos. Despu\u00e9s de aproximadamente 45 minutos de viaje, llegamos a Potrerillos, una localidad conocida por sus impresionantes vistas a la Cordillera de los Andes. Una vez en la base, nuestro gu\u00eda ofrecer\u00e1 una charla [&hellip;]<\/p>","protected":false},"featured_media":3645,"template":"","meta":{"_joinchat":[]},"product_brand":[],"product_cat":[228],"product_tag":[],"giftcard-category":[],"class_list":{"0":"post-19833","1":"product","2":"type-product","3":"status-publish","4":"has-post-thumbnail","6":"product_cat-reservas","8":"first","9":"instock","10":"virtual","11":"sold-individually","12":"taxable","13":"purchasable","14":"product-type-booking"},"yoast_head":"<!-- This site is optimized with the Yoast SEO plugin v27.2 - https:\/\/yoast.com\/product\/yoast-seo-wordpress\/ -->\n<title>Rafting en Potrerillos - Mendoza Tours<\/title>\n<meta name=\"robots\" content=\"noindex, follow\" \/>\n<meta property=\"og:locale\" content=\"pt_BR\" \/>\n<meta property=\"og:type\" content=\"article\" \/>\n<meta property=\"og:title\" content=\"Rafting en Potrerillos - Mendoza Tours\" \/>\n<meta property=\"og:description\" content=\"A partir de las 9:00 a.m., nos encargamos de recogerlos para iniciar este emocionante tour de Rafting de Medio d\u00eda en Potrerillos. Despu\u00e9s de aproximadamente 45 minutos de viaje, llegamos a Potrerillos, una localidad conocida por sus impresionantes vistas a la Cordillera de los Andes. Una vez en la base, nuestro gu\u00eda ofrecer\u00e1 una charla [&hellip;]\" \/>\n<meta property=\"og:url\" content=\"https:\/\/mendozatours.com.ar\/pt\/reserva\/rafting-en-potrerillos\/\" \/>\n<meta property=\"og:site_name\" content=\"Mendoza Tours\" \/>\n<meta property=\"article:publisher\" content=\"https:\/\/www.facebook.com\/people\/Lauke-Mendoza-Tours\/100083604391080\/\" \/>\n<meta property=\"article:modified_time\" content=\"2026-04-01T16:03:15+00:00\" \/>\n<meta property=\"og:image\" content=\"https:\/\/mendozatours.com.ar\/wp-content\/uploads\/2023\/12\/Rafting-16-scaled.jpg\" \/>\n\t<meta property=\"og:image:width\" content=\"2560\" \/>\n\t<meta property=\"og:image:height\" content=\"1440\" \/>\n\t<meta property=\"og:image:type\" content=\"image\/jpeg\" \/>\n<meta name=\"twitter:card\" content=\"summary_large_image\" \/>\n<!-- \/ Yoast SEO plugin. -->","yoast_head_json":{"title":"Rafting en Potrerillos - Mendoza Tours","robots":{"index":"noindex","follow":"follow"},"og_locale":"pt_BR","og_type":"article","og_title":"Rafting en Potrerillos - Mendoza Tours","og_description":"A partir de las 9:00 a.m., nos encargamos de recogerlos para iniciar este emocionante tour de Rafting de Medio d\u00eda en Potrerillos. Despu\u00e9s de aproximadamente 45 minutos de viaje, llegamos a Potrerillos, una localidad conocida por sus impresionantes vistas a la Cordillera de los Andes. Una vez en la base, nuestro gu\u00eda ofrecer\u00e1 una charla [&hellip;]","og_url":"https:\/\/mendozatours.com.ar\/pt\/reserva\/rafting-en-potrerillos\/","og_site_name":"Mendoza Tours","article_publisher":"https:\/\/www.facebook.com\/people\/Lauke-Mendoza-Tours\/100083604391080\/","article_modified_time":"2026-04-01T16:03:15+00:00","og_image":[{"width":2560,"height":1440,"url":"https:\/\/mendozatours.com.ar\/wp-content\/uploads\/2023\/12\/Rafting-16-scaled.jpg","type":"image\/jpeg"}],"twitter_card":"summary_large_image","schema":{"@context":"https:\/\/schema.org","@graph":[{"@type":"WebPage","@id":"https:\/\/mendozatours.com.ar\/reserva\/rafting-en-potrerillos\/","url":"https:\/\/mendozatours.com.ar\/reserva\/rafting-en-potrerillos\/","name":"Rafting en Potrerillos - Mendoza Tours","isPartOf":{"@id":"https:\/\/mendozatours.com.ar\/#website"},"primaryImageOfPage":{"@id":"https:\/\/mendozatours.com.ar\/reserva\/rafting-en-potrerillos\/#primaryimage"},"image":{"@id":"https:\/\/mendozatours.com.ar\/reserva\/rafting-en-potrerillos\/#primaryimage"},"thumbnailUrl":"https:\/\/mendozatours.com.ar\/wp-content\/uploads\/2023\/12\/Rafting-16-scaled.jpg","datePublished":"2026-04-01T13:25:26+00:00","dateModified":"2026-04-01T16:03:15+00:00","breadcrumb":{"@id":"https:\/\/mendozatours.com.ar\/reserva\/rafting-en-potrerillos\/#breadcrumb"},"inLanguage":"pt-BR","potentialAction":[{"@type":"ReadAction","target":["https:\/\/mendozatours.com.ar\/reserva\/rafting-en-potrerillos\/"]}]},{"@type":"ImageObject","inLanguage":"pt-BR","@id":"https:\/\/mendozatours.com.ar\/reserva\/rafting-en-potrerillos\/#primaryimage","url":"https:\/\/mendozatours.com.ar\/wp-content\/uploads\/2023\/12\/Rafting-16-scaled.jpg","contentUrl":"https:\/\/mendozatours.com.ar\/wp-content\/uploads\/2023\/12\/Rafting-16-scaled.jpg","width":2560,"height":1440},{"@type":"BreadcrumbList","@id":"https:\/\/mendozatours.com.ar\/reserva\/rafting-en-potrerillos\/#breadcrumb","itemListElement":[{"@type":"ListItem","position":1,"name":"Home","item":"https:\/\/mendozatours.com.ar\/"},{"@type":"ListItem","position":2,"name":"Productos","item":"https:\/\/mendozatours.com.ar\/tienda\/"},{"@type":"ListItem","position":3,"name":"Rafting en Potrerillos"}]},{"@type":"WebSite","@id":"https:\/\/mendozatours.com.ar\/#website","url":"https:\/\/mendozatours.com.ar\/","name":"Lauketours | Tours y actividades","description":"Excursiones en Mendoza","publisher":{"@id":"https:\/\/mendozatours.com.ar\/#organization"},"potentialAction":[{"@type":"SearchAction","target":{"@type":"EntryPoint","urlTemplate":"https:\/\/mendozatours.com.ar\/?s={search_term_string}"},"query-input":{"@type":"PropertyValueSpecification","valueRequired":true,"valueName":"search_term_string"}}],"inLanguage":"pt-BR"},{"@type":"Organization","@id":"https:\/\/mendozatours.com.ar\/#organization","name":"Mendoza Tours","url":"https:\/\/mendozatours.com.ar\/","logo":{"@type":"ImageObject","inLanguage":"pt-BR","@id":"https:\/\/mendozatours.com.ar\/#\/schema\/logo\/image\/","url":"https:\/\/mendozatours.com.ar\/wp-content\/uploads\/2024\/03\/logolaukevariante-pdf.png","contentUrl":"https:\/\/mendozatours.com.ar\/wp-content\/uploads\/2024\/03\/logolaukevariante-pdf.png","width":2160,"height":548,"caption":"Mendoza Tours"},"image":{"@id":"https:\/\/mendozatours.com.ar\/#\/schema\/logo\/image\/"},"sameAs":["https:\/\/www.facebook.com\/people\/Lauke-Mendoza-Tours\/100083604391080\/","https:\/\/www.instagram.com\/laukemendozatours\/"]}]}},"_links":{"self":[{"href":"https:\/\/mendozatours.com.ar\/pt\/wp-json\/wp\/v2\/product\/19833","targetHints":{"allow":["GET"]}}],"collection":[{"href":"https:\/\/mendozatours.com.ar\/pt\/wp-json\/wp\/v2\/product"}],"about":[{"href":"https:\/\/mendozatours.com.ar\/pt\/wp-json\/wp\/v2\/types\/product"}],"version-history":[{"count":2,"href":"https:\/\/mendozatours.com.ar\/pt\/wp-json\/wp\/v2\/product\/19833\/revisions"}],"predecessor-version":[{"id":19918,"href":"https:\/\/mendozatours.com.ar\/pt\/wp-json\/wp\/v2\/product\/19833\/revisions\/19918"}],"wp:featuredmedia":[{"embeddable":true,"href":"https:\/\/mendozatours.com.ar\/pt\/wp-json\/wp\/v2\/media\/3645"}],"wp:attachment":[{"href":"https:\/\/mendozatours.com.ar\/pt\/wp-json\/wp\/v2\/media?parent=19833"}],"wp:term":[{"taxonomy":"product_brand","embeddable":true,"href":"https:\/\/mendozatours.com.ar\/pt\/wp-json\/wp\/v2\/product_brand?post=19833"},{"taxonomy":"product_cat","embeddable":true,"href":"https:\/\/mendozatours.com.ar\/pt\/wp-json\/wp\/v2\/product_cat?post=19833"},{"taxonomy":"product_tag","embeddable":true,"href":"https:\/\/mendozatours.com.ar\/pt\/wp-json\/wp\/v2\/product_tag?post=19833"},{"taxonomy":"giftcard-category","embeddable":true,"href":"https:\/\/mendozatours.com.ar\/pt\/wp-json\/wp\/v2\/giftcard-category?post=19833"}],"curies":[{"name":"wp","href":"https:\/\/api.w.org\/{rel}","templated":true}]}}