{"id":19828,"date":"2026-04-01T10:11:42","date_gmt":"2026-04-01T13:11:42","guid":{"rendered":"https:\/\/mendozatours.com.ar\/?post_type=product&#038;p=19828"},"modified":"2026-04-01T13:03:11","modified_gmt":"2026-04-01T16:03:11","slug":"alta-montana","status":"publish","type":"product","link":"https:\/\/mendozatours.com.ar\/pt\/reserva\/alta-montana\/","title":{"rendered":"Alta montanha"},"content":{"rendered":"<p>Come\u00e7amos nossa empolgante <strong>excurs\u00e3o<\/strong> pelo <b>Estrada da Alta Montanha a partir de Mendoza<\/b>Nossa viagem tur\u00edstica come\u00e7a ao longo da famosa Ruta Nacional N\u00b07. A primeira parada, depois de passar pelo t\u00fanel no vilarejo de Cacheuta, nos leva \u00e0 impressionante represa de Potrerillos, localizada na margem do rio. <b>Cordilheira dos Andes<\/b>O local \u00e9 um lugar de beleza c\u00eanica inesquec\u00edvel, onde voc\u00ea ter\u00e1 a oportunidade de tirar as melhores fotos com o <b>Picos altos<\/b> hist\u00f3rico.<\/p>\n<p>Continuamos nosso caminho rio acima, entrando na vila montanhosa de Uspallata. Esse lugar hist\u00f3rico foi o local da ocupa\u00e7\u00e3o ind\u00edgena Huarpe nos tempos pr\u00e9-hisp\u00e2nicos e marca a transi\u00e7\u00e3o entre os contrafortes e a cordilheira frontal. Faremos uma parada para o caf\u00e9 da manh\u00e3 em Uspallata e depois continuaremos nossa jornada por uma paisagem montanhosa que inclui os charmosos vilarejos de Picheuta, Polvaredas e Punta de Vacas, bem como a antiga esta\u00e7\u00e3o de esqui, Los Penitentes.<\/p>\n<p>Continuando nossa <a href=\"https:\/\/mendozatours.com.ar\/pt\/categoria\/grupo\/\"><strong>excurs\u00e3o em grupo<\/strong><\/a>A ic\u00f4nica Puente del Inca, um monumento natural de surpreendente beleza geol\u00f3gica, reconhecido como Patrim\u00f4nio Mundial pela UNESCO, est\u00e1 localizada alguns quil\u00f4metros adiante. Quil\u00f4metros mais adiante, voc\u00ea encontrar\u00e1 o mirante do <a href=\"https:\/\/mendozatours.com.ar\/pt\/categoria\/aconcagua\/\"><strong>Monte Aconc\u00e1gua<\/strong><\/a>A montanha mais alta da Am\u00e9rica depois do Himalaia.<\/p>\n<p>O <b>Passeio em High Mountain<\/b> A viagem termina na fronteira com o Chile, em Las Cuevas, um vilarejo charmoso constru\u00eddo em um estilo europeu distinto. Aqui, desfrutaremos de um delicioso almo\u00e7o Mendocino em um restaurante t\u00edpico de montanha.<\/p>\n<p><strong>Aviso importante!<\/strong> A temporada de neve come\u00e7ou na \u00e1rea de High Mountain, o que pode afetar nossa rota. \u00c9 poss\u00edvel que n\u00e3o consigamos concluir todo o itiner\u00e1rio ou que o acesso a determinadas \u00e1reas de alta altitude seja restrito. A excurs\u00e3o ainda ser\u00e1 realizada. Se n\u00e3o conseguirmos chegar a Las Cuevas, a dura\u00e7\u00e3o do passeio depender\u00e1 dos regulamentos da Vialidad e\/ou da Gendarmer\u00eda que controlam o acesso \u00e0 \u00e1rea. Caso o acesso a Las Cuevas n\u00e3o seja poss\u00edvel, almo\u00e7aremos em um restaurante em Uspallata.<\/p>","protected":false},"excerpt":{"rendered":"<p>Empezamos nuestra emocionante excursi\u00f3n por el Camino de Alta Monta\u00f1a desde Mendoza, recogiendo a los participantes en sus hoteles entre las 7:30 y 8:00 a.m. Nuestro viaje de turismo comienza por la famosa Ruta Nacional N\u00b07.La primera parada, luego de recorrer el t\u00fanel del pueblo de Cacheuta, nos lleva al impresionante dique Potrerillos ubicado sobre [&hellip;]<\/p>","protected":false},"featured_media":4103,"template":"","meta":{"_joinchat":[]},"product_brand":[],"product_cat":[228],"product_tag":[],"giftcard-category":[],"class_list":{"0":"post-19828","1":"product","2":"type-product","3":"status-publish","4":"has-post-thumbnail","6":"product_cat-reservas","8":"first","9":"instock","10":"virtual","11":"sold-individually","12":"taxable","13":"purchasable","14":"product-type-booking"},"yoast_head":"<!-- This site is optimized with the Yoast SEO plugin v27.2 - https:\/\/yoast.com\/product\/yoast-seo-wordpress\/ -->\n<title>Alta Monta\u00f1a - Mendoza Tours<\/title>\n<meta name=\"robots\" content=\"noindex, follow\" \/>\n<meta property=\"og:locale\" content=\"pt_BR\" \/>\n<meta property=\"og:type\" content=\"article\" \/>\n<meta property=\"og:title\" content=\"Alta Monta\u00f1a - Mendoza Tours\" \/>\n<meta property=\"og:description\" content=\"Empezamos nuestra emocionante excursi\u00f3n por el Camino de Alta Monta\u00f1a desde Mendoza, recogiendo a los participantes en sus hoteles entre las 7:30 y 8:00 a.m. Nuestro viaje de turismo comienza por la famosa Ruta Nacional N\u00b07.La primera parada, luego de recorrer el t\u00fanel del pueblo de Cacheuta, nos lleva al impresionante dique Potrerillos ubicado sobre [&hellip;]\" \/>\n<meta property=\"og:url\" content=\"https:\/\/mendozatours.com.ar\/pt\/reserva\/alta-montana\/\" \/>\n<meta property=\"og:site_name\" content=\"Mendoza Tours\" \/>\n<meta property=\"article:publisher\" content=\"https:\/\/www.facebook.com\/people\/Lauke-Mendoza-Tours\/100083604391080\/\" \/>\n<meta property=\"article:modified_time\" content=\"2026-04-01T16:03:11+00:00\" \/>\n<meta property=\"og:image\" content=\"https:\/\/mendozatours.com.ar\/wp-content\/uploads\/2023\/12\/TAM006-1.jpg\" \/>\n\t<meta property=\"og:image:width\" content=\"2500\" \/>\n\t<meta property=\"og:image:height\" content=\"1667\" \/>\n\t<meta property=\"og:image:type\" content=\"image\/jpeg\" \/>\n<meta name=\"twitter:card\" content=\"summary_large_image\" \/>\n<!-- \/ Yoast SEO plugin. -->","yoast_head_json":{"title":"Alta Monta\u00f1a - Mendoza Tours","robots":{"index":"noindex","follow":"follow"},"og_locale":"pt_BR","og_type":"article","og_title":"Alta Monta\u00f1a - Mendoza Tours","og_description":"Empezamos nuestra emocionante excursi\u00f3n por el Camino de Alta Monta\u00f1a desde Mendoza, recogiendo a los participantes en sus hoteles entre las 7:30 y 8:00 a.m. Nuestro viaje de turismo comienza por la famosa Ruta Nacional N\u00b07.La primera parada, luego de recorrer el t\u00fanel del pueblo de Cacheuta, nos lleva al impresionante dique Potrerillos ubicado sobre [&hellip;]","og_url":"https:\/\/mendozatours.com.ar\/pt\/reserva\/alta-montana\/","og_site_name":"Mendoza Tours","article_publisher":"https:\/\/www.facebook.com\/people\/Lauke-Mendoza-Tours\/100083604391080\/","article_modified_time":"2026-04-01T16:03:11+00:00","og_image":[{"width":2500,"height":1667,"url":"https:\/\/mendozatours.com.ar\/wp-content\/uploads\/2023\/12\/TAM006-1.jpg","type":"image\/jpeg"}],"twitter_card":"summary_large_image","schema":{"@context":"https:\/\/schema.org","@graph":[{"@type":"WebPage","@id":"https:\/\/mendozatours.com.ar\/reserva\/alta-montana\/","url":"https:\/\/mendozatours.com.ar\/reserva\/alta-montana\/","name":"Alta Monta\u00f1a - Mendoza Tours","isPartOf":{"@id":"https:\/\/mendozatours.com.ar\/#website"},"primaryImageOfPage":{"@id":"https:\/\/mendozatours.com.ar\/reserva\/alta-montana\/#primaryimage"},"image":{"@id":"https:\/\/mendozatours.com.ar\/reserva\/alta-montana\/#primaryimage"},"thumbnailUrl":"https:\/\/mendozatours.com.ar\/wp-content\/uploads\/2023\/12\/TAM006-1.jpg","datePublished":"2026-04-01T13:11:42+00:00","dateModified":"2026-04-01T16:03:11+00:00","breadcrumb":{"@id":"https:\/\/mendozatours.com.ar\/reserva\/alta-montana\/#breadcrumb"},"inLanguage":"pt-BR","potentialAction":[{"@type":"ReadAction","target":["https:\/\/mendozatours.com.ar\/reserva\/alta-montana\/"]}]},{"@type":"ImageObject","inLanguage":"pt-BR","@id":"https:\/\/mendozatours.com.ar\/reserva\/alta-montana\/#primaryimage","url":"https:\/\/mendozatours.com.ar\/wp-content\/uploads\/2023\/12\/TAM006-1.jpg","contentUrl":"https:\/\/mendozatours.com.ar\/wp-content\/uploads\/2023\/12\/TAM006-1.jpg","width":2500,"height":1667},{"@type":"BreadcrumbList","@id":"https:\/\/mendozatours.com.ar\/reserva\/alta-montana\/#breadcrumb","itemListElement":[{"@type":"ListItem","position":1,"name":"Home","item":"https:\/\/mendozatours.com.ar\/"},{"@type":"ListItem","position":2,"name":"Productos","item":"https:\/\/mendozatours.com.ar\/tienda\/"},{"@type":"ListItem","position":3,"name":"Alta Monta\u00f1a"}]},{"@type":"WebSite","@id":"https:\/\/mendozatours.com.ar\/#website","url":"https:\/\/mendozatours.com.ar\/","name":"Lauketours | Tours y actividades","description":"Excursiones en Mendoza","publisher":{"@id":"https:\/\/mendozatours.com.ar\/#organization"},"potentialAction":[{"@type":"SearchAction","target":{"@type":"EntryPoint","urlTemplate":"https:\/\/mendozatours.com.ar\/?s={search_term_string}"},"query-input":{"@type":"PropertyValueSpecification","valueRequired":true,"valueName":"search_term_string"}}],"inLanguage":"pt-BR"},{"@type":"Organization","@id":"https:\/\/mendozatours.com.ar\/#organization","name":"Mendoza Tours","url":"https:\/\/mendozatours.com.ar\/","logo":{"@type":"ImageObject","inLanguage":"pt-BR","@id":"https:\/\/mendozatours.com.ar\/#\/schema\/logo\/image\/","url":"https:\/\/mendozatours.com.ar\/wp-content\/uploads\/2024\/03\/logolaukevariante-pdf.png","contentUrl":"https:\/\/mendozatours.com.ar\/wp-content\/uploads\/2024\/03\/logolaukevariante-pdf.png","width":2160,"height":548,"caption":"Mendoza Tours"},"image":{"@id":"https:\/\/mendozatours.com.ar\/#\/schema\/logo\/image\/"},"sameAs":["https:\/\/www.facebook.com\/people\/Lauke-Mendoza-Tours\/100083604391080\/","https:\/\/www.instagram.com\/laukemendozatours\/"]}]}},"_links":{"self":[{"href":"https:\/\/mendozatours.com.ar\/pt\/wp-json\/wp\/v2\/product\/19828","targetHints":{"allow":["GET"]}}],"collection":[{"href":"https:\/\/mendozatours.com.ar\/pt\/wp-json\/wp\/v2\/product"}],"about":[{"href":"https:\/\/mendozatours.com.ar\/pt\/wp-json\/wp\/v2\/types\/product"}],"version-history":[{"count":3,"href":"https:\/\/mendozatours.com.ar\/pt\/wp-json\/wp\/v2\/product\/19828\/revisions"}],"predecessor-version":[{"id":19919,"href":"https:\/\/mendozatours.com.ar\/pt\/wp-json\/wp\/v2\/product\/19828\/revisions\/19919"}],"wp:featuredmedia":[{"embeddable":true,"href":"https:\/\/mendozatours.com.ar\/pt\/wp-json\/wp\/v2\/media\/4103"}],"wp:attachment":[{"href":"https:\/\/mendozatours.com.ar\/pt\/wp-json\/wp\/v2\/media?parent=19828"}],"wp:term":[{"taxonomy":"product_brand","embeddable":true,"href":"https:\/\/mendozatours.com.ar\/pt\/wp-json\/wp\/v2\/product_brand?post=19828"},{"taxonomy":"product_cat","embeddable":true,"href":"https:\/\/mendozatours.com.ar\/pt\/wp-json\/wp\/v2\/product_cat?post=19828"},{"taxonomy":"product_tag","embeddable":true,"href":"https:\/\/mendozatours.com.ar\/pt\/wp-json\/wp\/v2\/product_tag?post=19828"},{"taxonomy":"giftcard-category","embeddable":true,"href":"https:\/\/mendozatours.com.ar\/pt\/wp-json\/wp\/v2\/giftcard-category?post=19828"}],"curies":[{"name":"wp","href":"https:\/\/api.w.org\/{rel}","templated":true}]}}