{"id":18573,"date":"2026-01-15T11:04:38","date_gmt":"2026-01-15T14:04:38","guid":{"rendered":"https:\/\/mendozatours.com.ar\/?post_type=product&#038;p=18573"},"modified":"2026-04-29T18:06:26","modified_gmt":"2026-04-29T21:06:26","slug":"del-olivo-a-la-vid-descuento-especial","status":"publish","type":"product","link":"https:\/\/mendozatours.com.ar\/pt\/reserva\/del-olivo-a-la-vid-descuento-especial\/","title":{"rendered":"Del olivo a la vid &#8211; Descuento Especial"},"content":{"rendered":"<p>Descubre Maip\u00fa en un tour que combina la riqueza de sus vi\u00f1edos con la tradici\u00f3n de sus olivares. Esta experiencia es ideal para quienes buscan sumergirse en la cultura local de Mendoza.<\/p>\n<p>La jornada comienza en <strong>Pasrai Oliv\u00edcola<\/strong>, una reconocida oliv\u00edcola de la regi\u00f3n, donde se aprende sobre la producci\u00f3n de aceites extra virgen. Durante la visita, se realiza una degustaci\u00f3n de variedades acompa\u00f1adas de productos locales.<\/p>\n<p>Luego se visita <strong>Finca Agostino<\/strong>, una bodega familiar emblem\u00e1tica de Maip\u00fa. All\u00ed se disfruta de un almuerzo de pasos maridado con los vinos de la casa. Adem\u00e1s, se recorre la bodega y los vi\u00f1edos, aprendiendo sobre los procesos de vinificaci\u00f3n y la historia de esta finca, que refleja la tradici\u00f3n y la pasi\u00f3n por el vino en la regi\u00f3n.<\/p>\n<p>Este recorrido combina tradici\u00f3n, cultura y gastronom\u00eda, ofreciendo una experiencia \u00fanica que permite disfrutar plenamente de los aromas, sabores y paisajes de Maip\u00fa.<\/p>","protected":false},"excerpt":{"rendered":"<p>Descubre Maip\u00fa en un tour que combina la riqueza de sus vi\u00f1edos con la tradici\u00f3n de sus olivares. Esta experiencia es ideal para quienes buscan sumergirse en la cultura local de Mendoza. La jornada comienza en Pasrai Oliv\u00edcola, una reconocida oliv\u00edcola de la regi\u00f3n, donde se aprende sobre la producci\u00f3n de aceites extra virgen. Durante [&hellip;]<\/p>\n","protected":false},"featured_media":16067,"template":"","meta":{"_joinchat":[]},"product_brand":[],"product_cat":[228],"product_tag":[],"giftcard-category":[],"ubicaciones":[],"class_list":{"0":"post-18573","1":"product","2":"type-product","3":"status-publish","4":"has-post-thumbnail","6":"product_cat-reservas","8":"first","9":"instock","10":"virtual","11":"sold-individually","12":"taxable","13":"purchasable","14":"product-type-booking"},"yoast_head":"<!-- This site is optimized with the Yoast SEO plugin v27.3 - https:\/\/yoast.com\/product\/yoast-seo-wordpress\/ -->\n<title>Tour Del Olivo a la Vid - Descuento Especial | Lauke Tours<\/title>\n<meta name=\"description\" content=\"Reserva este tour Del Olivo a la Vid - Descuento Especial en Mendoza y descubre una experiencia pensada para conocer la provincia.\" \/>\n<meta name=\"robots\" content=\"noindex, follow\" \/>\n<meta property=\"og:locale\" content=\"pt_BR\" \/>\n<meta property=\"og:type\" content=\"article\" \/>\n<meta property=\"og:title\" content=\"Tour Del Olivo a la Vid - Descuento Especial | Lauke Tours\" \/>\n<meta property=\"og:description\" content=\"Reserva este tour Del Olivo a la Vid - Descuento Especial en Mendoza y descubre una experiencia pensada para conocer la provincia.\" \/>\n<meta property=\"og:url\" content=\"https:\/\/mendozatours.com.ar\/pt\/reserva\/del-olivo-a-la-vid-descuento-especial\/\" \/>\n<meta property=\"og:site_name\" content=\"Mendoza Tours\" \/>\n<meta property=\"article:publisher\" content=\"https:\/\/www.facebook.com\/Lauketours\/\" \/>\n<meta property=\"article:modified_time\" content=\"2026-04-29T21:06:26+00:00\" \/>\n<meta property=\"og:image\" content=\"https:\/\/mendozatours.com.ar\/wp-content\/uploads\/2025\/08\/Del-Olivo-a-la-Vid-Finca-Agostino-Lauke-Tours-scaled.jpg\" \/>\n\t<meta property=\"og:image:width\" content=\"2560\" \/>\n\t<meta property=\"og:image:height\" content=\"1594\" \/>\n\t<meta property=\"og:image:type\" content=\"image\/jpeg\" \/>\n<meta name=\"twitter:card\" content=\"summary_large_image\" \/>\n<!-- \/ Yoast SEO plugin. -->","yoast_head_json":{"title":"Tour Del Olivo a la Vid - Descuento Especial | Lauke Tours","description":"Reserva este tour Del Olivo a la Vid - Descuento Especial en Mendoza y descubre una experiencia pensada para conocer la provincia.","robots":{"index":"noindex","follow":"follow"},"og_locale":"pt_BR","og_type":"article","og_title":"Tour Del Olivo a la Vid - Descuento Especial | Lauke Tours","og_description":"Reserva este tour Del Olivo a la Vid - Descuento Especial en Mendoza y descubre una experiencia pensada para conocer la provincia.","og_url":"https:\/\/mendozatours.com.ar\/pt\/reserva\/del-olivo-a-la-vid-descuento-especial\/","og_site_name":"Mendoza Tours","article_publisher":"https:\/\/www.facebook.com\/Lauketours\/","article_modified_time":"2026-04-29T21:06:26+00:00","og_image":[{"width":2560,"height":1594,"url":"https:\/\/mendozatours.com.ar\/wp-content\/uploads\/2025\/08\/Del-Olivo-a-la-Vid-Finca-Agostino-Lauke-Tours-scaled.jpg","type":"image\/jpeg"}],"twitter_card":"summary_large_image","schema":{"@context":"https:\/\/schema.org","@graph":[{"@type":"WebPage","@id":"https:\/\/mendozatours.com.ar\/reserva\/del-olivo-a-la-vid-descuento-especial\/","url":"https:\/\/mendozatours.com.ar\/reserva\/del-olivo-a-la-vid-descuento-especial\/","name":"Tour Del Olivo a la Vid - Descuento Especial | Lauke Tours","isPartOf":{"@id":"https:\/\/mendozatours.com.ar\/#website"},"primaryImageOfPage":{"@id":"https:\/\/mendozatours.com.ar\/reserva\/del-olivo-a-la-vid-descuento-especial\/#primaryimage"},"image":{"@id":"https:\/\/mendozatours.com.ar\/reserva\/del-olivo-a-la-vid-descuento-especial\/#primaryimage"},"thumbnailUrl":"https:\/\/mendozatours.com.ar\/wp-content\/uploads\/2025\/08\/Del-Olivo-a-la-Vid-Finca-Agostino-Lauke-Tours-scaled.jpg","datePublished":"2026-01-15T14:04:38+00:00","dateModified":"2026-04-29T21:06:26+00:00","description":"Reserva este tour Del Olivo a la Vid - Descuento Especial en Mendoza y descubre una experiencia pensada para conocer la provincia.","breadcrumb":{"@id":"https:\/\/mendozatours.com.ar\/reserva\/del-olivo-a-la-vid-descuento-especial\/#breadcrumb"},"inLanguage":"pt-BR","potentialAction":[{"@type":"ReadAction","target":["https:\/\/mendozatours.com.ar\/reserva\/del-olivo-a-la-vid-descuento-especial\/"]}]},{"@type":"ImageObject","inLanguage":"pt-BR","@id":"https:\/\/mendozatours.com.ar\/reserva\/del-olivo-a-la-vid-descuento-especial\/#primaryimage","url":"https:\/\/mendozatours.com.ar\/wp-content\/uploads\/2025\/08\/Del-Olivo-a-la-Vid-Finca-Agostino-Lauke-Tours-scaled.jpg","contentUrl":"https:\/\/mendozatours.com.ar\/wp-content\/uploads\/2025\/08\/Del-Olivo-a-la-Vid-Finca-Agostino-Lauke-Tours-scaled.jpg","width":2560,"height":1594},{"@type":"BreadcrumbList","@id":"https:\/\/mendozatours.com.ar\/reserva\/del-olivo-a-la-vid-descuento-especial\/#breadcrumb","itemListElement":[{"@type":"ListItem","position":1,"name":"Home","item":"https:\/\/mendozatours.com.ar\/"},{"@type":"ListItem","position":2,"name":"Productos","item":"https:\/\/mendozatours.com.ar\/shop\/"},{"@type":"ListItem","position":3,"name":"Del olivo a la vid &#8211; Descuento Especial"}]},{"@type":"WebSite","@id":"https:\/\/mendozatours.com.ar\/#website","url":"https:\/\/mendozatours.com.ar\/","name":"Lauketours | Tours y actividades","description":"Excurs\u00f5es em Mendoza","publisher":{"@id":"https:\/\/mendozatours.com.ar\/#organization"},"alternateName":"Mendoza Tours","potentialAction":[{"@type":"SearchAction","target":{"@type":"EntryPoint","urlTemplate":"https:\/\/mendozatours.com.ar\/?s={search_term_string}"},"query-input":{"@type":"PropertyValueSpecification","valueRequired":true,"valueName":"search_term_string"}}],"inLanguage":"pt-BR"},{"@type":"Organization","@id":"https:\/\/mendozatours.com.ar\/#organization","name":"Passeios em Mendoza","alternateName":"Lauke Tours","url":"https:\/\/mendozatours.com.ar\/","logo":{"@type":"ImageObject","inLanguage":"pt-BR","@id":"https:\/\/mendozatours.com.ar\/#\/schema\/logo\/image\/","url":"https:\/\/mendozatours.com.ar\/wp-content\/uploads\/2024\/03\/logolaukevariante-pdf.png","contentUrl":"https:\/\/mendozatours.com.ar\/wp-content\/uploads\/2024\/03\/logolaukevariante-pdf.png","width":2160,"height":548,"caption":"Mendoza Tours"},"image":{"@id":"https:\/\/mendozatours.com.ar\/#\/schema\/logo\/image\/"},"sameAs":["https:\/\/www.facebook.com\/Lauketours\/","https:\/\/www.instagram.com\/lauke.tours\/","https:\/\/linktr.ee\/lauke.mendozatours"]}]}},"_links":{"self":[{"href":"https:\/\/mendozatours.com.ar\/pt\/wp-json\/wp\/v2\/product\/18573","targetHints":{"allow":["GET"]}}],"collection":[{"href":"https:\/\/mendozatours.com.ar\/pt\/wp-json\/wp\/v2\/product"}],"about":[{"href":"https:\/\/mendozatours.com.ar\/pt\/wp-json\/wp\/v2\/types\/product"}],"version-history":[{"count":2,"href":"https:\/\/mendozatours.com.ar\/pt\/wp-json\/wp\/v2\/product\/18573\/revisions"}],"predecessor-version":[{"id":20187,"href":"https:\/\/mendozatours.com.ar\/pt\/wp-json\/wp\/v2\/product\/18573\/revisions\/20187"}],"wp:featuredmedia":[{"embeddable":true,"href":"https:\/\/mendozatours.com.ar\/pt\/wp-json\/wp\/v2\/media\/16067"}],"wp:attachment":[{"href":"https:\/\/mendozatours.com.ar\/pt\/wp-json\/wp\/v2\/media?parent=18573"}],"wp:term":[{"taxonomy":"product_brand","embeddable":true,"href":"https:\/\/mendozatours.com.ar\/pt\/wp-json\/wp\/v2\/product_brand?post=18573"},{"taxonomy":"product_cat","embeddable":true,"href":"https:\/\/mendozatours.com.ar\/pt\/wp-json\/wp\/v2\/product_cat?post=18573"},{"taxonomy":"product_tag","embeddable":true,"href":"https:\/\/mendozatours.com.ar\/pt\/wp-json\/wp\/v2\/product_tag?post=18573"},{"taxonomy":"giftcard-category","embeddable":true,"href":"https:\/\/mendozatours.com.ar\/pt\/wp-json\/wp\/v2\/giftcard-category?post=18573"},{"taxonomy":"ubicaciones","embeddable":true,"href":"https:\/\/mendozatours.com.ar\/pt\/wp-json\/wp\/v2\/ubicaciones?post=18573"}],"curies":[{"name":"wp","href":"https:\/\/api.w.org\/{rel}","templated":true}]}}