{"id":10138,"date":"2024-09-11T10:25:45","date_gmt":"2024-09-11T13:25:45","guid":{"rendered":"https:\/\/mendozatours.com.ar\/?post_type=product&#038;p=10138"},"modified":"2026-05-12T11:03:39","modified_gmt":"2026-05-12T14:03:39","slug":"bodegas-medio-dia","status":"publish","type":"product","link":"https:\/\/mendozatours.com.ar\/pt\/tours\/bodegas-medio-dia\/","title":{"rendered":"Bodegas y aceitera medio d\u00eda"},"content":{"rendered":"<p>N\u00f3s o convidamos a descobrir a rica hist\u00f3ria de nosso emblem\u00e1tico malbec, aprendendo sobre enologia e desfrutando de belas paisagens na regi\u00e3o de <a href=\"https:\/\/mendozatours.com.ar\/pt\/categoria\/vinos\/vinos-maipu\/\"><strong>Maip\u00fa<\/strong><\/a>. N\u00f3s o buscaremos no hotel \u00e0s 14h00 para seguirmos em dire\u00e7\u00e3o a Maip\u00fa, uma regi\u00e3o conhecida por produzir alguns dos melhores vinhos e azeites do pa\u00eds. Acompanhados por nosso guia especializado em vinhos, visitaremos duas vin\u00edcolas, onde alguns dos destaques s\u00e3o Vistandes, Cavas de don Arturo, Domiciano, Florio e Cecchin. Al\u00e9m das vin\u00edcolas, visitaremos uma f\u00e1brica de azeite de oliva boutique, onde um guia nos mostrar\u00e1 como \u00e9 feito o azeite de oliva argentino, terminando com uma degusta\u00e7\u00e3o de diferentes azeites, vinagre bals\u00e2mico, pastas e v\u00e1rios tipos de azeitonas.<\/p>","protected":false},"excerpt":{"rendered":"<p>Los invitamos a descubrir la rica historia de nuestro emblem\u00e1tico malbec, aprendiendo sobre enolog\u00eda y disfrutando de hermosos paisajes en la regi\u00f3n de Maip\u00fa. Los recogemos por el hotel a partir de las 02:00 p.m. para dirigirnos hacia Maip\u00fa, una regi\u00f3n conocida por producir algunos de los mejores vinos y aceites del pa\u00eds. Acompa\u00f1ados por [&hellip;]<\/p>\n","protected":false},"featured_media":4330,"template":"","meta":{"_joinchat":[]},"product_brand":[],"product_cat":[270,272,275],"product_tag":[],"giftcard-category":[],"ubicaciones":[18,10,64],"class_list":{"0":"post-10138","1":"product","2":"type-product","3":"status-publish","4":"has-post-thumbnail","6":"product_cat-grupales","7":"product_cat-vinos","8":"product_cat-vinos-maipu","9":"ubicaciones-maipu","10":"ubicaciones-mendoza","11":"ubicaciones-mendoza-centro-alrededores","13":"first","14":"instock","15":"virtual","16":"sold-individually","17":"taxable","18":"purchasable","19":"product-type-booking"},"yoast_head":"<!-- This site is optimized with the Yoast SEO plugin v27.3 - https:\/\/yoast.com\/product\/yoast-seo-wordpress\/ -->\n<title>Tour Bodegas y Aceitera Medio D\u00eda | Lauke Tours<\/title>\n<meta name=\"description\" content=\"Reserva este tour Bodegas y Aceitera Medio D\u00eda en Maip\u00fa y disfruta bodegas, vinos y sabores locales.\" \/>\n<meta name=\"robots\" content=\"index, follow, max-snippet:-1, max-image-preview:large, max-video-preview:-1\" \/>\n<link rel=\"canonical\" href=\"https:\/\/mendozatours.com.ar\/pt\/tours\/bodegas-medio-dia\/\" \/>\n<meta property=\"og:locale\" content=\"pt_BR\" \/>\n<meta property=\"og:type\" content=\"article\" \/>\n<meta property=\"og:title\" content=\"Tour Bodegas y Aceitera Medio D\u00eda | Lauke Tours\" \/>\n<meta property=\"og:description\" content=\"Reserva este tour Bodegas y Aceitera Medio D\u00eda en Maip\u00fa y disfruta bodegas, vinos y sabores locales.\" \/>\n<meta property=\"og:url\" content=\"https:\/\/mendozatours.com.ar\/pt\/tours\/bodegas-medio-dia\/\" \/>\n<meta property=\"og:site_name\" content=\"Mendoza Tours\" \/>\n<meta property=\"article:publisher\" content=\"https:\/\/www.facebook.com\/Lauketours\/\" \/>\n<meta property=\"article:modified_time\" content=\"2026-05-12T14:03:39+00:00\" \/>\n<meta property=\"og:image\" content=\"https:\/\/mendozatours.com.ar\/wp-content\/uploads\/2023\/12\/tours-grupales...jpg\" \/>\n\t<meta property=\"og:image:width\" content=\"1172\" \/>\n\t<meta property=\"og:image:height\" content=\"782\" \/>\n\t<meta property=\"og:image:type\" content=\"image\/jpeg\" \/>\n<meta name=\"twitter:card\" content=\"summary_large_image\" \/>\n<!-- \/ Yoast SEO plugin. -->","yoast_head_json":{"title":"Tour Bodegas y Aceitera Medio D\u00eda | Lauke Tours","description":"Reserva este tour Bodegas y Aceitera Medio D\u00eda en Maip\u00fa y disfruta bodegas, vinos y sabores locales.","robots":{"index":"index","follow":"follow","max-snippet":"max-snippet:-1","max-image-preview":"max-image-preview:large","max-video-preview":"max-video-preview:-1"},"canonical":"https:\/\/mendozatours.com.ar\/pt\/tours\/bodegas-medio-dia\/","og_locale":"pt_BR","og_type":"article","og_title":"Tour Bodegas y Aceitera Medio D\u00eda | Lauke Tours","og_description":"Reserva este tour Bodegas y Aceitera Medio D\u00eda en Maip\u00fa y disfruta bodegas, vinos y sabores locales.","og_url":"https:\/\/mendozatours.com.ar\/pt\/tours\/bodegas-medio-dia\/","og_site_name":"Mendoza Tours","article_publisher":"https:\/\/www.facebook.com\/Lauketours\/","article_modified_time":"2026-05-12T14:03:39+00:00","og_image":[{"width":1172,"height":782,"url":"https:\/\/mendozatours.com.ar\/wp-content\/uploads\/2023\/12\/tours-grupales...jpg","type":"image\/jpeg"}],"twitter_card":"summary_large_image","schema":{"@context":"https:\/\/schema.org","@graph":[{"@type":"WebPage","@id":"https:\/\/mendozatours.com.ar\/tours\/bodegas-medio-dia\/","url":"https:\/\/mendozatours.com.ar\/tours\/bodegas-medio-dia\/","name":"Tour Bodegas y Aceitera Medio D\u00eda | Lauke Tours","isPartOf":{"@id":"https:\/\/mendozatours.com.ar\/#website"},"primaryImageOfPage":{"@id":"https:\/\/mendozatours.com.ar\/tours\/bodegas-medio-dia\/#primaryimage"},"image":{"@id":"https:\/\/mendozatours.com.ar\/tours\/bodegas-medio-dia\/#primaryimage"},"thumbnailUrl":"https:\/\/mendozatours.com.ar\/wp-content\/uploads\/2023\/12\/tours-grupales...jpg","datePublished":"2024-09-11T13:25:45+00:00","dateModified":"2026-05-12T14:03:39+00:00","description":"Reserva este tour Bodegas y Aceitera Medio D\u00eda en Maip\u00fa y disfruta bodegas, vinos y sabores locales.","breadcrumb":{"@id":"https:\/\/mendozatours.com.ar\/tours\/bodegas-medio-dia\/#breadcrumb"},"inLanguage":"pt-BR","potentialAction":[{"@type":"ReadAction","target":["https:\/\/mendozatours.com.ar\/tours\/bodegas-medio-dia\/"]}]},{"@type":"ImageObject","inLanguage":"pt-BR","@id":"https:\/\/mendozatours.com.ar\/tours\/bodegas-medio-dia\/#primaryimage","url":"https:\/\/mendozatours.com.ar\/wp-content\/uploads\/2023\/12\/tours-grupales...jpg","contentUrl":"https:\/\/mendozatours.com.ar\/wp-content\/uploads\/2023\/12\/tours-grupales...jpg","width":1172,"height":782},{"@type":"BreadcrumbList","@id":"https:\/\/mendozatours.com.ar\/tours\/bodegas-medio-dia\/#breadcrumb","itemListElement":[{"@type":"ListItem","position":1,"name":"Home","item":"https:\/\/mendozatours.com.ar\/"},{"@type":"ListItem","position":2,"name":"Productos","item":"https:\/\/mendozatours.com.ar\/shop\/"},{"@type":"ListItem","position":3,"name":"Bodegas y aceitera medio d\u00eda"}]},{"@type":"WebSite","@id":"https:\/\/mendozatours.com.ar\/#website","url":"https:\/\/mendozatours.com.ar\/","name":"Lauketours | Tours y actividades","description":"Excurs\u00f5es em Mendoza","publisher":{"@id":"https:\/\/mendozatours.com.ar\/#organization"},"alternateName":"Mendoza Tours","potentialAction":[{"@type":"SearchAction","target":{"@type":"EntryPoint","urlTemplate":"https:\/\/mendozatours.com.ar\/?s={search_term_string}"},"query-input":{"@type":"PropertyValueSpecification","valueRequired":true,"valueName":"search_term_string"}}],"inLanguage":"pt-BR"},{"@type":"Organization","@id":"https:\/\/mendozatours.com.ar\/#organization","name":"Passeios em Mendoza","alternateName":"Lauke Tours","url":"https:\/\/mendozatours.com.ar\/","logo":{"@type":"ImageObject","inLanguage":"pt-BR","@id":"https:\/\/mendozatours.com.ar\/#\/schema\/logo\/image\/","url":"https:\/\/mendozatours.com.ar\/wp-content\/uploads\/2024\/03\/logolaukevariante-pdf.png","contentUrl":"https:\/\/mendozatours.com.ar\/wp-content\/uploads\/2024\/03\/logolaukevariante-pdf.png","width":2160,"height":548,"caption":"Mendoza Tours"},"image":{"@id":"https:\/\/mendozatours.com.ar\/#\/schema\/logo\/image\/"},"sameAs":["https:\/\/www.facebook.com\/Lauketours\/","https:\/\/www.instagram.com\/lauke.tours\/","https:\/\/linktr.ee\/lauke.mendozatours"]}]}},"_links":{"self":[{"href":"https:\/\/mendozatours.com.ar\/pt\/wp-json\/wp\/v2\/product\/10138","targetHints":{"allow":["GET"]}}],"collection":[{"href":"https:\/\/mendozatours.com.ar\/pt\/wp-json\/wp\/v2\/product"}],"about":[{"href":"https:\/\/mendozatours.com.ar\/pt\/wp-json\/wp\/v2\/types\/product"}],"version-history":[{"count":5,"href":"https:\/\/mendozatours.com.ar\/pt\/wp-json\/wp\/v2\/product\/10138\/revisions"}],"predecessor-version":[{"id":19941,"href":"https:\/\/mendozatours.com.ar\/pt\/wp-json\/wp\/v2\/product\/10138\/revisions\/19941"}],"wp:featuredmedia":[{"embeddable":true,"href":"https:\/\/mendozatours.com.ar\/pt\/wp-json\/wp\/v2\/media\/4330"}],"wp:attachment":[{"href":"https:\/\/mendozatours.com.ar\/pt\/wp-json\/wp\/v2\/media?parent=10138"}],"wp:term":[{"taxonomy":"product_brand","embeddable":true,"href":"https:\/\/mendozatours.com.ar\/pt\/wp-json\/wp\/v2\/product_brand?post=10138"},{"taxonomy":"product_cat","embeddable":true,"href":"https:\/\/mendozatours.com.ar\/pt\/wp-json\/wp\/v2\/product_cat?post=10138"},{"taxonomy":"product_tag","embeddable":true,"href":"https:\/\/mendozatours.com.ar\/pt\/wp-json\/wp\/v2\/product_tag?post=10138"},{"taxonomy":"giftcard-category","embeddable":true,"href":"https:\/\/mendozatours.com.ar\/pt\/wp-json\/wp\/v2\/giftcard-category?post=10138"},{"taxonomy":"ubicaciones","embeddable":true,"href":"https:\/\/mendozatours.com.ar\/pt\/wp-json\/wp\/v2\/ubicaciones?post=10138"}],"curies":[{"name":"wp","href":"https:\/\/api.w.org\/{rel}","templated":true}]}}