{"id":5235,"date":"2024-03-08T12:11:25","date_gmt":"2024-03-08T12:11:25","guid":{"rendered":"http:\/\/adminlauke"},"modified":"2024-07-23T15:54:57","modified_gmt":"2024-07-23T18:54:57","slug":"politica-de-privacidad","status":"publish","type":"page","link":"https:\/\/mendozatours.com.ar\/pt\/politica-de-privacidad\/","title":{"rendered":"Pol\u00edtica de privacidad"},"content":{"rendered":"<div data-elementor-type=\"wp-page\" data-elementor-id=\"5235\" class=\"elementor elementor-5235\" data-elementor-post-type=\"page\">\n\t\t\t\t<div class=\"elementor-element elementor-element-1d2b79a2 e-flex e-con-boxed e-con e-parent\" data-id=\"1d2b79a2\" data-element_type=\"container\" data-e-type=\"container\" data-settings=\"{&quot;jet_parallax_layout_list&quot;:[]}\">\n\t\t\t\t\t<div class=\"e-con-inner\">\n\t\t\t\t<div class=\"elementor-element elementor-element-2ebf24a8 elementor-widget elementor-widget-text-editor\" data-id=\"2ebf24a8\" data-element_type=\"widget\" data-e-type=\"widget\" data-widget_type=\"text-editor.default\">\n\t\t\t\t\t\t\t\t\t\n<h1 class=\"wp-block-heading\">Pol\u00edtica de Privacidad para Lauke<\/h1>\n<p>En Lauke Tours y Actividades, accesible desde lauketours.com, una de nuestras principales prioridades es la privacidad de nuestros visitantes. Este documento de Pol\u00edtica de Privacidad contiene los tipos de informaci\u00f3n que se recopilan y registran por Lauke Tours y Actividades y c\u00f3mo la usamos.<\/p>\n<p>Si tiene preguntas adicionales o necesita m\u00e1s informaci\u00f3n sobre nuestra Pol\u00edtica de Privacidad, no dude en contactarnos.<\/p>\n<h2>Archivos de Registro<\/h2>\n<p>Lauke Tours y Actividades sigue un procedimiento est\u00e1ndar de uso de archivos de registro. Estos archivos registran a los visitantes cuando visitan sitios web. Todas las empresas de hosting hacen esto y es una parte del an\u00e1lisis de los servicios de hosting. La informaci\u00f3n recopilada por los archivos de registro incluye direcciones de protocolo de internet (IP), tipo de navegador, Proveedor de Servicios de Internet (ISP), fecha y hora, p\u00e1ginas de referencia\/salida y, posiblemente, el n\u00famero de clics. Estos no est\u00e1n vinculados a ninguna informaci\u00f3n que sea personalmente identificable. El prop\u00f3sito de la informaci\u00f3n es para analizar tendencias, administrar el sitio, rastrear el movimiento de los usuarios en el sitio web y recopilar informaci\u00f3n demogr\u00e1fica.<\/p>\n<h2>Cookies y Balizas Web<\/h2>\n<p>Como cualquier otro sitio web, Lauke Tours y Actividades utiliza &#8216;cookies&#8217;. Estas cookies se utilizan para almacenar informaci\u00f3n, incluyendo las preferencias de los visitantes y las p\u00e1ginas en el sitio web que el visitante accedi\u00f3 o visit\u00f3. La informaci\u00f3n se usa para optimizar la experiencia de los usuarios al personalizar el contenido de nuestra p\u00e1gina web seg\u00fan el tipo de navegador de los visitantes y\/o otra informaci\u00f3n.<\/p>\n<p>Para obtener m\u00e1s informaci\u00f3n general sobre las cookies, lea \u00ab\u00bfQu\u00e9 son las cookies?\u00bb de Cookie Consent.<\/p>\n<h2>Nuestros Socios Publicitarios<\/h2>\n<p>Algunos de los anunciantes en nuestro sitio pueden usar cookies y balizas web. Nuestros socios publicitarios se enumeran a continuaci\u00f3n. Cada uno de nuestros socios publicitarios tiene su propia Pol\u00edtica de Privacidad para sus pol\u00edticas sobre datos de usuario. Para un acceso m\u00e1s f\u00e1cil, hemos hipervinculado a sus Pol\u00edticas de Privacidad a continuaci\u00f3n.<\/p>\n<p>Google: https:\/\/policies.google.com\/technologies\/ads<br \/>Pol\u00edticas de Privacidad<\/p>\n<p>Puede consultar esta lista para encontrar la Pol\u00edtica de Privacidad de cada uno de los socios publicitarios de Lauke Tours y Actividades.<\/p>\n<p>Los servidores o redes publicitarias de terceros utilizan tecnolog\u00edas como cookies, JavaScript o balizas web que se utilizan en sus respectivos anuncios y enlaces que aparecen en Lauke Tours y Actividades, que se env\u00edan directamente al navegador de los usuarios. Ellos reciben autom\u00e1ticamente su direcci\u00f3n IP cuando esto ocurre. Estas tecnolog\u00edas se utilizan para medir la efectividad de sus campa\u00f1as publicitarias y\/o para personalizar el contenido publicitario que ve en los sitios web que visita.<\/p>\n<p>Tenga en cuenta que Lauke Tours y Actividades no tiene acceso ni control sobre estas cookies que son utilizadas por terceros anunciantes.<\/p>\n<h2>Pol\u00edticas de Privacidad de Terceros<\/h2>\n<p>La Pol\u00edtica de Privacidad de Lauke Tours y Actividades no se aplica a otros anunciantes o sitios web. Por lo tanto, le recomendamos que consulte las respectivas Pol\u00edticas de Privacidad de estos servidores de anuncios de terceros para obtener informaci\u00f3n m\u00e1s detallada. Puede incluir sus pr\u00e1cticas e instrucciones sobre c\u00f3mo optar por ciertas opciones.<\/p>\n<p>Puede optar por deshabilitar las cookies a trav\u00e9s de las opciones individuales de su navegador. Para obtener informaci\u00f3n m\u00e1s detallada sobre la gesti\u00f3n de cookies con navegadores web espec\u00edficos, se puede encontrar en los respectivos sitios web de los navegadores. \u00bfQu\u00e9 son las cookies?<\/p>\n<h2>Informaci\u00f3n para Ni\u00f1os<\/h2>\n<p>Otra parte de nuestra prioridad es agregar protecci\u00f3n para los ni\u00f1os mientras usan internet. Alentamos a los padres y tutores a observar, participar y\/o monitorear y guiar su actividad en l\u00ednea.<\/p>\n<p>Lauke Tours y Actividades no recopila conscientemente ninguna Informaci\u00f3n de Identificaci\u00f3n Personal de ni\u00f1os menores de 13 a\u00f1os. Si cree que su hijo proporcion\u00f3 este tipo de informaci\u00f3n en nuestro sitio web, le recomendamos encarecidamente que nos contacte de inmediato y haremos nuestros mejores esfuerzos para eliminar r\u00e1pidamente dicha informaci\u00f3n de nuestros registros.<\/p>\n<h2>Pol\u00edtica de Privacidad en L\u00ednea \u00danicamente<\/h2>\n<p>Esta Pol\u00edtica de Privacidad se aplica \u00fanicamente a nuestras actividades en l\u00ednea y es v\u00e1lida para los visitantes de nuestro sitio web con respecto a la informaci\u00f3n que compartieron y\/o recopilaron en Lauke Tours y Actividades. Esta pol\u00edtica no se aplica a ninguna informaci\u00f3n recopilada fuera de l\u00ednea o a trav\u00e9s de canales distintos de este sitio web.<\/p>\n<h2>Consentimiento<\/h2>\n<p>Al usar nuestro sitio web, usted consiente nuestra Pol\u00edtica de Privacidad y acepta sus T\u00e9rminos y Condiciones.<\/p>\n\t\t\t\t\t\t\t\t<\/div>\n\t\t\t\t\t<\/div>\n\t\t\t\t<\/div>\n\t\t\t\t<\/div>","protected":false},"excerpt":{"rendered":"<p>Pol\u00edtica de Privacidad para Lauke En Lauke Tours y Actividades, accesible desde lauketours.com, una de nuestras principales prioridades es la privacidad de nuestros visitantes. Este documento de Pol\u00edtica de Privacidad contiene los tipos de informaci\u00f3n que se recopilan y registran por Lauke Tours y Actividades y c\u00f3mo la usamos. Si tiene preguntas adicionales o necesita [&hellip;]<\/p>\n","protected":false},"author":15,"featured_media":0,"parent":0,"menu_order":0,"comment_status":"closed","ping_status":"closed","template":"","meta":{"_joinchat":[],"footnotes":""},"class_list":["post-5235","page","type-page","status-publish","hentry"],"yoast_head":"<!-- This site is optimized with the Yoast SEO plugin v27.3 - https:\/\/yoast.com\/product\/yoast-seo-wordpress\/ -->\n<title>Pol\u00edtica de privacidad - Mendoza Tours<\/title>\n<meta name=\"robots\" content=\"index, follow, max-snippet:-1, max-image-preview:large, max-video-preview:-1\" \/>\n<link rel=\"canonical\" href=\"https:\/\/mendozatours.com.ar\/pt\/politica-de-privacidad\/\" \/>\n<meta property=\"og:locale\" content=\"pt_BR\" \/>\n<meta property=\"og:type\" content=\"article\" \/>\n<meta property=\"og:title\" content=\"Pol\u00edtica de privacidad - Mendoza Tours\" \/>\n<meta property=\"og:description\" content=\"Pol\u00edtica de Privacidad para Lauke En Lauke Tours y Actividades, accesible desde lauketours.com, una de nuestras principales prioridades es la privacidad de nuestros visitantes. Este documento de Pol\u00edtica de Privacidad contiene los tipos de informaci\u00f3n que se recopilan y registran por Lauke Tours y Actividades y c\u00f3mo la usamos. Si tiene preguntas adicionales o necesita [&hellip;]\" \/>\n<meta property=\"og:url\" content=\"https:\/\/mendozatours.com.ar\/pt\/politica-de-privacidad\/\" \/>\n<meta property=\"og:site_name\" content=\"Mendoza Tours\" \/>\n<meta property=\"article:publisher\" content=\"https:\/\/www.facebook.com\/people\/Lauke-Mendoza-Tours\/100083604391080\/\" \/>\n<meta property=\"article:modified_time\" content=\"2024-07-23T18:54:57+00:00\" \/>\n<meta name=\"twitter:card\" content=\"summary_large_image\" \/>\n<!-- \/ Yoast SEO plugin. -->","yoast_head_json":{"title":"Pol\u00edtica de privacidad - Mendoza Tours","robots":{"index":"index","follow":"follow","max-snippet":"max-snippet:-1","max-image-preview":"max-image-preview:large","max-video-preview":"max-video-preview:-1"},"canonical":"https:\/\/mendozatours.com.ar\/pt\/politica-de-privacidad\/","og_locale":"pt_BR","og_type":"article","og_title":"Pol\u00edtica de privacidad - Mendoza Tours","og_description":"Pol\u00edtica de Privacidad para Lauke En Lauke Tours y Actividades, accesible desde lauketours.com, una de nuestras principales prioridades es la privacidad de nuestros visitantes. Este documento de Pol\u00edtica de Privacidad contiene los tipos de informaci\u00f3n que se recopilan y registran por Lauke Tours y Actividades y c\u00f3mo la usamos. Si tiene preguntas adicionales o necesita [&hellip;]","og_url":"https:\/\/mendozatours.com.ar\/pt\/politica-de-privacidad\/","og_site_name":"Mendoza Tours","article_publisher":"https:\/\/www.facebook.com\/people\/Lauke-Mendoza-Tours\/100083604391080\/","article_modified_time":"2024-07-23T18:54:57+00:00","twitter_card":"summary_large_image","schema":{"@context":"https:\/\/schema.org","@graph":[{"@type":"WebPage","@id":"https:\/\/mendozatours.com.ar\/pt\/politica-de-privacidad\/","url":"https:\/\/mendozatours.com.ar\/pt\/politica-de-privacidad\/","name":"Pol\u00edtica de privacidad - Mendoza Tours","isPartOf":{"@id":"https:\/\/mendozatours.com.ar\/#website"},"datePublished":"2024-03-08T12:11:25+00:00","dateModified":"2024-07-23T18:54:57+00:00","breadcrumb":{"@id":"https:\/\/mendozatours.com.ar\/pt\/politica-de-privacidad\/#breadcrumb"},"inLanguage":"pt-BR","potentialAction":[{"@type":"ReadAction","target":["https:\/\/mendozatours.com.ar\/pt\/politica-de-privacidad\/"]}]},{"@type":"BreadcrumbList","@id":"https:\/\/mendozatours.com.ar\/pt\/politica-de-privacidad\/#breadcrumb","itemListElement":[{"@type":"ListItem","position":1,"name":"Home","item":"https:\/\/mendozatours.com.ar\/"},{"@type":"ListItem","position":2,"name":"Pol\u00edtica de privacidad"}]},{"@type":"WebSite","@id":"https:\/\/mendozatours.com.ar\/#website","url":"https:\/\/mendozatours.com.ar\/","name":"Lauketours | Tours y actividades","description":"Excurs\u00f5es em Mendoza","publisher":{"@id":"https:\/\/mendozatours.com.ar\/#organization"},"potentialAction":[{"@type":"SearchAction","target":{"@type":"EntryPoint","urlTemplate":"https:\/\/mendozatours.com.ar\/?s={search_term_string}"},"query-input":{"@type":"PropertyValueSpecification","valueRequired":true,"valueName":"search_term_string"}}],"inLanguage":"pt-BR"},{"@type":"Organization","@id":"https:\/\/mendozatours.com.ar\/#organization","name":"Passeios em Mendoza","url":"https:\/\/mendozatours.com.ar\/","logo":{"@type":"ImageObject","inLanguage":"pt-BR","@id":"https:\/\/mendozatours.com.ar\/#\/schema\/logo\/image\/","url":"https:\/\/mendozatours.com.ar\/wp-content\/uploads\/2024\/03\/logolaukevariante-pdf.png","contentUrl":"https:\/\/mendozatours.com.ar\/wp-content\/uploads\/2024\/03\/logolaukevariante-pdf.png","width":2160,"height":548,"caption":"Mendoza Tours"},"image":{"@id":"https:\/\/mendozatours.com.ar\/#\/schema\/logo\/image\/"},"sameAs":["https:\/\/www.facebook.com\/people\/Lauke-Mendoza-Tours\/100083604391080\/","https:\/\/www.instagram.com\/laukemendozatours\/"]}]}},"_links":{"self":[{"href":"https:\/\/mendozatours.com.ar\/pt\/wp-json\/wp\/v2\/pages\/5235","targetHints":{"allow":["GET"]}}],"collection":[{"href":"https:\/\/mendozatours.com.ar\/pt\/wp-json\/wp\/v2\/pages"}],"about":[{"href":"https:\/\/mendozatours.com.ar\/pt\/wp-json\/wp\/v2\/types\/page"}],"author":[{"embeddable":true,"href":"https:\/\/mendozatours.com.ar\/pt\/wp-json\/wp\/v2\/users\/15"}],"replies":[{"embeddable":true,"href":"https:\/\/mendozatours.com.ar\/pt\/wp-json\/wp\/v2\/comments?post=5235"}],"version-history":[{"count":9,"href":"https:\/\/mendozatours.com.ar\/pt\/wp-json\/wp\/v2\/pages\/5235\/revisions"}],"predecessor-version":[{"id":9390,"href":"https:\/\/mendozatours.com.ar\/pt\/wp-json\/wp\/v2\/pages\/5235\/revisions\/9390"}],"wp:attachment":[{"href":"https:\/\/mendozatours.com.ar\/pt\/wp-json\/wp\/v2\/media?parent=5235"}],"curies":[{"name":"wp","href":"https:\/\/api.w.org\/{rel}","templated":true}]}}